{"id":1645,"date":"2021-11-05T08:46:50","date_gmt":"2021-11-05T08:46:50","guid":{"rendered":"https:\/\/garciacamara.com\/?page_id=1645"},"modified":"2023-04-11T09:24:03","modified_gmt":"2023-04-11T09:24:03","slug":"geschaeft","status":"publish","type":"page","link":"https:\/\/garciacamara.com\/de\/geschaeft\/","title":{"rendered":"Unternehmen"},"content":{"rendered":"\t\t<div data-elementor-type=\"wp-page\" data-elementor-id=\"1645\" class=\"elementor elementor-1645 elementor-148\" data-elementor-post-type=\"page\">\n\t\t\t\t\t\t<section class=\"elementor-section elementor-top-section elementor-element elementor-element-022d149 elementor-section-full_width elementor-section-height-default elementor-section-height-default\" data-id=\"022d149\" data-element_type=\"section\" data-settings=\"{&quot;background_background&quot;:&quot;classic&quot;}\">\n\t\t\t\t\t\t<div class=\"elementor-container elementor-column-gap-default\">\n\t\t\t\t\t<div class=\"elementor-column elementor-col-100 elementor-top-column elementor-element elementor-element-844a722\" data-id=\"844a722\" data-element_type=\"column\">\n\t\t\t<div class=\"elementor-widget-wrap elementor-element-populated\">\n\t\t\t\t\t\t<div class=\"elementor-element elementor-element-9e79e03 elementor-widget elementor-widget-spacer\" data-id=\"9e79e03\" data-element_type=\"widget\" data-widget_type=\"spacer.default\">\n\t\t\t\t<div class=\"elementor-widget-container\">\n\t\t\t\t\t\t\t<div class=\"elementor-spacer\">\n\t\t\t<div class=\"elementor-spacer-inner\"><\/div>\n\t\t<\/div>\n\t\t\t\t\t\t<\/div>\n\t\t\t\t<\/div>\n\t\t\t\t\t<\/div>\n\t\t<\/div>\n\t\t\t\t\t<\/div>\n\t\t<\/section>\n\t\t\t\t<section class=\"elementor-section elementor-top-section elementor-element elementor-element-a526ef2 elementor-section-boxed elementor-section-height-default elementor-section-height-default\" data-id=\"a526ef2\" data-element_type=\"section\">\n\t\t\t\t\t\t<div class=\"elementor-container elementor-column-gap-default\">\n\t\t\t\t\t<div class=\"elementor-column elementor-col-100 elementor-top-column elementor-element elementor-element-6ade122\" data-id=\"6ade122\" data-element_type=\"column\">\n\t\t\t<div class=\"elementor-widget-wrap elementor-element-populated\">\n\t\t\t\t\t\t<div class=\"elementor-element elementor-element-ef7ea24 elementor-widget elementor-widget-heading\" data-id=\"ef7ea24\" data-element_type=\"widget\" data-widget_type=\"heading.default\">\n\t\t\t\t<div class=\"elementor-widget-container\">\n\t\t\t\t\t<h2 class=\"elementor-heading-title elementor-size-default\">UNSER <b>UNTERNEHMEN<\/b><\/h2>\t\t\t\t<\/div>\n\t\t\t\t<\/div>\n\t\t\t\t<div class=\"elementor-element elementor-element-dea6fb2 elementor-widget elementor-widget-text-editor\" data-id=\"dea6fb2\" data-element_type=\"widget\" data-widget_type=\"text-editor.default\">\n\t\t\t\t<div class=\"elementor-widget-container\">\n\t\t\t\t\t\t\t\t\t<p class=\"p1\"><span class=\"s1\">Wir bei <strong><span class=\"garcia-blue\">GARC\u00cdA C\u00c1MARA<\/span><\/strong>\u00a0fertigen\u00a0<b>seit 1942<\/b> W\u00e4rmetauscher. Auch heute noch ist unser Gesch\u00e4ftsziel, unseren Kunden die bestm\u00f6gliche L\u00f6sung f\u00fcr die Herausforderungen eines sich st\u00e4ndig \u00e4ndernden und anspruchsvollen Marktes zu bieten. Daf\u00fcr verf\u00fcgen wir \u00fcber Maschinen neuester Technologie, \u00fcber modernste Betriebsanlagen mit \u00fcber 5000\u00a0m2 Fl\u00e4che und bester Anbindung an die neuralgischen Punkte der Region und insbesondere \u00fcber eine gro\u00dfartige, flexible und \u00e4u\u00dferst qualifizierte Belegschaft. All dies um den besten Service bieten zu k\u00f6nnen.<\/span><\/p><p class=\"p1\"><span class=\"s1\">Unser Anliegen war es schon immer, h\u00f6chste Qualit\u00e4t zu bieten, deshalb forschen, investieren und entwickeln wir neue Verfahren und Produkte.<\/span><\/p><p class=\"p1\"><span class=\"s1\"><strong><span class=\"garcia-blue\">GARC\u00cdA C\u00c1MARA<\/span><\/strong> ist f\u00fcr sein Qualit\u00e4tssystem mit der Norm ISO 9001 zertifiziert, das das Design, die Fertigung und die Vermarktung von W\u00e4rmetauschern ber\u00fccksichtigt.<\/span><\/p><p class=\"p1\"><span class=\"s1\">Ferner erf\u00fcllen die von <strong><span class=\"garcia-blue\">GARC\u00cdA C\u00c1MARA<\/span><\/strong>\u00a0gefertigten Produkte die folgenden Richtlinien:<\/span><\/p><p class=\"p1\"><span class=\"s1\">\u00b7\u00a0<b>2014\/35\/EU: Niederspannungsrichtlinie<\/b><\/span><\/p><p class=\"p1\"><span class=\"s1\">\u00b7\u00a0<b>2014\/30\/EU: Richtlinie \u00fcber die elektromagnetische Vertr\u00e4glichkeit<\/b><\/span><\/p><p class=\"p1\"><span class=\"s1\">\u00b7\u00a0<b>2014\/68\/EU: Richtlinie \u00fcber Druckger\u00e4te<\/b><\/span><\/p>\t\t\t\t\t\t\t\t<\/div>\n\t\t\t\t<\/div>\n\t\t\t\t<section class=\"elementor-section elementor-inner-section elementor-element elementor-element-f7844c2 elementor-section-boxed elementor-section-height-default elementor-section-height-default\" data-id=\"f7844c2\" data-element_type=\"section\">\n\t\t\t\t\t\t<div class=\"elementor-container elementor-column-gap-default\">\n\t\t\t\t\t<div class=\"elementor-column elementor-col-33 elementor-inner-column elementor-element elementor-element-aaf9a14\" data-id=\"aaf9a14\" data-element_type=\"column\">\n\t\t\t<div class=\"elementor-widget-wrap elementor-element-populated\">\n\t\t\t\t\t\t<div class=\"elementor-element elementor-element-c942592 elementor-widget elementor-widget-heading\" data-id=\"c942592\" data-element_type=\"widget\" data-widget_type=\"heading.default\">\n\t\t\t\t<div class=\"elementor-widget-container\">\n\t\t\t\t\t<h3 class=\"elementor-heading-title elementor-size-default\">Qualit\u00e4tszertifikat<\/h3>\t\t\t\t<\/div>\n\t\t\t\t<\/div>\n\t\t\t\t<div class=\"elementor-element elementor-element-7183276 elementor-widget elementor-widget-image\" data-id=\"7183276\" data-element_type=\"widget\" data-widget_type=\"image.default\">\n\t\t\t\t<div class=\"elementor-widget-container\">\n\t\t\t\t\t\t\t\t\t\t\t\t\t\t\t\t<a href=\"https:\/\/garciacamara.com\/wp-content\/uploads\/2023\/04\/CERTIFICADO_CALIDAD_EN.pdf\">\n\t\t\t\t\t\t\t<img decoding=\"async\" src=\"https:\/\/garciacamara.com\/wp-content\/uploads\/elementor\/thumbs\/Captura-de-pantalla-2023-04-11-a-las-11.21.15-q4um8jb6cq3hemrmi1asml2vom3ey8kt8a9kfspsii.png\" title=\"Captura de pantalla 2023-04-11 a las 11.21.15\" alt=\"Captura de pantalla 2023-04-11 a las 11.21.15\" loading=\"lazy\" \/>\t\t\t\t\t\t\t\t<\/a>\n\t\t\t\t\t\t\t\t\t\t\t\t\t\t\t<\/div>\n\t\t\t\t<\/div>\n\t\t\t\t\t<\/div>\n\t\t<\/div>\n\t\t\t\t<div class=\"elementor-column elementor-col-33 elementor-inner-column elementor-element elementor-element-63619c4\" data-id=\"63619c4\" data-element_type=\"column\">\n\t\t\t<div class=\"elementor-widget-wrap elementor-element-populated\">\n\t\t\t\t\t\t<div class=\"elementor-element elementor-element-5089d63 elementor-widget elementor-widget-heading\" data-id=\"5089d63\" data-element_type=\"widget\" data-widget_type=\"heading.default\">\n\t\t\t\t<div class=\"elementor-widget-container\">\n\t\t\t\t\t<h3 class=\"elementor-heading-title elementor-size-default\">GOST-Zertifikat<\/h3>\t\t\t\t<\/div>\n\t\t\t\t<\/div>\n\t\t\t\t<div class=\"elementor-element elementor-element-6a38477 elementor-widget elementor-widget-image\" data-id=\"6a38477\" data-element_type=\"widget\" data-widget_type=\"image.default\">\n\t\t\t\t<div class=\"elementor-widget-container\">\n\t\t\t\t\t\t\t\t\t\t\t\t\t\t\t\t<a href=\"\/wp-content\/uploads\/2021\/11\/certificados_gost.pdf\">\n\t\t\t\t\t\t\t<img decoding=\"async\" src=\"https:\/\/garciacamara.com\/wp-content\/uploads\/elementor\/thumbs\/certificado-gost-pl0v6vms6t6kroc3ac2peku5eo3rlwpt860w0zjreu.png\" title=\"certificado-gost\" alt=\"certificado-gost\" loading=\"lazy\" \/>\t\t\t\t\t\t\t\t<\/a>\n\t\t\t\t\t\t\t\t\t\t\t\t\t\t\t<\/div>\n\t\t\t\t<\/div>\n\t\t\t\t\t<\/div>\n\t\t<\/div>\n\t\t\t\t<div class=\"elementor-column elementor-col-33 elementor-inner-column elementor-element elementor-element-0dd868a\" data-id=\"0dd868a\" data-element_type=\"column\">\n\t\t\t<div class=\"elementor-widget-wrap elementor-element-populated\">\n\t\t\t\t\t\t<div class=\"elementor-element elementor-element-b65f715 elementor-widget elementor-widget-heading\" data-id=\"b65f715\" data-element_type=\"widget\" data-widget_type=\"heading.default\">\n\t\t\t\t<div class=\"elementor-widget-container\">\n\t\t\t\t\t<h3 class=\"elementor-heading-title elementor-size-default\">Qualit\u00e4tsrichtlinie<\/h3>\t\t\t\t<\/div>\n\t\t\t\t<\/div>\n\t\t\t\t<div class=\"elementor-element elementor-element-6a19027 elementor-widget elementor-widget-image\" data-id=\"6a19027\" data-element_type=\"widget\" data-widget_type=\"image.default\">\n\t\t\t\t<div class=\"elementor-widget-container\">\n\t\t\t\t\t\t\t\t\t\t\t\t\t\t\t\t<a href=\"\/wp-content\/uploads\/2021\/11\/I-CA-01.6_politica_calidad.pdf\">\n\t\t\t\t\t\t\t<img decoding=\"async\" src=\"https:\/\/garciacamara.com\/wp-content\/uploads\/elementor\/thumbs\/politica-calidad-pl0v6wkmdn7v3aaq4uhbz2lm01z4tltjkaodi9id96.png\" title=\"politica-calidad\" alt=\"politica-calidad\" loading=\"lazy\" \/>\t\t\t\t\t\t\t\t<\/a>\n\t\t\t\t\t\t\t\t\t\t\t\t\t\t\t<\/div>\n\t\t\t\t<\/div>\n\t\t\t\t\t<\/div>\n\t\t<\/div>\n\t\t\t\t\t<\/div>\n\t\t<\/section>\n\t\t\t\t\t<\/div>\n\t\t<\/div>\n\t\t\t\t\t<\/div>\n\t\t<\/section>\n\t\t\t\t<section class=\"elementor-section elementor-top-section elementor-element elementor-element-53cd544 elementor-section-boxed elementor-section-height-default elementor-section-height-default\" data-id=\"53cd544\" data-element_type=\"section\" data-settings=\"{&quot;background_background&quot;:&quot;classic&quot;}\">\n\t\t\t\t\t\t<div class=\"elementor-container elementor-column-gap-default\">\n\t\t\t\t\t<div class=\"elementor-column elementor-col-100 elementor-top-column elementor-element elementor-element-689bb7c\" data-id=\"689bb7c\" data-element_type=\"column\">\n\t\t\t<div class=\"elementor-widget-wrap elementor-element-populated\">\n\t\t\t\t\t\t<div class=\"elementor-element elementor-element-2ac9e0f elementor-widget elementor-widget-image\" data-id=\"2ac9e0f\" data-element_type=\"widget\" data-widget_type=\"image.default\">\n\t\t\t\t<div class=\"elementor-widget-container\">\n\t\t\t\t\t\t\t\t\t\t\t\t\t\t\t<img decoding=\"async\" width=\"360\" height=\"54\" src=\"https:\/\/garciacamara.com\/wp-content\/uploads\/2021\/11\/logos-garcia.png\" class=\"attachment-full size-full wp-image-1517\" alt=\"\" srcset=\"https:\/\/garciacamara.com\/wp-content\/uploads\/2021\/11\/logos-garcia.png 360w, https:\/\/garciacamara.com\/wp-content\/uploads\/2021\/11\/logos-garcia-300x45.png 300w\" sizes=\"(max-width: 360px) 100vw, 360px\" \/>\t\t\t\t\t\t\t\t\t\t\t\t\t\t\t<\/div>\n\t\t\t\t<\/div>\n\t\t\t\t\t<\/div>\n\t\t<\/div>\n\t\t\t\t\t<\/div>\n\t\t<\/section>\n\t\t\t\t<section class=\"elementor-section elementor-top-section elementor-element elementor-element-7b93f38 elementor-section-boxed elementor-section-height-default elementor-section-height-default\" data-id=\"7b93f38\" data-element_type=\"section\" data-settings=\"{&quot;background_background&quot;:&quot;classic&quot;}\">\n\t\t\t\t\t\t\t<div class=\"elementor-background-overlay\"><\/div>\n\t\t\t\t\t\t\t<div class=\"elementor-container elementor-column-gap-default\">\n\t\t\t\t\t<div class=\"elementor-column elementor-col-100 elementor-top-column elementor-element elementor-element-a5d1d10\" data-id=\"a5d1d10\" data-element_type=\"column\">\n\t\t\t<div class=\"elementor-widget-wrap elementor-element-populated\">\n\t\t\t\t\t\t<div class=\"elementor-element elementor-element-1183ad9 elementor-widget elementor-widget-text-editor\" data-id=\"1183ad9\" data-element_type=\"widget\" data-widget_type=\"text-editor.default\">\n\t\t\t\t<div class=\"elementor-widget-container\">\n\t\t\t\t\t\t\t\t\t<p><span class=\"s1\"><strong>GARC\u00cdA C\u00c1MARA<\/strong> blickt auf \u00fcber 80 Jahre Erfahrung in der Fertigung von W\u00e4rmetauschern seit 1942 zur\u00fcck. Unser Gesch\u00e4ftsziel ist es, unseren Kunden die bestm\u00f6gliche L\u00f6sung f\u00fcr die Herausforderungen eines sich st\u00e4ndig \u00e4ndernden und anspruchsvollen Marktes zu bieten.<\/span><\/p>\t\t\t\t\t\t\t\t<\/div>\n\t\t\t\t<\/div>\n\t\t\t\t\t<\/div>\n\t\t<\/div>\n\t\t\t\t\t<\/div>\n\t\t<\/section>\n\t\t\t\t<\/div>\n\t\t","protected":false},"excerpt":{"rendered":"<p>UNSER UNTERNEHMEN Wir bei GARC\u00cdA C\u00c1MARA\u00a0fertigen\u00a0seit 1942 W\u00e4rmetauscher. Auch heute noch ist unser Gesch\u00e4ftsziel, unseren Kunden die bestm\u00f6gliche L\u00f6sung f\u00fcr die Herausforderungen eines sich st\u00e4ndig \u00e4ndernden und anspruchsvollen Marktes zu bieten. Daf\u00fcr verf\u00fcgen wir \u00fcber Maschinen neuester Technologie, \u00fcber modernste Betriebsanlagen mit \u00fcber 5000\u00a0m2 Fl\u00e4che und bester Anbindung an die neuralgischen Punkte der Region und [&hellip;]<\/p>\n","protected":false},"author":1,"featured_media":0,"parent":0,"menu_order":0,"comment_status":"closed","ping_status":"closed","template":"elementor_header_footer","meta":{"inline_featured_image":false,"footnotes":""},"class_list":["post-1645","page","type-page","status-publish","hentry"],"yoast_head":"<!-- This site is optimized with the Yoast SEO plugin v25.8 - https:\/\/yoast.com\/wordpress\/plugins\/seo\/ -->\n<title>Unternehmen - Garc\u00eda C\u00e1mara<\/title>\n<meta name=\"robots\" content=\"index, follow, max-snippet:-1, max-image-preview:large, max-video-preview:-1\" \/>\n<link rel=\"canonical\" href=\"https:\/\/garciacamara.com\/empresa\/\" \/>\n<meta property=\"og:locale\" content=\"de_DE\" \/>\n<meta property=\"og:type\" content=\"article\" \/>\n<meta property=\"og:title\" content=\"Unternehmen - Garc\u00eda C\u00e1mara\" \/>\n<meta property=\"og:description\" content=\"UNSER UNTERNEHMEN Wir bei GARC\u00cdA C\u00c1MARA\u00a0fertigen\u00a0seit 1942 W\u00e4rmetauscher. Auch heute noch ist unser Gesch\u00e4ftsziel, unseren Kunden die bestm\u00f6gliche L\u00f6sung f\u00fcr die Herausforderungen eines sich st\u00e4ndig \u00e4ndernden und anspruchsvollen Marktes zu bieten. Daf\u00fcr verf\u00fcgen wir \u00fcber Maschinen neuester Technologie, \u00fcber modernste Betriebsanlagen mit \u00fcber 5000\u00a0m2 Fl\u00e4che und bester Anbindung an die neuralgischen Punkte der Region und [&hellip;]\" \/>\n<meta property=\"og:url\" content=\"https:\/\/garciacamara.com\/empresa\/\" \/>\n<meta property=\"og:site_name\" content=\"Garc\u00eda C\u00e1mara\" \/>\n<meta property=\"article:modified_time\" content=\"2023-04-11T09:24:03+00:00\" \/>\n<meta property=\"og:image\" content=\"https:\/\/garciacamara.com\/wp-content\/uploads\/elementor\/thumbs\/Captura-de-pantalla-2023-04-11-a-las-11.21.15-q4um8jb6cq3hemrmi1asml2vom3ey8kt8a9kfspsis.png\" \/>\n<meta name=\"twitter:card\" content=\"summary_large_image\" \/>\n<meta name=\"twitter:label1\" content=\"Gesch\u00e4tzte Lesezeit\" \/>\n\t<meta name=\"twitter:data1\" content=\"2\u00a0Minuten\" \/>\n<script type=\"application\/ld+json\" class=\"yoast-schema-graph\">{\"@context\":\"https:\/\/schema.org\",\"@graph\":[{\"@type\":\"WebPage\",\"@id\":\"https:\/\/garciacamara.com\/empresa\/\",\"url\":\"https:\/\/garciacamara.com\/empresa\/\",\"name\":\"Unternehmen - Garc\u00eda C\u00e1mara\",\"isPartOf\":{\"@id\":\"https:\/\/garciacamara.com\/#website\"},\"primaryImageOfPage\":{\"@id\":\"https:\/\/garciacamara.com\/empresa\/#primaryimage\"},\"image\":{\"@id\":\"https:\/\/garciacamara.com\/empresa\/#primaryimage\"},\"thumbnailUrl\":\"https:\/\/garciacamara.com\/wp-content\/uploads\/elementor\/thumbs\/Captura-de-pantalla-2023-04-11-a-las-11.21.15-q4um8jb6cq3hemrmi1asml2vom3ey8kt8a9kfspsis.png\",\"datePublished\":\"2021-11-05T08:46:50+00:00\",\"dateModified\":\"2023-04-11T09:24:03+00:00\",\"breadcrumb\":{\"@id\":\"https:\/\/garciacamara.com\/empresa\/#breadcrumb\"},\"inLanguage\":\"de\",\"potentialAction\":[{\"@type\":\"ReadAction\",\"target\":[\"https:\/\/garciacamara.com\/empresa\/\"]}]},{\"@type\":\"ImageObject\",\"inLanguage\":\"de\",\"@id\":\"https:\/\/garciacamara.com\/empresa\/#primaryimage\",\"url\":\"https:\/\/garciacamara.com\/wp-content\/uploads\/elementor\/thumbs\/Captura-de-pantalla-2023-04-11-a-las-11.21.15-q4um8jb6cq3hemrmi1asml2vom3ey8kt8a9kfspsis.png\",\"contentUrl\":\"https:\/\/garciacamara.com\/wp-content\/uploads\/elementor\/thumbs\/Captura-de-pantalla-2023-04-11-a-las-11.21.15-q4um8jb6cq3hemrmi1asml2vom3ey8kt8a9kfspsis.png\"},{\"@type\":\"BreadcrumbList\",\"@id\":\"https:\/\/garciacamara.com\/empresa\/#breadcrumb\",\"itemListElement\":[{\"@type\":\"ListItem\",\"position\":1,\"name\":\"Home\",\"item\":\"https:\/\/garciacamara.com\/\"},{\"@type\":\"ListItem\",\"position\":2,\"name\":\"Unternehmen\"}]},{\"@type\":\"WebSite\",\"@id\":\"https:\/\/garciacamara.com\/#website\",\"url\":\"https:\/\/garciacamara.com\/\",\"name\":\"Garc\u00eda C\u00e1mara\",\"description\":\"Fabricaci\u00f3n de intercambiadores de calor desde 1942.\",\"publisher\":{\"@id\":\"https:\/\/garciacamara.com\/#organization\"},\"potentialAction\":[{\"@type\":\"SearchAction\",\"target\":{\"@type\":\"EntryPoint\",\"urlTemplate\":\"https:\/\/garciacamara.com\/?s={search_term_string}\"},\"query-input\":{\"@type\":\"PropertyValueSpecification\",\"valueRequired\":true,\"valueName\":\"search_term_string\"}}],\"inLanguage\":\"de\"},{\"@type\":\"Organization\",\"@id\":\"https:\/\/garciacamara.com\/#organization\",\"name\":\"Garc\u00eda C\u00e1mara\",\"url\":\"https:\/\/garciacamara.com\/\",\"logo\":{\"@type\":\"ImageObject\",\"inLanguage\":\"de\",\"@id\":\"https:\/\/garciacamara.com\/#\/schema\/logo\/image\/\",\"url\":\"https:\/\/garciacamara.com\/wp-content\/uploads\/2022\/03\/logo-garcia-camara-gc-4.svg\",\"contentUrl\":\"https:\/\/garciacamara.com\/wp-content\/uploads\/2022\/03\/logo-garcia-camara-gc-4.svg\",\"width\":1,\"height\":1,\"caption\":\"Garc\u00eda C\u00e1mara\"},\"image\":{\"@id\":\"https:\/\/garciacamara.com\/#\/schema\/logo\/image\/\"}}]}<\/script>\n<!-- \/ Yoast SEO plugin. -->","yoast_head_json":{"title":"Unternehmen - Garc\u00eda C\u00e1mara","robots":{"index":"index","follow":"follow","max-snippet":"max-snippet:-1","max-image-preview":"max-image-preview:large","max-video-preview":"max-video-preview:-1"},"canonical":"https:\/\/garciacamara.com\/empresa\/","og_locale":"de_DE","og_type":"article","og_title":"Unternehmen - Garc\u00eda C\u00e1mara","og_description":"UNSER UNTERNEHMEN Wir bei GARC\u00cdA C\u00c1MARA\u00a0fertigen\u00a0seit 1942 W\u00e4rmetauscher. Auch heute noch ist unser Gesch\u00e4ftsziel, unseren Kunden die bestm\u00f6gliche L\u00f6sung f\u00fcr die Herausforderungen eines sich st\u00e4ndig \u00e4ndernden und anspruchsvollen Marktes zu bieten. Daf\u00fcr verf\u00fcgen wir \u00fcber Maschinen neuester Technologie, \u00fcber modernste Betriebsanlagen mit \u00fcber 5000\u00a0m2 Fl\u00e4che und bester Anbindung an die neuralgischen Punkte der Region und [&hellip;]","og_url":"https:\/\/garciacamara.com\/empresa\/","og_site_name":"Garc\u00eda C\u00e1mara","article_modified_time":"2023-04-11T09:24:03+00:00","og_image":[{"url":"https:\/\/garciacamara.com\/wp-content\/uploads\/elementor\/thumbs\/Captura-de-pantalla-2023-04-11-a-las-11.21.15-q4um8jb6cq3hemrmi1asml2vom3ey8kt8a9kfspsis.png","type":"","width":"","height":""}],"twitter_card":"summary_large_image","twitter_misc":{"Gesch\u00e4tzte Lesezeit":"2\u00a0Minuten"},"schema":{"@context":"https:\/\/schema.org","@graph":[{"@type":"WebPage","@id":"https:\/\/garciacamara.com\/empresa\/","url":"https:\/\/garciacamara.com\/empresa\/","name":"Unternehmen - Garc\u00eda C\u00e1mara","isPartOf":{"@id":"https:\/\/garciacamara.com\/#website"},"primaryImageOfPage":{"@id":"https:\/\/garciacamara.com\/empresa\/#primaryimage"},"image":{"@id":"https:\/\/garciacamara.com\/empresa\/#primaryimage"},"thumbnailUrl":"https:\/\/garciacamara.com\/wp-content\/uploads\/elementor\/thumbs\/Captura-de-pantalla-2023-04-11-a-las-11.21.15-q4um8jb6cq3hemrmi1asml2vom3ey8kt8a9kfspsis.png","datePublished":"2021-11-05T08:46:50+00:00","dateModified":"2023-04-11T09:24:03+00:00","breadcrumb":{"@id":"https:\/\/garciacamara.com\/empresa\/#breadcrumb"},"inLanguage":"de","potentialAction":[{"@type":"ReadAction","target":["https:\/\/garciacamara.com\/empresa\/"]}]},{"@type":"ImageObject","inLanguage":"de","@id":"https:\/\/garciacamara.com\/empresa\/#primaryimage","url":"https:\/\/garciacamara.com\/wp-content\/uploads\/elementor\/thumbs\/Captura-de-pantalla-2023-04-11-a-las-11.21.15-q4um8jb6cq3hemrmi1asml2vom3ey8kt8a9kfspsis.png","contentUrl":"https:\/\/garciacamara.com\/wp-content\/uploads\/elementor\/thumbs\/Captura-de-pantalla-2023-04-11-a-las-11.21.15-q4um8jb6cq3hemrmi1asml2vom3ey8kt8a9kfspsis.png"},{"@type":"BreadcrumbList","@id":"https:\/\/garciacamara.com\/empresa\/#breadcrumb","itemListElement":[{"@type":"ListItem","position":1,"name":"Home","item":"https:\/\/garciacamara.com\/"},{"@type":"ListItem","position":2,"name":"Unternehmen"}]},{"@type":"WebSite","@id":"https:\/\/garciacamara.com\/#website","url":"https:\/\/garciacamara.com\/","name":"Garc\u00eda C\u00e1mara","description":"Fabricaci\u00f3n de intercambiadores de calor desde 1942.","publisher":{"@id":"https:\/\/garciacamara.com\/#organization"},"potentialAction":[{"@type":"SearchAction","target":{"@type":"EntryPoint","urlTemplate":"https:\/\/garciacamara.com\/?s={search_term_string}"},"query-input":{"@type":"PropertyValueSpecification","valueRequired":true,"valueName":"search_term_string"}}],"inLanguage":"de"},{"@type":"Organization","@id":"https:\/\/garciacamara.com\/#organization","name":"Garc\u00eda C\u00e1mara","url":"https:\/\/garciacamara.com\/","logo":{"@type":"ImageObject","inLanguage":"de","@id":"https:\/\/garciacamara.com\/#\/schema\/logo\/image\/","url":"https:\/\/garciacamara.com\/wp-content\/uploads\/2022\/03\/logo-garcia-camara-gc-4.svg","contentUrl":"https:\/\/garciacamara.com\/wp-content\/uploads\/2022\/03\/logo-garcia-camara-gc-4.svg","width":1,"height":1,"caption":"Garc\u00eda C\u00e1mara"},"image":{"@id":"https:\/\/garciacamara.com\/#\/schema\/logo\/image\/"}}]}},"_links":{"self":[{"href":"https:\/\/garciacamara.com\/de\/wp-json\/wp\/v2\/pages\/1645","targetHints":{"allow":["GET"]}}],"collection":[{"href":"https:\/\/garciacamara.com\/de\/wp-json\/wp\/v2\/pages"}],"about":[{"href":"https:\/\/garciacamara.com\/de\/wp-json\/wp\/v2\/types\/page"}],"author":[{"embeddable":true,"href":"https:\/\/garciacamara.com\/de\/wp-json\/wp\/v2\/users\/1"}],"replies":[{"embeddable":true,"href":"https:\/\/garciacamara.com\/de\/wp-json\/wp\/v2\/comments?post=1645"}],"version-history":[{"count":14,"href":"https:\/\/garciacamara.com\/de\/wp-json\/wp\/v2\/pages\/1645\/revisions"}],"predecessor-version":[{"id":2767,"href":"https:\/\/garciacamara.com\/de\/wp-json\/wp\/v2\/pages\/1645\/revisions\/2767"}],"wp:attachment":[{"href":"https:\/\/garciacamara.com\/de\/wp-json\/wp\/v2\/media?parent=1645"}],"curies":[{"name":"wp","href":"https:\/\/api.w.org\/{rel}","templated":true}]}}