{"id":1665,"date":"2021-11-09T11:32:28","date_gmt":"2021-11-09T11:32:28","guid":{"rendered":"https:\/\/garciacamara.com\/?page_id=1665"},"modified":"2022-09-26T09:31:42","modified_gmt":"2022-09-26T09:31:42","slug":"datenschutz-bestimmungen","status":"publish","type":"page","link":"https:\/\/garciacamara.com\/de\/datenschutz-bestimmungen\/","title":{"rendered":"Datenschutz-Bestimmungen"},"content":{"rendered":"\t\t<div data-elementor-type=\"wp-page\" data-elementor-id=\"1665\" class=\"elementor elementor-1665 elementor-462\" data-elementor-post-type=\"page\">\n\t\t\t\t\t\t<section class=\"elementor-section elementor-top-section elementor-element elementor-element-022d149 elementor-section-full_width elementor-section-height-default elementor-section-height-default\" data-id=\"022d149\" data-element_type=\"section\" data-settings=\"{&quot;background_background&quot;:&quot;classic&quot;}\">\n\t\t\t\t\t\t<div class=\"elementor-container elementor-column-gap-default\">\n\t\t\t\t\t<div class=\"elementor-column elementor-col-100 elementor-top-column elementor-element elementor-element-844a722\" data-id=\"844a722\" data-element_type=\"column\">\n\t\t\t<div class=\"elementor-widget-wrap elementor-element-populated\">\n\t\t\t\t\t\t<div class=\"elementor-element elementor-element-9e79e03 elementor-widget elementor-widget-spacer\" data-id=\"9e79e03\" data-element_type=\"widget\" data-widget_type=\"spacer.default\">\n\t\t\t\t<div class=\"elementor-widget-container\">\n\t\t\t\t\t\t\t<div class=\"elementor-spacer\">\n\t\t\t<div class=\"elementor-spacer-inner\"><\/div>\n\t\t<\/div>\n\t\t\t\t\t\t<\/div>\n\t\t\t\t<\/div>\n\t\t\t\t\t<\/div>\n\t\t<\/div>\n\t\t\t\t\t<\/div>\n\t\t<\/section>\n\t\t\t\t<section class=\"elementor-section elementor-top-section elementor-element elementor-element-a526ef2 elementor-section-boxed elementor-section-height-default elementor-section-height-default\" data-id=\"a526ef2\" data-element_type=\"section\">\n\t\t\t\t\t\t<div class=\"elementor-container elementor-column-gap-default\">\n\t\t\t\t\t<div class=\"elementor-column elementor-col-100 elementor-top-column elementor-element elementor-element-6ade122\" data-id=\"6ade122\" data-element_type=\"column\">\n\t\t\t<div class=\"elementor-widget-wrap elementor-element-populated\">\n\t\t\t\t\t\t<div class=\"elementor-element elementor-element-ef7ea24 elementor-widget elementor-widget-heading\" data-id=\"ef7ea24\" data-element_type=\"widget\" data-widget_type=\"heading.default\">\n\t\t\t\t<div class=\"elementor-widget-container\">\n\t\t\t\t\t<h2 class=\"elementor-heading-title elementor-size-default\">Pol\u00edtica de privacidad<\/h2>\t\t\t\t<\/div>\n\t\t\t\t<\/div>\n\t\t\t\t<div class=\"elementor-element elementor-element-f0234a6 elementor-widget elementor-widget-text-editor\" data-id=\"f0234a6\" data-element_type=\"widget\" data-widget_type=\"text-editor.default\">\n\t\t\t\t<div class=\"elementor-widget-container\">\n\t\t\t\t\t\t\t\t\t<p><strong><u>Declaraci\u00f3n de privacidad extensa<\/u><\/strong><\/p><p><strong>\u00a0<\/strong><\/p><p><strong>\u00bfQUI\u00c9N ES EL RESPONSABLE DEL TRATAMIENTO DE SUS DATOS?<\/strong><\/p><p>Denominaci\u00f3n: <strong>GARCIA CAMARA S.L.<\/strong><\/p><p>C.I.F.\/N.I.F.: <strong>B46276135<\/strong><\/p><p>Domicilio Social: <strong>Pol\u00edgono industrial, de Marines s\/n. <\/strong><em>, <\/em><strong>46163 Marines ( Valencia)<\/strong><\/p><p>Inscrita en el Registro mercantil de de Valencia, Hoja V-23292, Folio 197, Tomo 4380, Secci\u00f3n .<\/p><p>Tel\u00e9fono: <strong>962724122<\/strong><\/p><p>Correo electr\u00f3nico: <strong>rrhh@garciacamara.com<\/strong><\/p><p><strong>\u00a0<\/strong><\/p><p><strong>\u00bfCON QU\u00c9 FINALIDAD TRATAMOS SUS DATOS PERSONALES? <\/strong><\/p><p>Conforme con lo dispuesto en el Reglamento UE 679\/2016 y en la Ley org\u00e1nica 3\/2018 de 5 de Diciembre de protecci\u00f3n de datos personales y garant\u00eda de los derechos digitales, le informamos de que los datos de car\u00e1cter personal que nos facilita y aquellos que se generan durante el desarrollo de relaci\u00f3n con usted, son tratados con las siguientes finalidades:<\/p><ul><li>atender las solicitudes que nos plantee<\/li><li>proporcionarle informaci\u00f3n acerca de los productos de GARCIA CAMARA S.L., consintiendo para ello, en el env\u00edo de comunicaciones comerciales por correo electr\u00f3nico o por cualquier otro medio de comunicaci\u00f3n electr\u00f3nica equivalente (como SMS) que nos haya facilitado.<\/li><li>Permitir su participaci\u00f3n en sorteos y o promociones comerciales<\/li><li>Si nos remite un Curriculum, que su candidatura sea valorada en la realizaci\u00f3n de procesos de selecci\u00f3n de personal.<\/li><li>El env\u00edo de comunicaciones por cualquier medio que nos haya facilitado, relacionadas con las actividades desarrolladas por la entidad y que pudieran ser de su inter\u00e9s.<\/li><li>La respuesta a consultas, reclamaciones y sugerencias, y la realizaci\u00f3n de todo tipo de acciones de comunicaci\u00f3n.<\/li><li>La gesti\u00f3n contable, fiscal y administrativa de la entidad.<\/li><\/ul><p>\u00a0<\/p><p><strong>Cu\u00e1nto tiempo conservaremos sus datos? <\/strong><\/p><p>Los datos personales proporcionados se conservar\u00e1n mientras no se solicite su supresi\u00f3n por la persona interesada, o quien legalmente act\u00fae como su representante legal y \u00e9sta proceda, y mientras sean necesarios -incluyendo la necesidad de conservarlos durante los plazos de prescripci\u00f3n aplicables- o pertinentes para la finalidad para la cual hubieran sido recabados o registrados.<\/p><p>\u00a0<\/p><p>La conservaci\u00f3n de los datos estar\u00e1 condicionada a la obligaci\u00f3n legal que GARCIA CAMARA S.L. tenga de conservarlos. Superados esos plazos los datos ser\u00e1n destruidos o borrados, realiz\u00e1ndose la supresi\u00f3n, eliminaci\u00f3n o destrucci\u00f3n de modo que la informaci\u00f3n contenida en los soportes no sea recuperable.<\/p><p>\u00a0<\/p><p><strong>Legitimaci\u00f3n<\/strong><\/p><p>La base legal del tratamiento de sus datos es el consentimiento prestado por parte de la persona interesada. Este se obtiene de modo expreso e inequ\u00edvoco mediante la cumplimentaci\u00f3n y en su caso env\u00edo de los documentos y formularios en papel o electr\u00f3nicos en los que se recopilen sus datos. En todos los documentos de la entidad, que se usan para recoger datos para los diferentes usos, existen clausulas informativas de conformidad con lo establecido en la normativa de protecci\u00f3n de datos y el consentimiento se manifiesta de modo expreso mediante la firma por parte de la persona interesada, o el env\u00edo de los formularios existentes en la p\u00e1gina web.<\/p><p>Es tambi\u00e9n causa de legitimaci\u00f3n el tratamiento cuando este sea necesario para la ejecuci\u00f3n de un contrato, o la prestaci\u00f3n de un servicio de los que se prestan a las personas interesadas, en el que estas sean parte, o para la aplicaci\u00f3n a petici\u00f3n de las mismas de medidas precontractuales (art. 6.1.a y b RGPD).<\/p><p>GARCIA CAMARA S.L. tambi\u00e9n legitimada para tratar sus datos para cumplir con las obligaciones legales a que est\u00e1 sujeta y para la satisfacci\u00f3n de inter\u00e9s leg\u00edtimos, siempre que sobre estos no prevalezcan los intereses o los derechos fundamentales de las personas interesadas.<\/p><p>Sea cual sea la causa de legitimaci\u00f3n, el consentimiento puede ser revocado en cualquier momento.<\/p><p>\u00a0<\/p><p><strong>\u00bfA qu\u00e9 destinatarios se comunicar\u00e1n sus datos?<\/strong><\/p><p>Sus datos no se ceder\u00e1n a ninguna entidad sin su consentimiento salvo las cesiones previstas legalmente, en este sentido se solicitar\u00e1 su consentimiento expreso para la cesi\u00f3n de sus datos a cualquier otra entidad.<\/p><p>Como consecuencia de la gesti\u00f3n de las finalidades autorizadas sus datos podr\u00e1n ser comunicados a entidades o personas directamente relacionadas con GARCIA CAMARA S.L. y con los servicios prestados por la misma. Asimismo, su informaci\u00f3n personal estar\u00e1 a disposici\u00f3n de las Administraciones p\u00fablicas, Jueces y Tribunales, para la atenci\u00f3n de las posibles responsabilidades nacidas del tratamiento y siempre que estas cesiones est\u00e9n amparadas en la ley.<\/p><p>Sus datos pueden tambi\u00e9n ser cedidos a empresas que nos prestan alg\u00fan tipo de servicios de asesoramiento, mantenimiento inform\u00e1tico, marketing, formaci\u00f3n o auditor\u00eda. Estas entidades solo tienen acceso a la informaci\u00f3n personal que sea necesaria para llevar a cabo dichos servicios, exigi\u00e9ndoselo mediante un contrato de \u201cencargo de tratamiento de datos\u201d que mantengan la confidencialidad, que no puedan usar la informaci\u00f3n para otros fines y que adopten las medidas que garanticen la integridad y la disponibilidad de la misma.<\/p><p>No est\u00e1n previstas transferencias internacionales de datos fuera del espacio de la Uni\u00f3n europea o a entidades que no cumplan los est\u00e1ndares en cuanto a protecci\u00f3n de datos establecidos por el reglamento UE 679\/2016.<\/p><p><strong>\u00a0<\/strong><\/p><p><strong>\u00bfCu\u00e1l es la procedencia de sus datos?<\/strong><\/p><p>Los datos personales que trata GARCIA CAMARA S.L. son proporcionados por la persona interesada, o bien obtenidos de fuentes accesibles al p\u00fablico<\/p><p><strong>\u00a0<\/strong><\/p><p><strong>\u00bfQu\u00e9 categor\u00edas de datos trata <\/strong><strong>GARCIA CAMARA S.L.<\/strong><strong>?<\/strong><\/p><p>GARCIA CAMARA S.L. tratar\u00e1 los datos que nos suministre, que pueden ser de las siguientes categor\u00edas:<\/p><ul><li>Datos de car\u00e1cter identificativo y de contacto;<\/li><li>Datos acad\u00e9micos y profesionales<\/li><li>Datos de detalle del empleo<\/li><li>Datos econ\u00f3micos, financieros y de seguros<\/li><li>Informaci\u00f3n comercial<\/li><\/ul><p><strong>\u00a0<\/strong><\/p><p><strong>\u00bfCu\u00e1les son sus derechos? <\/strong><\/p><p>Cualquier persona tiene derecho a obtener confirmaci\u00f3n sobre si GARCIA CAMARA S.L. trata datos personales que le conciernen, o no.<\/p><p>\u00a0<\/p><p>Las personas interesadas tienen derecho a acceder a sus datos personales y a obtener una copia de los datos personales objeto del tratamiento, a actualizarlos, as\u00ed como a solicitar la rectificaci\u00f3n de los datos inexactos o, en su caso, solicitar su supresi\u00f3n cuando, entre otros motivos, los datos ya no sean necesarios para los fines para los que fueron recogidos.<\/p><p>\u00a0<\/p><p>En determinadas circunstancias y por motivos relacionados con su situaci\u00f3n particular, los interesados podr\u00e1n oponerse al tratamiento de sus datos. GARCIA CAMARA S.L. dejar\u00e1 de tratar los datos, salvo por motivos leg\u00edtimos imperiosos, o el ejercicio o la defensa de posibles reclamaciones.<\/p><p>\u00a0<\/p><p>Tambi\u00e9n en determinadas circunstancias, previstas en el art\u00edculo 18 RGPD, los interesados podr\u00e1n solicitar la limitaci\u00f3n del tratamiento de sus datos, en cuyo caso GARCIA CAMARA S.L. los tratar\u00e1, con excepci\u00f3n de su conservaci\u00f3n, con el consentimiento del interesado o para la formulaci\u00f3n, el ejercicio o la defensa de reclamaciones, o con miras a la protecci\u00f3n de los derechos de otra persona f\u00edsica o jur\u00eddica o por razones de inter\u00e9s p\u00fablico importante de la Uni\u00f3n o de un determinado Estado miembro.<\/p><p>\u00a0<\/p><p>En el caso de que fuera aplicable, como consecuencia de la aplicaci\u00f3n del derecho a la supresi\u00f3n u oposici\u00f3n al tratamiento de datos personales en el entorno on-line los interesados tienen el derecho al olvido seg\u00fan la jurisprudencia que el Tribunal de Justicia de la UE.<\/p><p>\u00a0<\/p><p>En virtud del derecho a la portabilidad, los interesados tienen derecho a obtener los datos personales que les incumben en un formato estructurado de uso com\u00fan y lectura mec\u00e1nica y a transmitirlos a otro responsable.<\/p><p>\u00a0<\/p><p>Toda persona interesada tiene derecho a no ser objeto de una decisi\u00f3n basada \u00fanicamente en el tratamiento automatizado, incluida la elaboraci\u00f3n de perfiles, que produzca efectos jur\u00eddicos en \u00e9l o le afecte significativamente de modo similar, salvo las excepciones previstas en el art.22.1 RGPD.<\/p><p>\u00a0<\/p><p>La persona interesada tiene el derecho a la supresi\u00f3n de sus datos, por la desaparici\u00f3n de la finalidad que motiv\u00f3 el tratamiento o la recogida, por revocaci\u00f3n del consentimiento cuando sea \u00e9ste el que legitime el tratamiento, o por el resto de motivos contenidos en el art\u00edculo 17RGPD. La supresi\u00f3n se realizar\u00e1, procediendo al borrado de alto nivel de los datos contenidos en soportes automatizados y a la destrucci\u00f3n f\u00edsica de los soportes no automatizados<\/p><p>\u00a0<\/p><p><strong>\u00bfC\u00f3mo se pueden ejercer los derechos? <\/strong><\/p><p>Mediante un escrito acompa\u00f1ado siempre de copia del DNI u otro documento que acredite la identidad de la persona interesada dirigido a la direcciones indicadas en el encabezamiento.<\/p><p>\u00a0<\/p><p><strong>\u00bfQu\u00e9 v\u00edas de reclamaci\u00f3n existen?<\/strong><\/p><p>Si considera que sus derechos no se han atendido debidamente, tiene derecho a presentar una reclamaci\u00f3n ante la Agencia Espa\u00f1ola de Protecci\u00f3n de Datos, cuyos datos de contacto son: Tel\u00e9fonos: 901 100 099 91.266.35.17 Direcci\u00f3n Postal: C\/ Jorge Juan,6 Madrid.<\/p>\t\t\t\t\t\t\t\t<\/div>\n\t\t\t\t<\/div>\n\t\t\t\t\t<\/div>\n\t\t<\/div>\n\t\t\t\t\t<\/div>\n\t\t<\/section>\n\t\t\t\t<\/div>\n\t\t","protected":false},"excerpt":{"rendered":"<p>Pol\u00edtica de privacidad Declaraci\u00f3n de privacidad extensa \u00a0 \u00bfQUI\u00c9N ES EL RESPONSABLE DEL TRATAMIENTO DE SUS DATOS? Denominaci\u00f3n: GARCIA CAMARA S.L. C.I.F.\/N.I.F.: B46276135 Domicilio Social: Pol\u00edgono industrial, de Marines s\/n. , 46163 Marines ( Valencia) Inscrita en el Registro mercantil de de Valencia, Hoja V-23292, Folio 197, Tomo 4380, Secci\u00f3n . Tel\u00e9fono: 962724122 Correo electr\u00f3nico: [&hellip;]<\/p>\n","protected":false},"author":1,"featured_media":0,"parent":0,"menu_order":0,"comment_status":"closed","ping_status":"closed","template":"elementor_header_footer","meta":{"inline_featured_image":false,"footnotes":""},"class_list":["post-1665","page","type-page","status-publish","hentry"],"yoast_head":"<!-- This site is optimized with the Yoast SEO plugin v25.8 - https:\/\/yoast.com\/wordpress\/plugins\/seo\/ -->\n<title>Datenschutz-Bestimmungen - Garc\u00eda C\u00e1mara<\/title>\n<meta name=\"robots\" content=\"index, follow, max-snippet:-1, max-image-preview:large, max-video-preview:-1\" \/>\n<link rel=\"canonical\" href=\"https:\/\/garciacamara.com\/de\/datenschutz-bestimmungen\/\" \/>\n<meta property=\"og:locale\" content=\"de_DE\" \/>\n<meta property=\"og:type\" content=\"article\" \/>\n<meta property=\"og:title\" content=\"Datenschutz-Bestimmungen - Garc\u00eda C\u00e1mara\" \/>\n<meta property=\"og:description\" content=\"Pol\u00edtica de privacidad Declaraci\u00f3n de privacidad extensa \u00a0 \u00bfQUI\u00c9N ES EL RESPONSABLE DEL TRATAMIENTO DE SUS DATOS? Denominaci\u00f3n: GARCIA CAMARA S.L. C.I.F.\/N.I.F.: B46276135 Domicilio Social: Pol\u00edgono industrial, de Marines s\/n. , 46163 Marines ( Valencia) Inscrita en el Registro mercantil de de Valencia, Hoja V-23292, Folio 197, Tomo 4380, Secci\u00f3n . Tel\u00e9fono: 962724122 Correo electr\u00f3nico: [&hellip;]\" \/>\n<meta property=\"og:url\" content=\"https:\/\/garciacamara.com\/de\/datenschutz-bestimmungen\/\" \/>\n<meta property=\"og:site_name\" content=\"Garc\u00eda C\u00e1mara\" \/>\n<meta property=\"article:modified_time\" content=\"2022-09-26T09:31:42+00:00\" \/>\n<meta name=\"twitter:card\" content=\"summary_large_image\" \/>\n<meta name=\"twitter:label1\" content=\"Gesch\u00e4tzte Lesezeit\" \/>\n\t<meta name=\"twitter:data1\" content=\"8\u00a0Minuten\" \/>\n<script type=\"application\/ld+json\" class=\"yoast-schema-graph\">{\"@context\":\"https:\/\/schema.org\",\"@graph\":[{\"@type\":\"WebPage\",\"@id\":\"https:\/\/garciacamara.com\/de\/datenschutz-bestimmungen\/\",\"url\":\"https:\/\/garciacamara.com\/de\/datenschutz-bestimmungen\/\",\"name\":\"Datenschutz-Bestimmungen - Garc\u00eda C\u00e1mara\",\"isPartOf\":{\"@id\":\"https:\/\/garciacamara.com\/#website\"},\"datePublished\":\"2021-11-09T11:32:28+00:00\",\"dateModified\":\"2022-09-26T09:31:42+00:00\",\"breadcrumb\":{\"@id\":\"https:\/\/garciacamara.com\/de\/datenschutz-bestimmungen\/#breadcrumb\"},\"inLanguage\":\"de\",\"potentialAction\":[{\"@type\":\"ReadAction\",\"target\":[\"https:\/\/garciacamara.com\/de\/datenschutz-bestimmungen\/\"]}]},{\"@type\":\"BreadcrumbList\",\"@id\":\"https:\/\/garciacamara.com\/de\/datenschutz-bestimmungen\/#breadcrumb\",\"itemListElement\":[{\"@type\":\"ListItem\",\"position\":1,\"name\":\"Home\",\"item\":\"https:\/\/garciacamara.com\/\"},{\"@type\":\"ListItem\",\"position\":2,\"name\":\"Datenschutz-Bestimmungen\"}]},{\"@type\":\"WebSite\",\"@id\":\"https:\/\/garciacamara.com\/#website\",\"url\":\"https:\/\/garciacamara.com\/\",\"name\":\"Garc\u00eda C\u00e1mara\",\"description\":\"Fabricaci\u00f3n de intercambiadores de calor desde 1942.\",\"publisher\":{\"@id\":\"https:\/\/garciacamara.com\/#organization\"},\"potentialAction\":[{\"@type\":\"SearchAction\",\"target\":{\"@type\":\"EntryPoint\",\"urlTemplate\":\"https:\/\/garciacamara.com\/?s={search_term_string}\"},\"query-input\":{\"@type\":\"PropertyValueSpecification\",\"valueRequired\":true,\"valueName\":\"search_term_string\"}}],\"inLanguage\":\"de\"},{\"@type\":\"Organization\",\"@id\":\"https:\/\/garciacamara.com\/#organization\",\"name\":\"Garc\u00eda C\u00e1mara\",\"url\":\"https:\/\/garciacamara.com\/\",\"logo\":{\"@type\":\"ImageObject\",\"inLanguage\":\"de\",\"@id\":\"https:\/\/garciacamara.com\/#\/schema\/logo\/image\/\",\"url\":\"https:\/\/garciacamara.com\/wp-content\/uploads\/2022\/03\/logo-garcia-camara-gc-4.svg\",\"contentUrl\":\"https:\/\/garciacamara.com\/wp-content\/uploads\/2022\/03\/logo-garcia-camara-gc-4.svg\",\"width\":1,\"height\":1,\"caption\":\"Garc\u00eda C\u00e1mara\"},\"image\":{\"@id\":\"https:\/\/garciacamara.com\/#\/schema\/logo\/image\/\"}}]}<\/script>\n<!-- \/ Yoast SEO plugin. -->","yoast_head_json":{"title":"Datenschutz-Bestimmungen - Garc\u00eda C\u00e1mara","robots":{"index":"index","follow":"follow","max-snippet":"max-snippet:-1","max-image-preview":"max-image-preview:large","max-video-preview":"max-video-preview:-1"},"canonical":"https:\/\/garciacamara.com\/de\/datenschutz-bestimmungen\/","og_locale":"de_DE","og_type":"article","og_title":"Datenschutz-Bestimmungen - Garc\u00eda C\u00e1mara","og_description":"Pol\u00edtica de privacidad Declaraci\u00f3n de privacidad extensa \u00a0 \u00bfQUI\u00c9N ES EL RESPONSABLE DEL TRATAMIENTO DE SUS DATOS? Denominaci\u00f3n: GARCIA CAMARA S.L. C.I.F.\/N.I.F.: B46276135 Domicilio Social: Pol\u00edgono industrial, de Marines s\/n. , 46163 Marines ( Valencia) Inscrita en el Registro mercantil de de Valencia, Hoja V-23292, Folio 197, Tomo 4380, Secci\u00f3n . Tel\u00e9fono: 962724122 Correo electr\u00f3nico: [&hellip;]","og_url":"https:\/\/garciacamara.com\/de\/datenschutz-bestimmungen\/","og_site_name":"Garc\u00eda C\u00e1mara","article_modified_time":"2022-09-26T09:31:42+00:00","twitter_card":"summary_large_image","twitter_misc":{"Gesch\u00e4tzte Lesezeit":"8\u00a0Minuten"},"schema":{"@context":"https:\/\/schema.org","@graph":[{"@type":"WebPage","@id":"https:\/\/garciacamara.com\/de\/datenschutz-bestimmungen\/","url":"https:\/\/garciacamara.com\/de\/datenschutz-bestimmungen\/","name":"Datenschutz-Bestimmungen - Garc\u00eda C\u00e1mara","isPartOf":{"@id":"https:\/\/garciacamara.com\/#website"},"datePublished":"2021-11-09T11:32:28+00:00","dateModified":"2022-09-26T09:31:42+00:00","breadcrumb":{"@id":"https:\/\/garciacamara.com\/de\/datenschutz-bestimmungen\/#breadcrumb"},"inLanguage":"de","potentialAction":[{"@type":"ReadAction","target":["https:\/\/garciacamara.com\/de\/datenschutz-bestimmungen\/"]}]},{"@type":"BreadcrumbList","@id":"https:\/\/garciacamara.com\/de\/datenschutz-bestimmungen\/#breadcrumb","itemListElement":[{"@type":"ListItem","position":1,"name":"Home","item":"https:\/\/garciacamara.com\/"},{"@type":"ListItem","position":2,"name":"Datenschutz-Bestimmungen"}]},{"@type":"WebSite","@id":"https:\/\/garciacamara.com\/#website","url":"https:\/\/garciacamara.com\/","name":"Garc\u00eda C\u00e1mara","description":"Fabricaci\u00f3n de intercambiadores de calor desde 1942.","publisher":{"@id":"https:\/\/garciacamara.com\/#organization"},"potentialAction":[{"@type":"SearchAction","target":{"@type":"EntryPoint","urlTemplate":"https:\/\/garciacamara.com\/?s={search_term_string}"},"query-input":{"@type":"PropertyValueSpecification","valueRequired":true,"valueName":"search_term_string"}}],"inLanguage":"de"},{"@type":"Organization","@id":"https:\/\/garciacamara.com\/#organization","name":"Garc\u00eda C\u00e1mara","url":"https:\/\/garciacamara.com\/","logo":{"@type":"ImageObject","inLanguage":"de","@id":"https:\/\/garciacamara.com\/#\/schema\/logo\/image\/","url":"https:\/\/garciacamara.com\/wp-content\/uploads\/2022\/03\/logo-garcia-camara-gc-4.svg","contentUrl":"https:\/\/garciacamara.com\/wp-content\/uploads\/2022\/03\/logo-garcia-camara-gc-4.svg","width":1,"height":1,"caption":"Garc\u00eda C\u00e1mara"},"image":{"@id":"https:\/\/garciacamara.com\/#\/schema\/logo\/image\/"}}]}},"_links":{"self":[{"href":"https:\/\/garciacamara.com\/de\/wp-json\/wp\/v2\/pages\/1665","targetHints":{"allow":["GET"]}}],"collection":[{"href":"https:\/\/garciacamara.com\/de\/wp-json\/wp\/v2\/pages"}],"about":[{"href":"https:\/\/garciacamara.com\/de\/wp-json\/wp\/v2\/types\/page"}],"author":[{"embeddable":true,"href":"https:\/\/garciacamara.com\/de\/wp-json\/wp\/v2\/users\/1"}],"replies":[{"embeddable":true,"href":"https:\/\/garciacamara.com\/de\/wp-json\/wp\/v2\/comments?post=1665"}],"version-history":[{"count":4,"href":"https:\/\/garciacamara.com\/de\/wp-json\/wp\/v2\/pages\/1665\/revisions"}],"predecessor-version":[{"id":1669,"href":"https:\/\/garciacamara.com\/de\/wp-json\/wp\/v2\/pages\/1665\/revisions\/1669"}],"wp:attachment":[{"href":"https:\/\/garciacamara.com\/de\/wp-json\/wp\/v2\/media?parent=1665"}],"curies":[{"name":"wp","href":"https:\/\/api.w.org\/{rel}","templated":true}]}}