{"id":1670,"date":"2021-11-08T15:17:42","date_gmt":"2021-11-08T15:17:42","guid":{"rendered":"https:\/\/garciacamara.com\/?page_id=1670"},"modified":"2022-09-27T08:48:50","modified_gmt":"2022-09-27T08:48:50","slug":"spezielle-produkte","status":"publish","type":"page","link":"https:\/\/garciacamara.com\/de\/spezielle-produkte\/","title":{"rendered":"Spezialprodukte"},"content":{"rendered":"\t\t<div data-elementor-type=\"wp-page\" data-elementor-id=\"1670\" class=\"elementor elementor-1670 elementor-331\" data-elementor-post-type=\"page\">\n\t\t\t\t\t\t<section class=\"elementor-section elementor-top-section elementor-element elementor-element-022d149 elementor-section-full_width elementor-section-height-default elementor-section-height-default\" data-id=\"022d149\" data-element_type=\"section\" data-settings=\"{&quot;background_background&quot;:&quot;classic&quot;}\">\n\t\t\t\t\t\t<div class=\"elementor-container elementor-column-gap-default\">\n\t\t\t\t\t<div class=\"elementor-column elementor-col-100 elementor-top-column elementor-element elementor-element-844a722\" data-id=\"844a722\" data-element_type=\"column\">\n\t\t\t<div class=\"elementor-widget-wrap elementor-element-populated\">\n\t\t\t\t\t\t<div class=\"elementor-element elementor-element-9e79e03 elementor-widget elementor-widget-spacer\" data-id=\"9e79e03\" data-element_type=\"widget\" data-widget_type=\"spacer.default\">\n\t\t\t\t<div class=\"elementor-widget-container\">\n\t\t\t\t\t\t\t<div class=\"elementor-spacer\">\n\t\t\t<div class=\"elementor-spacer-inner\"><\/div>\n\t\t<\/div>\n\t\t\t\t\t\t<\/div>\n\t\t\t\t<\/div>\n\t\t\t\t\t<\/div>\n\t\t<\/div>\n\t\t\t\t\t<\/div>\n\t\t<\/section>\n\t\t\t\t<section class=\"elementor-section elementor-top-section elementor-element elementor-element-a526ef2 elementor-section-boxed elementor-section-height-default elementor-section-height-default\" data-id=\"a526ef2\" data-element_type=\"section\">\n\t\t\t\t\t\t<div class=\"elementor-container elementor-column-gap-default\">\n\t\t\t\t\t<div class=\"elementor-column elementor-col-100 elementor-top-column elementor-element elementor-element-6ade122\" data-id=\"6ade122\" data-element_type=\"column\">\n\t\t\t<div class=\"elementor-widget-wrap elementor-element-populated\">\n\t\t\t\t\t\t<div class=\"elementor-element elementor-element-ef7ea24 elementor-widget elementor-widget-heading\" data-id=\"ef7ea24\" data-element_type=\"widget\" data-widget_type=\"heading.default\">\n\t\t\t\t<div class=\"elementor-widget-container\">\n\t\t\t\t\t<h2 class=\"elementor-heading-title elementor-size-default\">SPEZIALPRODUKTE <\/h2>\t\t\t\t<\/div>\n\t\t\t\t<\/div>\n\t\t\t\t<div class=\"elementor-element elementor-element-dbf3de4 elementor-widget elementor-widget-text-editor\" data-id=\"dbf3de4\" data-element_type=\"widget\" data-widget_type=\"text-editor.default\">\n\t\t\t\t<div class=\"elementor-widget-container\">\n\t\t\t\t\t\t\t\t\t<p class=\"p1\"><span class=\"s1\">Garc\u00eda C\u00e1mara ist auf die Berechnung, Entwicklung und Fertigung von kundenspezifischen Produkten spezialisiert. Z\u00f6gern Sie nicht, sich f\u00fcr Einzell\u00f6sungen und auch Serienprodukte, unabh\u00e4ngig vom Verwendungszweck, mit uns in Verbindung zu setzen.<\/span><\/p>\t\t\t\t\t\t\t\t<\/div>\n\t\t\t\t<\/div>\n\t\t\t\t\t<\/div>\n\t\t<\/div>\n\t\t\t\t\t<\/div>\n\t\t<\/section>\n\t\t\t\t<section class=\"elementor-section elementor-top-section elementor-element elementor-element-62e1098 elementor-section-boxed elementor-section-height-default elementor-section-height-default\" data-id=\"62e1098\" data-element_type=\"section\">\n\t\t\t\t\t\t<div class=\"elementor-container elementor-column-gap-default\">\n\t\t\t\t\t<div class=\"elementor-column elementor-col-100 elementor-top-column elementor-element elementor-element-47b7c13\" data-id=\"47b7c13\" data-element_type=\"column\">\n\t\t\t<div class=\"elementor-widget-wrap elementor-element-populated\">\n\t\t\t\t\t\t<div class=\"elementor-element elementor-element-47de631 elementor-widget elementor-widget-text-editor\" data-id=\"47de631\" data-element_type=\"widget\" data-widget_type=\"text-editor.default\">\n\t\t\t\t<div class=\"elementor-widget-container\">\n\t\t\t\t\t\t\t\t\t<style>.wp-show-posts-columns#wpsp-343 {margin-left: -2em; }.wp-show-posts-columns#wpsp-343 .wp-show-posts-inner {margin: 0 0 2em 2em; }<\/style><section id=\"wpsp-343\" class=\" wp-show-posts-columns wp-show-posts\" style=\"\"><article class=\" wp-show-posts-single post-1811 producto type-producto status-publish has-post-thumbnail hentry tipo_de_producto-productos-especiales-de wpsp-col-3\" itemtype=\"http:\/\/schema.org\/CreativeWork\" itemscope><div class=\"wp-show-posts-inner\" style=\"\">\t\t<div class=\"wp-show-posts-image  wpsp-image-center \">\n\t\t\t<a href=\"https:\/\/garciacamara.com\/de\/producto\/double-battery-capacitors\/\"  title=\"Kondensatoren und Gascooler mit doppelter Batterie (Gascooler + Entk\u00fchler)\"><img decoding=\"async\" width=\"245\" height=\"139\" src=\"https:\/\/garciacamara.com\/wp-content\/uploads\/2021\/11\/condensadores-doble-bateria.jpg\" class=\"attachment-full size-full wp-post-image\" alt=\"\" itemprop=\"image\" \/><\/a>\t\t<\/div>\n\t\t\t\t\t\t\t\t<header class=\"wp-show-posts-entry-header\">\n\t\t\t\t\t\t\t<h2 class=\"wp-show-posts-entry-title\" itemprop=\"headline\"><a href=\"https:\/\/garciacamara.com\/de\/producto\/double-battery-capacitors\/\" rel=\"bookmark\">Kondensatoren und Gascooler mit doppelter Batterie (Gascooler + Entk\u00fchler)<\/a><\/h2>\t\t\t\t\t\t<\/header><!-- .entry-header -->\n\t\t\t\t\t<\/div><!-- wp-show-posts-inner --><\/article><article class=\" wp-show-posts-single post-1823 producto type-producto status-publish has-post-thumbnail hentry tipo_de_producto-productos-especiales-de wpsp-col-3\" itemtype=\"http:\/\/schema.org\/CreativeWork\" itemscope><div class=\"wp-show-posts-inner\" style=\"\">\t\t<div class=\"wp-show-posts-image  wpsp-image-center \">\n\t\t\t<a href=\"https:\/\/garciacamara.com\/de\/producto\/evaporator-for-immersion-basin\/\"  title=\"Tauchverdampfer (K\u00fchlung von Salzlaken\/Eisansammlung)\"><img decoding=\"async\" width=\"261\" height=\"183\" src=\"https:\/\/garciacamara.com\/wp-content\/uploads\/2021\/11\/evaporador-balsa.jpg\" class=\"attachment-full size-full wp-post-image\" alt=\"\" itemprop=\"image\" \/><\/a>\t\t<\/div>\n\t\t\t\t\t\t\t\t<header class=\"wp-show-posts-entry-header\">\n\t\t\t\t\t\t\t<h2 class=\"wp-show-posts-entry-title\" itemprop=\"headline\"><a href=\"https:\/\/garciacamara.com\/de\/producto\/evaporator-for-immersion-basin\/\" rel=\"bookmark\">Tauchverdampfer (K\u00fchlung von Salzlaken\/Eisansammlung)<\/a><\/h2>\t\t\t\t\t\t<\/header><!-- .entry-header -->\n\t\t\t\t\t<\/div><!-- wp-show-posts-inner --><\/article><article class=\" wp-show-posts-single post-1824 producto type-producto status-publish has-post-thumbnail hentry tipo_de_producto-productos-especiales-de wpsp-col-3\" itemtype=\"http:\/\/schema.org\/CreativeWork\" itemscope><div class=\"wp-show-posts-inner\" style=\"\">\t\t<div class=\"wp-show-posts-image  wpsp-image-center \">\n\t\t\t<a href=\"https:\/\/garciacamara.com\/de\/producto\/impeller-flow-evaporator-designed-for-vegetable\/\"  title=\"Vorw\u00e4rtsstr\u00f6mungsverdampfer: L\u00f6sungen f\u00fcr hohe Luftfeuchtigkeit, speziell entwickelt f\u00fcr Anwendungen, bei denen eine hohe Luftfeuchtigkeit erforderlich ist, Obst- und Gem\u00fcsesektor\"><img fetchpriority=\"high\" decoding=\"async\" width=\"250\" height=\"202\" src=\"https:\/\/garciacamara.com\/wp-content\/uploads\/2021\/11\/evaporador-flujo.jpg\" class=\"attachment-full size-full wp-post-image\" alt=\"\" itemprop=\"image\" \/><\/a>\t\t<\/div>\n\t\t\t\t\t\t\t\t<header class=\"wp-show-posts-entry-header\">\n\t\t\t\t\t\t\t<h2 class=\"wp-show-posts-entry-title\" itemprop=\"headline\"><a href=\"https:\/\/garciacamara.com\/de\/producto\/impeller-flow-evaporator-designed-for-vegetable\/\" rel=\"bookmark\">Vorw\u00e4rtsstr\u00f6mungsverdampfer: L\u00f6sungen f\u00fcr hohe Luftfeuchtigkeit, speziell entwickelt f\u00fcr Anwendungen, bei denen eine hohe Luftfeuchtigkeit erforderlich ist, Obst- und Gem\u00fcsesektor<\/a><\/h2>\t\t\t\t\t\t<\/header><!-- .entry-header -->\n\t\t\t\t\t<\/div><!-- wp-show-posts-inner --><\/article><article class=\" wp-show-posts-single post-1825 producto type-producto status-publish has-post-thumbnail hentry tipo_de_producto-productos-especiales-de wpsp-col-3\" itemtype=\"http:\/\/schema.org\/CreativeWork\" itemscope><div class=\"wp-show-posts-inner\" style=\"\">\t\t<div class=\"wp-show-posts-image  wpsp-image-center \">\n\t\t\t<a href=\"https:\/\/garciacamara.com\/de\/producto\/evaporator-with-two-way-fan-for-tunnel-freezers\/\"  title=\"Verdampfer mit Umkehrzyklus-Ventilatoren: Verdampfer mit Zweiwege-Ventilator, speziell f\u00fcr Gefriertunnel und Vork\u00fchlkammern\"><img loading=\"lazy\" decoding=\"async\" width=\"261\" height=\"162\" src=\"https:\/\/garciacamara.com\/wp-content\/uploads\/2021\/11\/evaporador-con-ventilador.jpg\" class=\"attachment-full size-full wp-post-image\" alt=\"\" itemprop=\"image\" \/><\/a>\t\t<\/div>\n\t\t\t\t\t\t\t\t<header class=\"wp-show-posts-entry-header\">\n\t\t\t\t\t\t\t<h2 class=\"wp-show-posts-entry-title\" itemprop=\"headline\"><a href=\"https:\/\/garciacamara.com\/de\/producto\/evaporator-with-two-way-fan-for-tunnel-freezers\/\" rel=\"bookmark\">Verdampfer mit Umkehrzyklus-Ventilatoren: Verdampfer mit Zweiwege-Ventilator, speziell f\u00fcr Gefriertunnel und Vork\u00fchlkammern<\/a><\/h2>\t\t\t\t\t\t<\/header><!-- .entry-header -->\n\t\t\t\t\t<\/div><!-- wp-show-posts-inner --><\/article><article class=\" wp-show-posts-single post-1850 producto type-producto status-publish has-post-thumbnail hentry tipo_de_producto-productos-especiales-de wpsp-col-3\" itemtype=\"http:\/\/schema.org\/CreativeWork\" itemscope><div class=\"wp-show-posts-inner\" style=\"\">\t\t<div class=\"wp-show-posts-image  wpsp-image-center \">\n\t\t\t<a href=\"https:\/\/garciacamara.com\/de\/producto\/stainless-steel-bodies\/\"  title=\"Karosserien aus Edelstahl\"><img loading=\"lazy\" decoding=\"async\" width=\"307\" height=\"203\" src=\"https:\/\/garciacamara.com\/wp-content\/uploads\/2021\/11\/Carrozados-en-acero-inoxidable-2.jpg\" class=\"attachment-full size-full wp-post-image\" alt=\"\" itemprop=\"image\" srcset=\"https:\/\/garciacamara.com\/wp-content\/uploads\/2021\/11\/Carrozados-en-acero-inoxidable-2.jpg 307w, https:\/\/garciacamara.com\/wp-content\/uploads\/2021\/11\/Carrozados-en-acero-inoxidable-2-300x198.jpg 300w\" sizes=\"(max-width: 307px) 100vw, 307px\" \/><\/a>\t\t<\/div>\n\t\t\t\t\t\t\t\t<header class=\"wp-show-posts-entry-header\">\n\t\t\t\t\t\t\t<h2 class=\"wp-show-posts-entry-title\" itemprop=\"headline\"><a href=\"https:\/\/garciacamara.com\/de\/producto\/stainless-steel-bodies\/\" rel=\"bookmark\">Karosserien aus Edelstahl<\/a><\/h2>\t\t\t\t\t\t<\/header><!-- .entry-header -->\n\t\t\t\t\t<\/div><!-- wp-show-posts-inner --><\/article><article class=\" wp-show-posts-single post-3601 producto type-producto status-publish has-post-thumbnail hentry tipo_de_producto-productos-especiales-de wpsp-col-3\" itemtype=\"http:\/\/schema.org\/CreativeWork\" itemscope><div class=\"wp-show-posts-inner\" style=\"\">\t\t<div class=\"wp-show-posts-image  wpsp-image-center \">\n\t\t\t<a href=\"https:\/\/garciacamara.com\/de\/producto\/verdampfer-luftkuehler-mit-verschachteltem-kreislauf-abtausysteme\/\"  title=\"Verdampfer\/Luftk\u00fchler mit verschachteltem Kreislauf: Abtausysteme\"><img loading=\"lazy\" decoding=\"async\" width=\"640\" height=\"480\" src=\"https:\/\/garciacamara.com\/wp-content\/uploads\/2026\/01\/IMG_2103-imbricado.png\" class=\"attachment-full size-full wp-post-image\" alt=\"\" itemprop=\"image\" srcset=\"https:\/\/garciacamara.com\/wp-content\/uploads\/2026\/01\/IMG_2103-imbricado.png 640w, https:\/\/garciacamara.com\/wp-content\/uploads\/2026\/01\/IMG_2103-imbricado-300x225.png 300w\" sizes=\"(max-width: 640px) 100vw, 640px\" \/><\/a>\t\t<\/div>\n\t\t\t\t\t\t\t\t<header class=\"wp-show-posts-entry-header\">\n\t\t\t\t\t\t\t<h2 class=\"wp-show-posts-entry-title\" itemprop=\"headline\"><a href=\"https:\/\/garciacamara.com\/de\/producto\/verdampfer-luftkuehler-mit-verschachteltem-kreislauf-abtausysteme\/\" rel=\"bookmark\">Verdampfer\/Luftk\u00fchler mit verschachteltem Kreislauf: Abtausysteme<\/a><\/h2>\t\t\t\t\t\t<\/header><!-- .entry-header -->\n\t\t\t\t\t<\/div><!-- wp-show-posts-inner --><\/article><article class=\" wp-show-posts-single post-3602 producto type-producto status-publish has-post-thumbnail hentry tipo_de_producto-productos-especiales-de wpsp-col-3\" itemtype=\"http:\/\/schema.org\/CreativeWork\" itemscope><div class=\"wp-show-posts-inner\" style=\"\">\t\t<div class=\"wp-show-posts-image  wpsp-image-center \">\n\t\t\t<a href=\"https:\/\/garciacamara.com\/de\/producto\/verdampfer-luftkuehler-mit-doppelter-batterie-trocknungsprozesse-und-trockner-im-allgemeinen\/\"  title=\"Verdampfer\/Luftk\u00fchler mit doppelter Batterie: Trocknungsprozesse und Trockner im Allgemeinen\"><img loading=\"lazy\" decoding=\"async\" width=\"2560\" height=\"1707\" src=\"https:\/\/garciacamara.com\/wp-content\/uploads\/2026\/01\/IMG_4797-especiales-secaderos-scaled.png\" class=\"attachment-full size-full wp-post-image\" alt=\"\" itemprop=\"image\" srcset=\"https:\/\/garciacamara.com\/wp-content\/uploads\/2026\/01\/IMG_4797-especiales-secaderos-scaled.png 2560w, https:\/\/garciacamara.com\/wp-content\/uploads\/2026\/01\/IMG_4797-especiales-secaderos-300x200.png 300w, https:\/\/garciacamara.com\/wp-content\/uploads\/2026\/01\/IMG_4797-especiales-secaderos-1024x683.png 1024w, https:\/\/garciacamara.com\/wp-content\/uploads\/2026\/01\/IMG_4797-especiales-secaderos-768x512.png 768w, https:\/\/garciacamara.com\/wp-content\/uploads\/2026\/01\/IMG_4797-especiales-secaderos-1536x1024.png 1536w, https:\/\/garciacamara.com\/wp-content\/uploads\/2026\/01\/IMG_4797-especiales-secaderos-2048x1365.png 2048w\" sizes=\"(max-width: 2560px) 100vw, 2560px\" \/><\/a>\t\t<\/div>\n\t\t\t\t\t\t\t\t<header class=\"wp-show-posts-entry-header\">\n\t\t\t\t\t\t\t<h2 class=\"wp-show-posts-entry-title\" itemprop=\"headline\"><a href=\"https:\/\/garciacamara.com\/de\/producto\/verdampfer-luftkuehler-mit-doppelter-batterie-trocknungsprozesse-und-trockner-im-allgemeinen\/\" rel=\"bookmark\">Verdampfer\/Luftk\u00fchler mit doppelter Batterie: Trocknungsprozesse und Trockner im Allgemeinen<\/a><\/h2>\t\t\t\t\t\t<\/header><!-- .entry-header -->\n\t\t\t\t\t<\/div><!-- wp-show-posts-inner --><\/article><article class=\" wp-show-posts-single post-3603 producto type-producto status-publish has-post-thumbnail hentry tipo_de_producto-productos-especiales-de wpsp-col-3\" itemtype=\"http:\/\/schema.org\/CreativeWork\" itemscope><div class=\"wp-show-posts-inner\" style=\"\">\t\t<div class=\"wp-show-posts-image  wpsp-image-center \">\n\t\t\t<a href=\"https:\/\/garciacamara.com\/de\/producto\/mehrzweckverdampfer-speziell-fuer-verschiedene-fluessigkeiten-kaeltemittel-glykole-ausgelegt\/\"  title=\"Mehrzweckverdampfer: speziell f\u00fcr verschiedene Fl\u00fcssigkeiten (K\u00e4ltemittel\/Glykole) ausgelegt\"><img loading=\"lazy\" decoding=\"async\" width=\"480\" height=\"640\" src=\"https:\/\/garciacamara.com\/wp-content\/uploads\/2026\/01\/IMG_2294-polivalente.png\" class=\"attachment-full size-full wp-post-image\" alt=\"\" itemprop=\"image\" srcset=\"https:\/\/garciacamara.com\/wp-content\/uploads\/2026\/01\/IMG_2294-polivalente.png 480w, https:\/\/garciacamara.com\/wp-content\/uploads\/2026\/01\/IMG_2294-polivalente-225x300.png 225w\" sizes=\"(max-width: 480px) 100vw, 480px\" \/><\/a>\t\t<\/div>\n\t\t\t\t\t\t\t\t<header class=\"wp-show-posts-entry-header\">\n\t\t\t\t\t\t\t<h2 class=\"wp-show-posts-entry-title\" itemprop=\"headline\"><a href=\"https:\/\/garciacamara.com\/de\/producto\/mehrzweckverdampfer-speziell-fuer-verschiedene-fluessigkeiten-kaeltemittel-glykole-ausgelegt\/\" rel=\"bookmark\">Mehrzweckverdampfer: speziell f\u00fcr verschiedene Fl\u00fcssigkeiten (K\u00e4ltemittel\/Glykole) ausgelegt<\/a><\/h2>\t\t\t\t\t\t<\/header><!-- .entry-header -->\n\t\t\t\t\t<\/div><!-- wp-show-posts-inner --><\/article><article class=\" wp-show-posts-single post-1810 producto type-producto status-publish has-post-thumbnail hentry tipo_de_producto-productos-especiales-de wpsp-col-3\" itemtype=\"http:\/\/schema.org\/CreativeWork\" itemscope><div class=\"wp-show-posts-inner\" style=\"\">\t\t<div class=\"wp-show-posts-image  wpsp-image-center \">\n\t\t\t<a href=\"https:\/\/garciacamara.com\/de\/producto\/hot-water-air-curtains\/\"  title=\"Hot water air curtains\"><img loading=\"lazy\" decoding=\"async\" width=\"173\" height=\"184\" src=\"https:\/\/garciacamara.com\/wp-content\/uploads\/2021\/11\/cortinas-aire-agua-caliente.jpg\" class=\"attachment-full size-full wp-post-image\" alt=\"\" itemprop=\"image\" \/><\/a>\t\t<\/div>\n\t\t\t\t\t\t\t\t<header class=\"wp-show-posts-entry-header\">\n\t\t\t\t\t\t\t<h2 class=\"wp-show-posts-entry-title\" itemprop=\"headline\"><a href=\"https:\/\/garciacamara.com\/de\/producto\/hot-water-air-curtains\/\" rel=\"bookmark\">Hot water air curtains<\/a><\/h2>\t\t\t\t\t\t<\/header><!-- .entry-header -->\n\t\t\t\t\t<\/div><!-- wp-show-posts-inner --><\/article><article class=\" wp-show-posts-single post-1822 producto type-producto status-publish has-post-thumbnail hentry tipo_de_producto-productos-especiales-de wpsp-col-3\" itemtype=\"http:\/\/schema.org\/CreativeWork\" itemscope><div class=\"wp-show-posts-inner\" style=\"\">\t\t<div class=\"wp-show-posts-image  wpsp-image-center \">\n\t\t\t<a href=\"https:\/\/garciacamara.com\/de\/producto\/climate-evaporators\/\"  title=\"Climate evaporators\"><img loading=\"lazy\" decoding=\"async\" width=\"211\" height=\"210\" src=\"https:\/\/garciacamara.com\/wp-content\/uploads\/2021\/11\/evaporador-clima.jpg\" class=\"attachment-full size-full wp-post-image\" alt=\"\" itemprop=\"image\" srcset=\"https:\/\/garciacamara.com\/wp-content\/uploads\/2021\/11\/evaporador-clima.jpg 211w, https:\/\/garciacamara.com\/wp-content\/uploads\/2021\/11\/evaporador-clima-150x150.jpg 150w\" sizes=\"(max-width: 211px) 100vw, 211px\" \/><\/a>\t\t<\/div>\n\t\t\t\t\t\t\t\t<header class=\"wp-show-posts-entry-header\">\n\t\t\t\t\t\t\t<h2 class=\"wp-show-posts-entry-title\" itemprop=\"headline\"><a href=\"https:\/\/garciacamara.com\/de\/producto\/climate-evaporators\/\" rel=\"bookmark\">Climate evaporators<\/a><\/h2>\t\t\t\t\t\t<\/header><!-- .entry-header -->\n\t\t\t\t\t<\/div><!-- wp-show-posts-inner --><\/article><div class=\"wpsp-clear\"><\/div><\/section><!-- .wp-show-posts -->\t\t\t\t\t\t\t\t<\/div>\n\t\t\t\t<\/div>\n\t\t\t\t<div class=\"elementor-element elementor-element-691a35b elementor-widget elementor-widget-html\" data-id=\"691a35b\" data-element_type=\"widget\" data-widget_type=\"html.default\">\n\t\t\t\t<div class=\"elementor-widget-container\">\n\t\t\t\t\t<style>\n    .wp-show-posts-inner a {\n        pointer-events: none !important;\n    }\n<\/style>\t\t\t\t<\/div>\n\t\t\t\t<\/div>\n\t\t\t\t\t<\/div>\n\t\t<\/div>\n\t\t\t\t\t<\/div>\n\t\t<\/section>\n\t\t\t\t<\/div>\n\t\t","protected":false},"excerpt":{"rendered":"<p>SPEZIALPRODUKTE Garc\u00eda C\u00e1mara ist auf die Berechnung, Entwicklung und Fertigung von kundenspezifischen Produkten spezialisiert. Z\u00f6gern Sie nicht, sich f\u00fcr Einzell\u00f6sungen und auch Serienprodukte, unabh\u00e4ngig vom Verwendungszweck, mit uns in Verbindung zu setzen.<\/p>\n","protected":false},"author":1,"featured_media":0,"parent":0,"menu_order":0,"comment_status":"closed","ping_status":"closed","template":"elementor_header_footer","meta":{"inline_featured_image":false,"footnotes":""},"class_list":["post-1670","page","type-page","status-publish","hentry"],"yoast_head":"<!-- This site is optimized with the Yoast SEO plugin v25.8 - https:\/\/yoast.com\/wordpress\/plugins\/seo\/ -->\n<title>Spezialprodukte - Garc\u00eda C\u00e1mara<\/title>\n<meta name=\"robots\" content=\"index, follow, max-snippet:-1, max-image-preview:large, max-video-preview:-1\" \/>\n<link rel=\"canonical\" href=\"https:\/\/garciacamara.com\/de\/spezielle-produkte\/\" \/>\n<meta property=\"og:locale\" content=\"de_DE\" \/>\n<meta property=\"og:type\" content=\"article\" \/>\n<meta property=\"og:title\" content=\"Spezialprodukte - Garc\u00eda C\u00e1mara\" \/>\n<meta property=\"og:description\" content=\"SPEZIALPRODUKTE Garc\u00eda C\u00e1mara ist auf die Berechnung, Entwicklung und Fertigung von kundenspezifischen Produkten spezialisiert. Z\u00f6gern Sie nicht, sich f\u00fcr Einzell\u00f6sungen und auch Serienprodukte, unabh\u00e4ngig vom Verwendungszweck, mit uns in Verbindung zu setzen.\" \/>\n<meta property=\"og:url\" content=\"https:\/\/garciacamara.com\/de\/spezielle-produkte\/\" \/>\n<meta property=\"og:site_name\" content=\"Garc\u00eda C\u00e1mara\" \/>\n<meta property=\"article:modified_time\" content=\"2022-09-27T08:48:50+00:00\" \/>\n<meta name=\"twitter:card\" content=\"summary_large_image\" \/>\n<meta name=\"twitter:label1\" content=\"Gesch\u00e4tzte Lesezeit\" \/>\n\t<meta name=\"twitter:data1\" content=\"1\u00a0Minute\" \/>\n<script type=\"application\/ld+json\" class=\"yoast-schema-graph\">{\"@context\":\"https:\/\/schema.org\",\"@graph\":[{\"@type\":\"WebPage\",\"@id\":\"https:\/\/garciacamara.com\/de\/spezielle-produkte\/\",\"url\":\"https:\/\/garciacamara.com\/de\/spezielle-produkte\/\",\"name\":\"Spezialprodukte - Garc\u00eda C\u00e1mara\",\"isPartOf\":{\"@id\":\"https:\/\/garciacamara.com\/#website\"},\"datePublished\":\"2021-11-08T15:17:42+00:00\",\"dateModified\":\"2022-09-27T08:48:50+00:00\",\"breadcrumb\":{\"@id\":\"https:\/\/garciacamara.com\/de\/spezielle-produkte\/#breadcrumb\"},\"inLanguage\":\"de\",\"potentialAction\":[{\"@type\":\"ReadAction\",\"target\":[\"https:\/\/garciacamara.com\/de\/spezielle-produkte\/\"]}]},{\"@type\":\"BreadcrumbList\",\"@id\":\"https:\/\/garciacamara.com\/de\/spezielle-produkte\/#breadcrumb\",\"itemListElement\":[{\"@type\":\"ListItem\",\"position\":1,\"name\":\"Home\",\"item\":\"https:\/\/garciacamara.com\/\"},{\"@type\":\"ListItem\",\"position\":2,\"name\":\"Spezialprodukte\"}]},{\"@type\":\"WebSite\",\"@id\":\"https:\/\/garciacamara.com\/#website\",\"url\":\"https:\/\/garciacamara.com\/\",\"name\":\"Garc\u00eda C\u00e1mara\",\"description\":\"Fabricaci\u00f3n de intercambiadores de calor desde 1942.\",\"publisher\":{\"@id\":\"https:\/\/garciacamara.com\/#organization\"},\"potentialAction\":[{\"@type\":\"SearchAction\",\"target\":{\"@type\":\"EntryPoint\",\"urlTemplate\":\"https:\/\/garciacamara.com\/?s={search_term_string}\"},\"query-input\":{\"@type\":\"PropertyValueSpecification\",\"valueRequired\":true,\"valueName\":\"search_term_string\"}}],\"inLanguage\":\"de\"},{\"@type\":\"Organization\",\"@id\":\"https:\/\/garciacamara.com\/#organization\",\"name\":\"Garc\u00eda C\u00e1mara\",\"url\":\"https:\/\/garciacamara.com\/\",\"logo\":{\"@type\":\"ImageObject\",\"inLanguage\":\"de\",\"@id\":\"https:\/\/garciacamara.com\/#\/schema\/logo\/image\/\",\"url\":\"https:\/\/garciacamara.com\/wp-content\/uploads\/2022\/03\/logo-garcia-camara-gc-4.svg\",\"contentUrl\":\"https:\/\/garciacamara.com\/wp-content\/uploads\/2022\/03\/logo-garcia-camara-gc-4.svg\",\"width\":1,\"height\":1,\"caption\":\"Garc\u00eda C\u00e1mara\"},\"image\":{\"@id\":\"https:\/\/garciacamara.com\/#\/schema\/logo\/image\/\"}}]}<\/script>\n<!-- \/ Yoast SEO plugin. -->","yoast_head_json":{"title":"Spezialprodukte - Garc\u00eda C\u00e1mara","robots":{"index":"index","follow":"follow","max-snippet":"max-snippet:-1","max-image-preview":"max-image-preview:large","max-video-preview":"max-video-preview:-1"},"canonical":"https:\/\/garciacamara.com\/de\/spezielle-produkte\/","og_locale":"de_DE","og_type":"article","og_title":"Spezialprodukte - Garc\u00eda C\u00e1mara","og_description":"SPEZIALPRODUKTE Garc\u00eda C\u00e1mara ist auf die Berechnung, Entwicklung und Fertigung von kundenspezifischen Produkten spezialisiert. Z\u00f6gern Sie nicht, sich f\u00fcr Einzell\u00f6sungen und auch Serienprodukte, unabh\u00e4ngig vom Verwendungszweck, mit uns in Verbindung zu setzen.","og_url":"https:\/\/garciacamara.com\/de\/spezielle-produkte\/","og_site_name":"Garc\u00eda C\u00e1mara","article_modified_time":"2022-09-27T08:48:50+00:00","twitter_card":"summary_large_image","twitter_misc":{"Gesch\u00e4tzte Lesezeit":"1\u00a0Minute"},"schema":{"@context":"https:\/\/schema.org","@graph":[{"@type":"WebPage","@id":"https:\/\/garciacamara.com\/de\/spezielle-produkte\/","url":"https:\/\/garciacamara.com\/de\/spezielle-produkte\/","name":"Spezialprodukte - Garc\u00eda C\u00e1mara","isPartOf":{"@id":"https:\/\/garciacamara.com\/#website"},"datePublished":"2021-11-08T15:17:42+00:00","dateModified":"2022-09-27T08:48:50+00:00","breadcrumb":{"@id":"https:\/\/garciacamara.com\/de\/spezielle-produkte\/#breadcrumb"},"inLanguage":"de","potentialAction":[{"@type":"ReadAction","target":["https:\/\/garciacamara.com\/de\/spezielle-produkte\/"]}]},{"@type":"BreadcrumbList","@id":"https:\/\/garciacamara.com\/de\/spezielle-produkte\/#breadcrumb","itemListElement":[{"@type":"ListItem","position":1,"name":"Home","item":"https:\/\/garciacamara.com\/"},{"@type":"ListItem","position":2,"name":"Spezialprodukte"}]},{"@type":"WebSite","@id":"https:\/\/garciacamara.com\/#website","url":"https:\/\/garciacamara.com\/","name":"Garc\u00eda C\u00e1mara","description":"Fabricaci\u00f3n de intercambiadores de calor desde 1942.","publisher":{"@id":"https:\/\/garciacamara.com\/#organization"},"potentialAction":[{"@type":"SearchAction","target":{"@type":"EntryPoint","urlTemplate":"https:\/\/garciacamara.com\/?s={search_term_string}"},"query-input":{"@type":"PropertyValueSpecification","valueRequired":true,"valueName":"search_term_string"}}],"inLanguage":"de"},{"@type":"Organization","@id":"https:\/\/garciacamara.com\/#organization","name":"Garc\u00eda C\u00e1mara","url":"https:\/\/garciacamara.com\/","logo":{"@type":"ImageObject","inLanguage":"de","@id":"https:\/\/garciacamara.com\/#\/schema\/logo\/image\/","url":"https:\/\/garciacamara.com\/wp-content\/uploads\/2022\/03\/logo-garcia-camara-gc-4.svg","contentUrl":"https:\/\/garciacamara.com\/wp-content\/uploads\/2022\/03\/logo-garcia-camara-gc-4.svg","width":1,"height":1,"caption":"Garc\u00eda C\u00e1mara"},"image":{"@id":"https:\/\/garciacamara.com\/#\/schema\/logo\/image\/"}}]}},"_links":{"self":[{"href":"https:\/\/garciacamara.com\/de\/wp-json\/wp\/v2\/pages\/1670","targetHints":{"allow":["GET"]}}],"collection":[{"href":"https:\/\/garciacamara.com\/de\/wp-json\/wp\/v2\/pages"}],"about":[{"href":"https:\/\/garciacamara.com\/de\/wp-json\/wp\/v2\/types\/page"}],"author":[{"embeddable":true,"href":"https:\/\/garciacamara.com\/de\/wp-json\/wp\/v2\/users\/1"}],"replies":[{"embeddable":true,"href":"https:\/\/garciacamara.com\/de\/wp-json\/wp\/v2\/comments?post=1670"}],"version-history":[{"count":8,"href":"https:\/\/garciacamara.com\/de\/wp-json\/wp\/v2\/pages\/1670\/revisions"}],"predecessor-version":[{"id":1739,"href":"https:\/\/garciacamara.com\/de\/wp-json\/wp\/v2\/pages\/1670\/revisions\/1739"}],"wp:attachment":[{"href":"https:\/\/garciacamara.com\/de\/wp-json\/wp\/v2\/media?parent=1670"}],"curies":[{"name":"wp","href":"https:\/\/api.w.org\/{rel}","templated":true}]}}