{"id":1676,"date":"2021-11-08T09:05:52","date_gmt":"2021-11-08T09:05:52","guid":{"rendered":"https:\/\/garciacamara.com\/?page_id=1676"},"modified":"2022-09-27T08:47:20","modified_gmt":"2022-09-27T08:47:20","slug":"nachhaltigkeit","status":"publish","type":"page","link":"https:\/\/garciacamara.com\/de\/nachhaltigkeit\/","title":{"rendered":"Nachhaltigkeit"},"content":{"rendered":"\t\t<div data-elementor-type=\"wp-page\" data-elementor-id=\"1676\" class=\"elementor elementor-1676 elementor-221\" data-elementor-post-type=\"page\">\n\t\t\t\t\t\t<section class=\"elementor-section elementor-top-section elementor-element elementor-element-022d149 elementor-section-full_width elementor-section-height-default elementor-section-height-default\" data-id=\"022d149\" data-element_type=\"section\" data-settings=\"{&quot;background_background&quot;:&quot;classic&quot;}\">\n\t\t\t\t\t\t<div class=\"elementor-container elementor-column-gap-default\">\n\t\t\t\t\t<div class=\"elementor-column elementor-col-100 elementor-top-column elementor-element elementor-element-844a722\" data-id=\"844a722\" data-element_type=\"column\">\n\t\t\t<div class=\"elementor-widget-wrap elementor-element-populated\">\n\t\t\t\t\t\t<div class=\"elementor-element elementor-element-9e79e03 elementor-widget elementor-widget-spacer\" data-id=\"9e79e03\" data-element_type=\"widget\" data-widget_type=\"spacer.default\">\n\t\t\t\t<div class=\"elementor-widget-container\">\n\t\t\t\t\t\t\t<div class=\"elementor-spacer\">\n\t\t\t<div class=\"elementor-spacer-inner\"><\/div>\n\t\t<\/div>\n\t\t\t\t\t\t<\/div>\n\t\t\t\t<\/div>\n\t\t\t\t\t<\/div>\n\t\t<\/div>\n\t\t\t\t\t<\/div>\n\t\t<\/section>\n\t\t\t\t<section class=\"elementor-section elementor-top-section elementor-element elementor-element-a526ef2 elementor-section-boxed elementor-section-height-default elementor-section-height-default\" data-id=\"a526ef2\" data-element_type=\"section\">\n\t\t\t\t\t\t<div class=\"elementor-container elementor-column-gap-default\">\n\t\t\t\t\t<div class=\"elementor-column elementor-col-100 elementor-top-column elementor-element elementor-element-6ade122\" data-id=\"6ade122\" data-element_type=\"column\">\n\t\t\t<div class=\"elementor-widget-wrap elementor-element-populated\">\n\t\t\t\t\t\t<div class=\"elementor-element elementor-element-ef7ea24 elementor-widget elementor-widget-heading\" data-id=\"ef7ea24\" data-element_type=\"widget\" data-widget_type=\"heading.default\">\n\t\t\t\t<div class=\"elementor-widget-container\">\n\t\t\t\t\t<h2 class=\"elementor-heading-title elementor-size-default\">NACHHALTIGKEIT<\/h2>\t\t\t\t<\/div>\n\t\t\t\t<\/div>\n\t\t\t\t<div class=\"elementor-element elementor-element-dea6fb2 elementor-widget elementor-widget-text-editor\" data-id=\"dea6fb2\" data-element_type=\"widget\" data-widget_type=\"text-editor.default\">\n\t\t\t\t<div class=\"elementor-widget-container\">\n\t\t\t\t\t\t\t\t\t<p><span class=\"s1\"><b>Wir bei GC Refrigeration sind der Umwelt verpflichtet und sind uns der Notwendigkeit bewusst, immer effizientere und umweltfreundlichere Produkte entwickeln zu m\u00fcssen.<\/b><\/span><\/p><p><span class=\"s1\">Die Verordnung (EU) Nr. 517\/2014 (F-Gas) verlangt die Reduzierung von Fl\u00fcssigkeiten mit hohem Treibhauspotenzial (GWP).<\/span><\/p><p class=\"p1\"><span class=\"s1\">Laut dieser Verordnung wird eine schrittweise Reduzierung der auf dem Markt erh\u00e4ltlichen Fl\u00fcssigkeiten von 2015 bis 2030 festgelegt, mit dem Ziel, die Mengen des FKW bis 2030 auf 21 % zu reduzieren. In naher Zukunft m\u00fcssen wir uns darauf vorbereiten, brennbare oder giftige Fl\u00fcssigkeiten mit niedrigem GWP einzusetzen.<\/span><\/p><p class=\"p1\"><span class=\"s1\">GC hat sich dazu verpflichtet, neue Serien mit nat\u00fcrlichen K\u00e4ltemitteln und mit geringerem GWP als bei den aktuellen FKW zu erforschen und zu entwickeln. Diese neuen K\u00e4ltemittel sind CO2 (R744) und NH3 (R717).<\/span><\/p><p class=\"p1\"><span class=\"s1\">Die Hauptgr\u00fcnde, warum wir unsere Produkte so entwickeln, dass sie mit CO2 betrieben werden k\u00f6nnen, sind:<\/span><\/p>\t\t\t\t\t\t\t\t<\/div>\n\t\t\t\t<\/div>\n\t\t\t\t<div class=\"elementor-element elementor-element-086dd4c elementor-widget elementor-widget-text-editor\" data-id=\"086dd4c\" data-element_type=\"widget\" data-widget_type=\"text-editor.default\">\n\t\t\t\t<div class=\"elementor-widget-container\">\n\t\t\t\t\t\t\t\t\t<p class=\"p2\"><span class=\"s1\">\u2022 Es handelt sich um eine nat\u00fcrliche Fl\u00fcssigkeit, die minimale Auswirkungen auf die globale Erw\u00e4rmung des Planeten hat (GWP = 1).<\/span><\/p><p class=\"p2\"><span class=\"s1\">\u2022 Nicht brennbar.<\/span><\/p><p class=\"p2\"><span class=\"s1\">\u2022 Nicht giftig.<\/span><\/p>\t\t\t\t\t\t\t\t<\/div>\n\t\t\t\t<\/div>\n\t\t\t\t<div class=\"elementor-element elementor-element-9884500 elementor-widget elementor-widget-text-editor\" data-id=\"9884500\" data-element_type=\"widget\" data-widget_type=\"text-editor.default\">\n\t\t\t\t<div class=\"elementor-widget-container\">\n\t\t\t\t\t\t\t\t\t<p>Alle unsere Produkte sind so gestaltet, dass sie mit CO2 in Ps45, Ps60 und Ps80 betrieben werden k\u00f6nnen. Ammoniak (R717), mit einem GWP von 0, zeigt sehr gute Leistungen, auch wenn es eine brennbare und giftige Fl\u00fcssigkeit ist, deshalb haben wir uns f\u00fcr deren Einsatz entschieden; auch unter Ber\u00fccksichtigung der technischen Schwierigkeiten, die das Design dieser Ger\u00e4te mit sich bringt. F\u00fcr die Arbeit mit R717 wurden die Serien CUBE und DUAL entwickelt.<\/p>\t\t\t\t\t\t\t\t<\/div>\n\t\t\t\t<\/div>\n\t\t\t\t<div class=\"elementor-element elementor-element-6cb4a76 elementor-widget elementor-widget-text-editor\" data-id=\"6cb4a76\" data-element_type=\"widget\" data-widget_type=\"text-editor.default\">\n\t\t\t\t<div class=\"elementor-widget-container\">\n\t\t\t\t\t\t\t\t\t<p>Wir setzen Motoren gem\u00e4\u00df der Norm ErP2015 ein, die sehr viel effizienter arbeiten, ebenso Elektromotoren mit EC-Technologie, die erhebliche Energieeinsparungen bieten.<\/p>\t\t\t\t\t\t\t\t<\/div>\n\t\t\t\t<\/div>\n\t\t\t\t<div class=\"elementor-element elementor-element-ee64493 elementor-widget elementor-widget-text-editor\" data-id=\"ee64493\" data-element_type=\"widget\" data-widget_type=\"text-editor.default\">\n\t\t\t\t<div class=\"elementor-widget-container\">\n\t\t\t\t\t\t\t\t\t<p>Wir entwickeln und fertigen gem\u00e4\u00df ROHS-Richtlinie. Wir sorgen daf\u00fcr, dass das gesamte Material und die Komponenten, die wir einsetzen, zu 100 % recycelbar sind, und reduzieren weitm\u00f6glichst Einwegelemente, wie die Verpackung.<\/p>\t\t\t\t\t\t\t\t<\/div>\n\t\t\t\t<\/div>\n\t\t\t\t<div class=\"elementor-element elementor-element-5a9e211 elementor-align-center elementor-widget elementor-widget-button\" data-id=\"5a9e211\" data-element_type=\"widget\" data-widget_type=\"button.default\">\n\t\t\t\t<div class=\"elementor-widget-container\">\n\t\t\t\t\t\t\t\t\t<div class=\"elementor-button-wrapper\">\n\t\t\t\t\t<a class=\"elementor-button elementor-button-link elementor-size-sm\" href=\"\/wp-content\/uploads\/2021\/11\/SOSTENIBILIDAD_Compromiso_verde.pdf\">\n\t\t\t\t\t\t<span class=\"elementor-button-content-wrapper\">\n\t\t\t\t\t\t\t\t\t<span class=\"elementor-button-text\">LADEN SIE HIER UNSERE UMWELTSCHUTZVERPFLICHTUNGEN HERUNTER <\/span>\n\t\t\t\t\t<\/span>\n\t\t\t\t\t<\/a>\n\t\t\t\t<\/div>\n\t\t\t\t\t\t\t\t<\/div>\n\t\t\t\t<\/div>\n\t\t\t\t\t<\/div>\n\t\t<\/div>\n\t\t\t\t\t<\/div>\n\t\t<\/section>\n\t\t\t\t<\/div>\n\t\t","protected":false},"excerpt":{"rendered":"<p>NACHHALTIGKEIT Wir bei GC Refrigeration sind der Umwelt verpflichtet und sind uns der Notwendigkeit bewusst, immer effizientere und umweltfreundlichere Produkte entwickeln zu m\u00fcssen. Die Verordnung (EU) Nr. 517\/2014 (F-Gas) verlangt die Reduzierung von Fl\u00fcssigkeiten mit hohem Treibhauspotenzial (GWP). Laut dieser Verordnung wird eine schrittweise Reduzierung der auf dem Markt erh\u00e4ltlichen Fl\u00fcssigkeiten von 2015 bis 2030 [&hellip;]<\/p>\n","protected":false},"author":1,"featured_media":0,"parent":0,"menu_order":0,"comment_status":"closed","ping_status":"closed","template":"elementor_header_footer","meta":{"inline_featured_image":false,"footnotes":""},"class_list":["post-1676","page","type-page","status-publish","hentry"],"yoast_head":"<!-- This site is optimized with the Yoast SEO plugin v25.8 - https:\/\/yoast.com\/wordpress\/plugins\/seo\/ -->\n<title>Nachhaltigkeit - Garc\u00eda C\u00e1mara<\/title>\n<meta name=\"robots\" content=\"index, follow, max-snippet:-1, max-image-preview:large, max-video-preview:-1\" \/>\n<link rel=\"canonical\" href=\"https:\/\/garciacamara.com\/de\/nachhaltigkeit\/\" \/>\n<meta property=\"og:locale\" content=\"de_DE\" \/>\n<meta property=\"og:type\" content=\"article\" \/>\n<meta property=\"og:title\" content=\"Nachhaltigkeit - Garc\u00eda C\u00e1mara\" \/>\n<meta property=\"og:description\" content=\"NACHHALTIGKEIT Wir bei GC Refrigeration sind der Umwelt verpflichtet und sind uns der Notwendigkeit bewusst, immer effizientere und umweltfreundlichere Produkte entwickeln zu m\u00fcssen. Die Verordnung (EU) Nr. 517\/2014 (F-Gas) verlangt die Reduzierung von Fl\u00fcssigkeiten mit hohem Treibhauspotenzial (GWP). Laut dieser Verordnung wird eine schrittweise Reduzierung der auf dem Markt erh\u00e4ltlichen Fl\u00fcssigkeiten von 2015 bis 2030 [&hellip;]\" \/>\n<meta property=\"og:url\" content=\"https:\/\/garciacamara.com\/de\/nachhaltigkeit\/\" \/>\n<meta property=\"og:site_name\" content=\"Garc\u00eda C\u00e1mara\" \/>\n<meta property=\"article:modified_time\" content=\"2022-09-27T08:47:20+00:00\" \/>\n<meta name=\"twitter:card\" content=\"summary_large_image\" \/>\n<meta name=\"twitter:label1\" content=\"Gesch\u00e4tzte Lesezeit\" \/>\n\t<meta name=\"twitter:data1\" content=\"2\u00a0Minuten\" \/>\n<script type=\"application\/ld+json\" class=\"yoast-schema-graph\">{\"@context\":\"https:\/\/schema.org\",\"@graph\":[{\"@type\":\"WebPage\",\"@id\":\"https:\/\/garciacamara.com\/de\/nachhaltigkeit\/\",\"url\":\"https:\/\/garciacamara.com\/de\/nachhaltigkeit\/\",\"name\":\"Nachhaltigkeit - Garc\u00eda C\u00e1mara\",\"isPartOf\":{\"@id\":\"https:\/\/garciacamara.com\/#website\"},\"datePublished\":\"2021-11-08T09:05:52+00:00\",\"dateModified\":\"2022-09-27T08:47:20+00:00\",\"breadcrumb\":{\"@id\":\"https:\/\/garciacamara.com\/de\/nachhaltigkeit\/#breadcrumb\"},\"inLanguage\":\"de\",\"potentialAction\":[{\"@type\":\"ReadAction\",\"target\":[\"https:\/\/garciacamara.com\/de\/nachhaltigkeit\/\"]}]},{\"@type\":\"BreadcrumbList\",\"@id\":\"https:\/\/garciacamara.com\/de\/nachhaltigkeit\/#breadcrumb\",\"itemListElement\":[{\"@type\":\"ListItem\",\"position\":1,\"name\":\"Home\",\"item\":\"https:\/\/garciacamara.com\/\"},{\"@type\":\"ListItem\",\"position\":2,\"name\":\"Nachhaltigkeit\"}]},{\"@type\":\"WebSite\",\"@id\":\"https:\/\/garciacamara.com\/#website\",\"url\":\"https:\/\/garciacamara.com\/\",\"name\":\"Garc\u00eda C\u00e1mara\",\"description\":\"Fabricaci\u00f3n de intercambiadores de calor desde 1942.\",\"publisher\":{\"@id\":\"https:\/\/garciacamara.com\/#organization\"},\"potentialAction\":[{\"@type\":\"SearchAction\",\"target\":{\"@type\":\"EntryPoint\",\"urlTemplate\":\"https:\/\/garciacamara.com\/?s={search_term_string}\"},\"query-input\":{\"@type\":\"PropertyValueSpecification\",\"valueRequired\":true,\"valueName\":\"search_term_string\"}}],\"inLanguage\":\"de\"},{\"@type\":\"Organization\",\"@id\":\"https:\/\/garciacamara.com\/#organization\",\"name\":\"Garc\u00eda C\u00e1mara\",\"url\":\"https:\/\/garciacamara.com\/\",\"logo\":{\"@type\":\"ImageObject\",\"inLanguage\":\"de\",\"@id\":\"https:\/\/garciacamara.com\/#\/schema\/logo\/image\/\",\"url\":\"https:\/\/garciacamara.com\/wp-content\/uploads\/2022\/03\/logo-garcia-camara-gc-4.svg\",\"contentUrl\":\"https:\/\/garciacamara.com\/wp-content\/uploads\/2022\/03\/logo-garcia-camara-gc-4.svg\",\"width\":1,\"height\":1,\"caption\":\"Garc\u00eda C\u00e1mara\"},\"image\":{\"@id\":\"https:\/\/garciacamara.com\/#\/schema\/logo\/image\/\"}}]}<\/script>\n<!-- \/ Yoast SEO plugin. -->","yoast_head_json":{"title":"Nachhaltigkeit - Garc\u00eda C\u00e1mara","robots":{"index":"index","follow":"follow","max-snippet":"max-snippet:-1","max-image-preview":"max-image-preview:large","max-video-preview":"max-video-preview:-1"},"canonical":"https:\/\/garciacamara.com\/de\/nachhaltigkeit\/","og_locale":"de_DE","og_type":"article","og_title":"Nachhaltigkeit - Garc\u00eda C\u00e1mara","og_description":"NACHHALTIGKEIT Wir bei GC Refrigeration sind der Umwelt verpflichtet und sind uns der Notwendigkeit bewusst, immer effizientere und umweltfreundlichere Produkte entwickeln zu m\u00fcssen. Die Verordnung (EU) Nr. 517\/2014 (F-Gas) verlangt die Reduzierung von Fl\u00fcssigkeiten mit hohem Treibhauspotenzial (GWP). Laut dieser Verordnung wird eine schrittweise Reduzierung der auf dem Markt erh\u00e4ltlichen Fl\u00fcssigkeiten von 2015 bis 2030 [&hellip;]","og_url":"https:\/\/garciacamara.com\/de\/nachhaltigkeit\/","og_site_name":"Garc\u00eda C\u00e1mara","article_modified_time":"2022-09-27T08:47:20+00:00","twitter_card":"summary_large_image","twitter_misc":{"Gesch\u00e4tzte Lesezeit":"2\u00a0Minuten"},"schema":{"@context":"https:\/\/schema.org","@graph":[{"@type":"WebPage","@id":"https:\/\/garciacamara.com\/de\/nachhaltigkeit\/","url":"https:\/\/garciacamara.com\/de\/nachhaltigkeit\/","name":"Nachhaltigkeit - Garc\u00eda C\u00e1mara","isPartOf":{"@id":"https:\/\/garciacamara.com\/#website"},"datePublished":"2021-11-08T09:05:52+00:00","dateModified":"2022-09-27T08:47:20+00:00","breadcrumb":{"@id":"https:\/\/garciacamara.com\/de\/nachhaltigkeit\/#breadcrumb"},"inLanguage":"de","potentialAction":[{"@type":"ReadAction","target":["https:\/\/garciacamara.com\/de\/nachhaltigkeit\/"]}]},{"@type":"BreadcrumbList","@id":"https:\/\/garciacamara.com\/de\/nachhaltigkeit\/#breadcrumb","itemListElement":[{"@type":"ListItem","position":1,"name":"Home","item":"https:\/\/garciacamara.com\/"},{"@type":"ListItem","position":2,"name":"Nachhaltigkeit"}]},{"@type":"WebSite","@id":"https:\/\/garciacamara.com\/#website","url":"https:\/\/garciacamara.com\/","name":"Garc\u00eda C\u00e1mara","description":"Fabricaci\u00f3n de intercambiadores de calor desde 1942.","publisher":{"@id":"https:\/\/garciacamara.com\/#organization"},"potentialAction":[{"@type":"SearchAction","target":{"@type":"EntryPoint","urlTemplate":"https:\/\/garciacamara.com\/?s={search_term_string}"},"query-input":{"@type":"PropertyValueSpecification","valueRequired":true,"valueName":"search_term_string"}}],"inLanguage":"de"},{"@type":"Organization","@id":"https:\/\/garciacamara.com\/#organization","name":"Garc\u00eda C\u00e1mara","url":"https:\/\/garciacamara.com\/","logo":{"@type":"ImageObject","inLanguage":"de","@id":"https:\/\/garciacamara.com\/#\/schema\/logo\/image\/","url":"https:\/\/garciacamara.com\/wp-content\/uploads\/2022\/03\/logo-garcia-camara-gc-4.svg","contentUrl":"https:\/\/garciacamara.com\/wp-content\/uploads\/2022\/03\/logo-garcia-camara-gc-4.svg","width":1,"height":1,"caption":"Garc\u00eda C\u00e1mara"},"image":{"@id":"https:\/\/garciacamara.com\/#\/schema\/logo\/image\/"}}]}},"_links":{"self":[{"href":"https:\/\/garciacamara.com\/de\/wp-json\/wp\/v2\/pages\/1676","targetHints":{"allow":["GET"]}}],"collection":[{"href":"https:\/\/garciacamara.com\/de\/wp-json\/wp\/v2\/pages"}],"about":[{"href":"https:\/\/garciacamara.com\/de\/wp-json\/wp\/v2\/types\/page"}],"author":[{"embeddable":true,"href":"https:\/\/garciacamara.com\/de\/wp-json\/wp\/v2\/users\/1"}],"replies":[{"embeddable":true,"href":"https:\/\/garciacamara.com\/de\/wp-json\/wp\/v2\/comments?post=1676"}],"version-history":[{"count":10,"href":"https:\/\/garciacamara.com\/de\/wp-json\/wp\/v2\/pages\/1676\/revisions"}],"predecessor-version":[{"id":1736,"href":"https:\/\/garciacamara.com\/de\/wp-json\/wp\/v2\/pages\/1676\/revisions\/1736"}],"wp:attachment":[{"href":"https:\/\/garciacamara.com\/de\/wp-json\/wp\/v2\/media?parent=1676"}],"curies":[{"name":"wp","href":"https:\/\/api.w.org\/{rel}","templated":true}]}}