{"id":864,"date":"2021-11-09T09:07:23","date_gmt":"2021-11-09T09:07:23","guid":{"rendered":"https:\/\/garciacamara.com\/?page_id=864"},"modified":"2022-03-11T08:34:39","modified_gmt":"2022-03-11T08:34:39","slug":"contact","status":"publish","type":"page","link":"https:\/\/garciacamara.com\/en\/contact\/","title":{"rendered":"Contact"},"content":{"rendered":"\t\t<div data-elementor-type=\"wp-page\" data-elementor-id=\"864\" class=\"elementor elementor-864 elementor-420\" data-elementor-post-type=\"page\">\n\t\t\t\t\t\t<section class=\"elementor-section elementor-top-section elementor-element elementor-element-022d149 elementor-section-full_width elementor-section-height-default elementor-section-height-default\" data-id=\"022d149\" data-element_type=\"section\" data-e-type=\"section\" data-settings=\"{&quot;background_background&quot;:&quot;classic&quot;}\">\n\t\t\t\t\t\t<div class=\"elementor-container elementor-column-gap-no\">\n\t\t\t\t\t<div class=\"elementor-column elementor-col-100 elementor-top-column elementor-element elementor-element-844a722\" data-id=\"844a722\" data-element_type=\"column\" data-e-type=\"column\">\n\t\t\t<div class=\"elementor-widget-wrap elementor-element-populated\">\n\t\t\t\t\t\t<div class=\"elementor-element elementor-element-0d53b15 elementor-widget elementor-widget-google_maps\" data-id=\"0d53b15\" data-element_type=\"widget\" data-e-type=\"widget\" data-widget_type=\"google_maps.default\">\n\t\t\t\t<div class=\"elementor-widget-container\">\n\t\t\t\t\t\t\t<div class=\"elementor-custom-embed\">\n\t\t\t<iframe loading=\"lazy\"\n\t\t\t\t\tsrc=\"https:\/\/maps.google.com\/maps?q=Garc%C3%ADa%20C%C3%A1mara%20Ctra.%20de%20la%20Base%2C%205%2C%2046163%20Marines%2C%20Valencia&#038;t=m&#038;z=10&#038;output=embed&#038;iwloc=near\"\n\t\t\t\t\ttitle=\"Garc\u00eda C\u00e1mara Ctra. de la Base, 5, 46163 Marines, Valencia\"\n\t\t\t\t\taria-label=\"Garc\u00eda C\u00e1mara Ctra. de la Base, 5, 46163 Marines, Valencia\"\n\t\t\t><\/iframe>\n\t\t<\/div>\n\t\t\t\t\t\t<\/div>\n\t\t\t\t<\/div>\n\t\t\t\t\t<\/div>\n\t\t<\/div>\n\t\t\t\t\t<\/div>\n\t\t<\/section>\n\t\t\t\t<section class=\"elementor-section elementor-top-section elementor-element elementor-element-a526ef2 elementor-section-boxed elementor-section-height-default elementor-section-height-default\" data-id=\"a526ef2\" data-element_type=\"section\" data-e-type=\"section\">\n\t\t\t\t\t\t<div class=\"elementor-container elementor-column-gap-default\">\n\t\t\t\t\t<div class=\"elementor-column elementor-col-100 elementor-top-column elementor-element elementor-element-6ade122\" data-id=\"6ade122\" data-element_type=\"column\" data-e-type=\"column\">\n\t\t\t<div class=\"elementor-widget-wrap elementor-element-populated\">\n\t\t\t\t\t\t<div class=\"elementor-element elementor-element-ef7ea24 elementor-widget elementor-widget-heading\" data-id=\"ef7ea24\" data-element_type=\"widget\" data-e-type=\"widget\" data-widget_type=\"heading.default\">\n\t\t\t\t<div class=\"elementor-widget-container\">\n\t\t\t\t\t<h2 class=\"elementor-heading-title elementor-size-default\">Contact us<\/h2>\t\t\t\t<\/div>\n\t\t\t\t<\/div>\n\t\t\t\t<section class=\"elementor-section elementor-inner-section elementor-element elementor-element-5b4d49b elementor-section-boxed elementor-section-height-default elementor-section-height-default\" data-id=\"5b4d49b\" data-element_type=\"section\" data-e-type=\"section\">\n\t\t\t\t\t\t<div class=\"elementor-container elementor-column-gap-default\">\n\t\t\t\t\t<div class=\"elementor-column elementor-col-50 elementor-inner-column elementor-element elementor-element-1fe5789\" data-id=\"1fe5789\" data-element_type=\"column\" data-e-type=\"column\">\n\t\t\t<div class=\"elementor-widget-wrap elementor-element-populated\">\n\t\t\t\t\t\t<div class=\"elementor-element elementor-element-c6858e1 elementor-widget elementor-widget-image\" data-id=\"c6858e1\" data-element_type=\"widget\" data-e-type=\"widget\" data-widget_type=\"image.default\">\n\t\t\t\t<div class=\"elementor-widget-container\">\n\t\t\t\t\t\t\t\t\t\t\t\t\t\t\t<img fetchpriority=\"high\" decoding=\"async\" width=\"800\" height=\"800\" src=\"https:\/\/garciacamara.com\/wp-content\/uploads\/2021\/11\/logo-garcia-camara.svg\" class=\"attachment-large size-large wp-image-650\" alt=\"\" \/>\t\t\t\t\t\t\t\t\t\t\t\t\t\t\t<\/div>\n\t\t\t\t<\/div>\n\t\t\t\t<div class=\"elementor-element elementor-element-74da402 elementor-widget elementor-widget-html\" data-id=\"74da402\" data-element_type=\"widget\" data-e-type=\"widget\" data-widget_type=\"html.default\">\n\t\t\t\t<div class=\"elementor-widget-container\">\n\t\t\t\t\t<div style=\"font-family: Montserrat; max-width: 280px;\">Pol\u00edgono Industrial de Marines s\/n 46163 Marines, Valencia (Spain).<\/div>\n<br>\n<div>\n<p><span style=\"color: #549ACD;\">Phone:<\/span> +34 96 272 40 01<\/p>\n<p><span style=\"color: #549ACD;\">Fax.:<\/span> +34 96 164 81 26<\/p>\n<\/div>\t\t\t\t<\/div>\n\t\t\t\t<\/div>\n\t\t\t\t\t<\/div>\n\t\t<\/div>\n\t\t\t\t<div class=\"elementor-column elementor-col-50 elementor-inner-column elementor-element elementor-element-c7cf650\" data-id=\"c7cf650\" data-element_type=\"column\" data-e-type=\"column\">\n\t\t\t<div class=\"elementor-widget-wrap elementor-element-populated\">\n\t\t\t\t\t\t<div class=\"elementor-element elementor-element-f17e1e5 elementor-widget elementor-widget-text-editor\" data-id=\"f17e1e5\" data-element_type=\"widget\" data-e-type=\"widget\" data-widget_type=\"text-editor.default\">\n\t\t\t\t<div class=\"elementor-widget-container\">\n\t\t\t\t\t\t\t\t\t<p>Do you want to take contact with us?<\/p>\t\t\t\t\t\t\t\t<\/div>\n\t\t\t\t<\/div>\n\t\t\t\t<div class=\"elementor-element elementor-element-95c79e1 elementor-widget elementor-widget-text-editor\" data-id=\"95c79e1\" data-element_type=\"widget\" data-e-type=\"widget\" data-widget_type=\"text-editor.default\">\n\t\t\t\t<div class=\"elementor-widget-container\">\n\t\t\t\t\t\t\t\t\t<p>Write to us and we will answer you as soon as possible.<\/p>\t\t\t\t\t\t\t\t<\/div>\n\t\t\t\t<\/div>\n\t\t\t\t<div class=\"elementor-element elementor-element-dea6fb2 elementor-widget elementor-widget-text-editor\" data-id=\"dea6fb2\" data-element_type=\"widget\" data-e-type=\"widget\" data-widget_type=\"text-editor.default\">\n\t\t\t\t<div class=\"elementor-widget-container\">\n\t\t\t\t\t\t\t\t\t\n<div class=\"wpcf7 no-js\" id=\"wpcf7-f1134-o1\" lang=\"\" dir=\"ltr\" data-wpcf7-id=\"1134\">\n<div class=\"screen-reader-response\"><p role=\"status\" aria-live=\"polite\" aria-atomic=\"true\"><\/p> <ul><\/ul><\/div>\n<form action=\"\/en\/wp-json\/wp\/v2\/pages\/864#wpcf7-f1134-o1\" method=\"post\" class=\"wpcf7-form init\" aria-label=\"Contact form\" novalidate=\"novalidate\" data-status=\"init\">\n<fieldset class=\"hidden-fields-container\"><input type=\"hidden\" name=\"_wpcf7\" value=\"1134\" \/><input type=\"hidden\" name=\"_wpcf7_version\" value=\"6.1.5\" \/><input type=\"hidden\" name=\"_wpcf7_locale\" value=\"\" \/><input type=\"hidden\" name=\"_wpcf7_unit_tag\" value=\"wpcf7-f1134-o1\" \/><input type=\"hidden\" name=\"_wpcf7_container_post\" value=\"0\" \/><input type=\"hidden\" name=\"_wpcf7_posted_data_hash\" value=\"\" \/><input type=\"hidden\" name=\"_wpcf7_recaptcha_response\" value=\"\" \/>\n<\/fieldset>\n<p><label><br \/>\n<span class=\"wpcf7-form-control-wrap\" data-name=\"your-name\"><input size=\"40\" maxlength=\"400\" class=\"wpcf7-form-control wpcf7-text wpcf7-validates-as-required\" aria-required=\"true\" aria-invalid=\"false\" placeholder=\"Name\" value=\"\" type=\"text\" name=\"your-name\" \/><\/span> <\/label>\n<\/p>\n<p><label><br \/>\n<span class=\"wpcf7-form-control-wrap\" data-name=\"your-email\"><input size=\"40\" maxlength=\"400\" class=\"wpcf7-form-control wpcf7-email wpcf7-validates-as-required wpcf7-text wpcf7-validates-as-email\" aria-required=\"true\" aria-invalid=\"false\" placeholder=\"Email\" value=\"\" type=\"email\" name=\"your-email\" \/><\/span> <\/label>\n<\/p>\n<p><label><br \/>\n<span class=\"wpcf7-form-control-wrap\" data-name=\"your-message\"><textarea cols=\"40\" rows=\"10\" maxlength=\"2000\" class=\"wpcf7-form-control wpcf7-textarea wpcf7-validates-as-required\" aria-required=\"true\" aria-invalid=\"false\" placeholder=\"Message\" name=\"your-message\"><\/textarea><\/span> <\/label>\n<\/p>\n<p><label><br \/>\n<span class=\"wpcf7-form-control-wrap\" data-name=\"checkbox-493\"><span class=\"wpcf7-form-control wpcf7-checkbox wpcf7-validates-as-required\"><span class=\"wpcf7-list-item first last\"><label><input type=\"checkbox\" name=\"checkbox-493[]\" value=\"\" \/><span class=\"wpcf7-list-item-label\"><\/span><\/label><\/span><\/span><\/span> <span style=\"font-size: 12px; line-height: 16px;\">* By ticking this box you here by agree to the terms of this privacy policy in order to comply with the service requested, and confirm you have read and agree to the privacy policy of <b>GARCIA CAMARA, S.L.\u00a0(*) Mandatory agreement.<\/b><\/span><\/label>\n<\/p>\n<p><label><br \/>\n<span class=\"wpcf7-form-control-wrap\" data-name=\"checkbox-494\"><span class=\"wpcf7-form-control wpcf7-checkbox\"><span class=\"wpcf7-list-item first last\"><label><input type=\"checkbox\" name=\"checkbox-494[]\" value=\"\" \/><span class=\"wpcf7-list-item-label\"><\/span><\/label><\/span><\/span><\/span> <span style=\"font-size: 12px; line-height: 16px;\">By ticking this box you also accept the data processing for receiving the newsletter o information about our services and products.<\/span><\/label>\n<\/p>\n<p><input class=\"wpcf7-form-control wpcf7-submit has-spinner\" type=\"submit\" value=\"Submit\" \/>\n<\/p><div class=\"wpcf7-response-output\" aria-hidden=\"true\"><\/div>\n<\/form>\n<\/div>\n\t\t\t\t\t\t\t\t<\/div>\n\t\t\t\t<\/div>\n\t\t\t\t<div class=\"elementor-element elementor-element-8623a48 elementor-widget elementor-widget-text-editor\" data-id=\"8623a48\" data-element_type=\"widget\" data-e-type=\"widget\" data-widget_type=\"text-editor.default\">\n\t\t\t\t<div class=\"elementor-widget-container\">\n\t\t\t\t\t\t\t\t\t<table cellspacing=\"0\" cellpadding=\"0\">\n<tbody>\n<tr>\n<td colspan=\"2\" valign=\"top\">\n<p align=\"center\"><span style=\"color: #000000; font-family: Arial; font-size: small;\"><b>Basic information on Data Protection<\/b><\/span><\/p>\n<\/td>\n<\/tr>\n<tr>\n<td valign=\"top\">\n<p align=\"justify\"><span style=\"color: #000000; font-family: Arial; font-size: xx-small;\"><b>Responsible for Treatment<\/b><\/span><\/p>\n<\/td>\n<td valign=\"top\">\n<p align=\"justify\"><span style=\"color: #000000; font-family: Arial; font-size: xx-small;\">GARCIA CAMARA, S.L.<\/span><\/p>\n<\/td>\n<\/tr>\n<tr>\n<td valign=\"top\">\n<p align=\"justify\"><span style=\"color: #000000; font-family: Arial; font-size: xx-small;\"><b>Treatment purposes<\/b><\/span><\/p>\n<\/td>\n<td valign=\"top\">\n<p align=\"justify\"><span style=\"color: #000000; font-family: Arial; font-size: xx-small;\">Informative website and electronic commerce (online store).<\/span><\/p>\n<p align=\"justify\"><span style=\"color: #000000; font-family: Arial; font-size: xx-small;\">Management of queries through forms.<span class=\"Apple-converted-space\">\u00a0<\/span><\/span><\/p>\n<p align=\"justify\"><span style=\"color: #000000; font-family: Arial; font-size: xx-small;\">Commercial information about our products, with the prior consent of the user.<\/span><\/p>\n<\/td>\n<\/tr>\n<tr>\n<td valign=\"top\">\n<p align=\"justify\"><span style=\"color: #000000; font-family: Arial; font-size: xx-small;\"><b>Legitimation of the treatment<\/b><\/span><\/p>\n<\/td>\n<td valign=\"top\">\n<p align=\"justify\"><span style=\"color: #000000; font-family: Arial; font-size: xx-small;\">Express consent of the interested party.<\/span><\/p>\n<p align=\"justify\"><span style=\"color: #000000; font-family: Arial; font-size: xx-small;\">Legitimate interest for data processing.<\/span><\/p>\n<p align=\"justify\"><span style=\"color: #000000; font-family: Arial; font-size: xx-small;\">Compliance with legal obligations.<\/span><\/p>\n<\/td>\n<\/tr>\n<tr>\n<td valign=\"top\">\n<p align=\"justify\"><span style=\"color: #000000; font-family: Arial; font-size: xx-small;\"><b>Data retention<\/b><\/span><\/p>\n<\/td>\n<td valign=\"top\">\n<p align=\"justify\"><span style=\"color: #000000; font-family: Arial; font-size: xx-small;\">The data will be kept for the time necessary to fulfill the purposes collected, as well as to comply with legal obligations.<\/span><\/p>\n<\/td>\n<\/tr>\n<tr>\n<td valign=\"top\">\n<p align=\"justify\"><span style=\"color: #000000; font-family: Arial; font-size: xx-small;\"><b>Recipients<\/b><\/span><\/p>\n<\/td>\n<td valign=\"top\">\n<p align=\"justify\"><span style=\"color: #000000; font-family: Arial; font-size: xx-small;\">In some cases, when necessary, GARCIA CAMARA, S.L. transfers user data to third parties and when there is a legal obligation.<span class=\"Apple-converted-space\">\u00a0<\/span><\/span><\/p>\n<\/td>\n<\/tr>\n<tr>\n<td valign=\"top\">\n<p align=\"justify\"><span style=\"color: #000000; font-family: Arial; font-size: xx-small;\"><b>Rights of the interested parties<\/b><\/span><\/p>\n<\/td>\n<td valign=\"top\">\n<p align=\"justify\"><span style=\"color: #000000; font-family: Arial; font-size: xx-small;\">Access, rectify and delete the data, as well as other rights, as explained in the additional information<\/span><\/p>\n<\/td>\n<\/tr>\n<tr>\n<td valign=\"top\">\n<p align=\"justify\"><span style=\"color: #000000; font-family: Arial; font-size: xx-small;\"><b>Additional Information<\/b><\/span><\/p>\n<\/td>\n<td valign=\"top\">\n<p align=\"justify\"><span style=\"color: #000000; font-family: Arial; font-size: xx-small;\">You can consult the additional and detailed information on Data Protection in the attached clauses found in our <a href=\"http:\/\/www.garciacamara.com\/privacy-policy\"><span style=\"color: #0000ff;\"><u>Privacy Policy<\/u><\/span><\/a>.<\/span><\/p>\n<\/td>\n<\/tr>\n<\/tbody>\n<\/table>\t\t\t\t\t\t\t\t<\/div>\n\t\t\t\t<\/div>\n\t\t\t\t\t<\/div>\n\t\t<\/div>\n\t\t\t\t\t<\/div>\n\t\t<\/section>\n\t\t\t\t\t<\/div>\n\t\t<\/div>\n\t\t\t\t\t<\/div>\n\t\t<\/section>\n\t\t\t\t<\/div>\n\t\t","protected":false},"excerpt":{"rendered":"<p>Contact us Pol\u00edgono Industrial de Marines s\/n 46163 Marines, Valencia (Spain). Phone: +34 96 272 40 01 Fax.: +34 96 164 81 26 Do you want to take contact with us? Write to us and we will answer you as soon as possible. Basic information on Data Protection Responsible for Treatment GARCIA CAMARA, S.L. Treatment [&hellip;]<\/p>\n","protected":false},"author":1,"featured_media":0,"parent":0,"menu_order":0,"comment_status":"closed","ping_status":"closed","template":"elementor_header_footer","meta":{"inline_featured_image":false,"footnotes":""},"class_list":["post-864","page","type-page","status-publish","hentry"],"yoast_head":"<!-- This site is optimized with the Yoast SEO plugin v27.5 - https:\/\/yoast.com\/product\/yoast-seo-wordpress\/ -->\n<title>Contact - Garc\u00eda C\u00e1mara<\/title>\n<meta name=\"robots\" content=\"index, follow, max-snippet:-1, max-image-preview:large, max-video-preview:-1\" \/>\n<link rel=\"canonical\" href=\"https:\/\/garciacamara.com\/en\/contact\/\" \/>\n<meta property=\"og:locale\" content=\"en_US\" \/>\n<meta property=\"og:type\" content=\"article\" \/>\n<meta property=\"og:title\" content=\"Contact - Garc\u00eda C\u00e1mara\" \/>\n<meta property=\"og:description\" content=\"Contact us Pol\u00edgono Industrial de Marines s\/n 46163 Marines, Valencia (Spain). Phone: +34 96 272 40 01 Fax.: +34 96 164 81 26 Do you want to take contact with us? Write to us and we will answer you as soon as possible. Basic information on Data Protection Responsible for Treatment GARCIA CAMARA, S.L. Treatment [&hellip;]\" \/>\n<meta property=\"og:url\" content=\"https:\/\/garciacamara.com\/en\/contact\/\" \/>\n<meta property=\"og:site_name\" content=\"Garc\u00eda C\u00e1mara\" \/>\n<meta property=\"article:modified_time\" content=\"2022-03-11T08:34:39+00:00\" \/>\n<meta property=\"og:image\" content=\"https:\/\/garciacamara.com\/wp-content\/uploads\/2021\/11\/logo-garcia-camara.svg\" \/>\n<meta name=\"twitter:card\" content=\"summary_large_image\" \/>\n<meta name=\"twitter:label1\" content=\"Est. reading time\" \/>\n\t<meta name=\"twitter:data1\" content=\"2 minutes\" \/>\n<script type=\"application\/ld+json\" class=\"yoast-schema-graph\">{\"@context\":\"https:\\\/\\\/schema.org\",\"@graph\":[{\"@type\":\"WebPage\",\"@id\":\"https:\\\/\\\/garciacamara.com\\\/en\\\/contact\\\/\",\"url\":\"https:\\\/\\\/garciacamara.com\\\/en\\\/contact\\\/\",\"name\":\"Contact - Garc\u00eda C\u00e1mara\",\"isPartOf\":{\"@id\":\"https:\\\/\\\/garciacamara.com\\\/#website\"},\"primaryImageOfPage\":{\"@id\":\"https:\\\/\\\/garciacamara.com\\\/en\\\/contact\\\/#primaryimage\"},\"image\":{\"@id\":\"https:\\\/\\\/garciacamara.com\\\/en\\\/contact\\\/#primaryimage\"},\"thumbnailUrl\":\"https:\\\/\\\/garciacamara.com\\\/wp-content\\\/uploads\\\/2021\\\/11\\\/logo-garcia-camara.svg\",\"datePublished\":\"2021-11-09T09:07:23+00:00\",\"dateModified\":\"2022-03-11T08:34:39+00:00\",\"breadcrumb\":{\"@id\":\"https:\\\/\\\/garciacamara.com\\\/en\\\/contact\\\/#breadcrumb\"},\"inLanguage\":\"en-US\",\"potentialAction\":[{\"@type\":\"ReadAction\",\"target\":[\"https:\\\/\\\/garciacamara.com\\\/en\\\/contact\\\/\"]}]},{\"@type\":\"ImageObject\",\"inLanguage\":\"en-US\",\"@id\":\"https:\\\/\\\/garciacamara.com\\\/en\\\/contact\\\/#primaryimage\",\"url\":\"https:\\\/\\\/garciacamara.com\\\/wp-content\\\/uploads\\\/2021\\\/11\\\/logo-garcia-camara.svg\",\"contentUrl\":\"https:\\\/\\\/garciacamara.com\\\/wp-content\\\/uploads\\\/2021\\\/11\\\/logo-garcia-camara.svg\"},{\"@type\":\"BreadcrumbList\",\"@id\":\"https:\\\/\\\/garciacamara.com\\\/en\\\/contact\\\/#breadcrumb\",\"itemListElement\":[{\"@type\":\"ListItem\",\"position\":1,\"name\":\"Home\",\"item\":\"https:\\\/\\\/garciacamara.com\\\/\"},{\"@type\":\"ListItem\",\"position\":2,\"name\":\"Contact\"}]},{\"@type\":\"WebSite\",\"@id\":\"https:\\\/\\\/garciacamara.com\\\/#website\",\"url\":\"https:\\\/\\\/garciacamara.com\\\/\",\"name\":\"Garc\u00eda C\u00e1mara\",\"description\":\"Fabricaci\u00f3n de intercambiadores de calor desde 1942.\",\"publisher\":{\"@id\":\"https:\\\/\\\/garciacamara.com\\\/#organization\"},\"potentialAction\":[{\"@type\":\"SearchAction\",\"target\":{\"@type\":\"EntryPoint\",\"urlTemplate\":\"https:\\\/\\\/garciacamara.com\\\/?s={search_term_string}\"},\"query-input\":{\"@type\":\"PropertyValueSpecification\",\"valueRequired\":true,\"valueName\":\"search_term_string\"}}],\"inLanguage\":\"en-US\"},{\"@type\":\"Organization\",\"@id\":\"https:\\\/\\\/garciacamara.com\\\/#organization\",\"name\":\"Garc\u00eda C\u00e1mara\",\"url\":\"https:\\\/\\\/garciacamara.com\\\/\",\"logo\":{\"@type\":\"ImageObject\",\"inLanguage\":\"en-US\",\"@id\":\"https:\\\/\\\/garciacamara.com\\\/#\\\/schema\\\/logo\\\/image\\\/\",\"url\":\"https:\\\/\\\/garciacamara.com\\\/wp-content\\\/uploads\\\/2022\\\/03\\\/logo-garcia-camara-gc-4.svg\",\"contentUrl\":\"https:\\\/\\\/garciacamara.com\\\/wp-content\\\/uploads\\\/2022\\\/03\\\/logo-garcia-camara-gc-4.svg\",\"width\":1,\"height\":1,\"caption\":\"Garc\u00eda C\u00e1mara\"},\"image\":{\"@id\":\"https:\\\/\\\/garciacamara.com\\\/#\\\/schema\\\/logo\\\/image\\\/\"}}]}<\/script>\n<!-- \/ Yoast SEO plugin. -->","yoast_head_json":{"title":"Contact - Garc\u00eda C\u00e1mara","robots":{"index":"index","follow":"follow","max-snippet":"max-snippet:-1","max-image-preview":"max-image-preview:large","max-video-preview":"max-video-preview:-1"},"canonical":"https:\/\/garciacamara.com\/en\/contact\/","og_locale":"en_US","og_type":"article","og_title":"Contact - Garc\u00eda C\u00e1mara","og_description":"Contact us Pol\u00edgono Industrial de Marines s\/n 46163 Marines, Valencia (Spain). Phone: +34 96 272 40 01 Fax.: +34 96 164 81 26 Do you want to take contact with us? Write to us and we will answer you as soon as possible. Basic information on Data Protection Responsible for Treatment GARCIA CAMARA, S.L. Treatment [&hellip;]","og_url":"https:\/\/garciacamara.com\/en\/contact\/","og_site_name":"Garc\u00eda C\u00e1mara","article_modified_time":"2022-03-11T08:34:39+00:00","og_image":[{"url":"https:\/\/garciacamara.com\/wp-content\/uploads\/2021\/11\/logo-garcia-camara.svg","type":"","width":"","height":""}],"twitter_card":"summary_large_image","twitter_misc":{"Est. reading time":"2 minutes"},"schema":{"@context":"https:\/\/schema.org","@graph":[{"@type":"WebPage","@id":"https:\/\/garciacamara.com\/en\/contact\/","url":"https:\/\/garciacamara.com\/en\/contact\/","name":"Contact - Garc\u00eda C\u00e1mara","isPartOf":{"@id":"https:\/\/garciacamara.com\/#website"},"primaryImageOfPage":{"@id":"https:\/\/garciacamara.com\/en\/contact\/#primaryimage"},"image":{"@id":"https:\/\/garciacamara.com\/en\/contact\/#primaryimage"},"thumbnailUrl":"https:\/\/garciacamara.com\/wp-content\/uploads\/2021\/11\/logo-garcia-camara.svg","datePublished":"2021-11-09T09:07:23+00:00","dateModified":"2022-03-11T08:34:39+00:00","breadcrumb":{"@id":"https:\/\/garciacamara.com\/en\/contact\/#breadcrumb"},"inLanguage":"en-US","potentialAction":[{"@type":"ReadAction","target":["https:\/\/garciacamara.com\/en\/contact\/"]}]},{"@type":"ImageObject","inLanguage":"en-US","@id":"https:\/\/garciacamara.com\/en\/contact\/#primaryimage","url":"https:\/\/garciacamara.com\/wp-content\/uploads\/2021\/11\/logo-garcia-camara.svg","contentUrl":"https:\/\/garciacamara.com\/wp-content\/uploads\/2021\/11\/logo-garcia-camara.svg"},{"@type":"BreadcrumbList","@id":"https:\/\/garciacamara.com\/en\/contact\/#breadcrumb","itemListElement":[{"@type":"ListItem","position":1,"name":"Home","item":"https:\/\/garciacamara.com\/"},{"@type":"ListItem","position":2,"name":"Contact"}]},{"@type":"WebSite","@id":"https:\/\/garciacamara.com\/#website","url":"https:\/\/garciacamara.com\/","name":"Garc\u00eda C\u00e1mara","description":"Fabricaci\u00f3n de intercambiadores de calor desde 1942.","publisher":{"@id":"https:\/\/garciacamara.com\/#organization"},"potentialAction":[{"@type":"SearchAction","target":{"@type":"EntryPoint","urlTemplate":"https:\/\/garciacamara.com\/?s={search_term_string}"},"query-input":{"@type":"PropertyValueSpecification","valueRequired":true,"valueName":"search_term_string"}}],"inLanguage":"en-US"},{"@type":"Organization","@id":"https:\/\/garciacamara.com\/#organization","name":"Garc\u00eda C\u00e1mara","url":"https:\/\/garciacamara.com\/","logo":{"@type":"ImageObject","inLanguage":"en-US","@id":"https:\/\/garciacamara.com\/#\/schema\/logo\/image\/","url":"https:\/\/garciacamara.com\/wp-content\/uploads\/2022\/03\/logo-garcia-camara-gc-4.svg","contentUrl":"https:\/\/garciacamara.com\/wp-content\/uploads\/2022\/03\/logo-garcia-camara-gc-4.svg","width":1,"height":1,"caption":"Garc\u00eda C\u00e1mara"},"image":{"@id":"https:\/\/garciacamara.com\/#\/schema\/logo\/image\/"}}]}},"_links":{"self":[{"href":"https:\/\/garciacamara.com\/en\/wp-json\/wp\/v2\/pages\/864","targetHints":{"allow":["GET"]}}],"collection":[{"href":"https:\/\/garciacamara.com\/en\/wp-json\/wp\/v2\/pages"}],"about":[{"href":"https:\/\/garciacamara.com\/en\/wp-json\/wp\/v2\/types\/page"}],"author":[{"embeddable":true,"href":"https:\/\/garciacamara.com\/en\/wp-json\/wp\/v2\/users\/1"}],"replies":[{"embeddable":true,"href":"https:\/\/garciacamara.com\/en\/wp-json\/wp\/v2\/comments?post=864"}],"version-history":[{"count":25,"href":"https:\/\/garciacamara.com\/en\/wp-json\/wp\/v2\/pages\/864\/revisions"}],"predecessor-version":[{"id":1149,"href":"https:\/\/garciacamara.com\/en\/wp-json\/wp\/v2\/pages\/864\/revisions\/1149"}],"wp:attachment":[{"href":"https:\/\/garciacamara.com\/en\/wp-json\/wp\/v2\/media?parent=864"}],"curies":[{"name":"wp","href":"https:\/\/api.w.org\/{rel}","templated":true}]}}