{"id":881,"date":"2021-11-05T08:46:50","date_gmt":"2021-11-05T08:46:50","guid":{"rendered":"https:\/\/garciacamara.com\/?page_id=881"},"modified":"2023-04-11T09:21:57","modified_gmt":"2023-04-11T09:21:57","slug":"company","status":"publish","type":"page","link":"https:\/\/garciacamara.com\/en\/company\/","title":{"rendered":"Company"},"content":{"rendered":"\t\t<div data-elementor-type=\"wp-page\" data-elementor-id=\"881\" class=\"elementor elementor-881 elementor-148\" data-elementor-post-type=\"page\">\n\t\t\t\t\t\t<section class=\"elementor-section elementor-top-section elementor-element elementor-element-022d149 elementor-section-full_width elementor-section-height-default elementor-section-height-default\" data-id=\"022d149\" data-element_type=\"section\" data-settings=\"{&quot;background_background&quot;:&quot;classic&quot;}\">\n\t\t\t\t\t\t<div class=\"elementor-container elementor-column-gap-default\">\n\t\t\t\t\t<div class=\"elementor-column elementor-col-100 elementor-top-column elementor-element elementor-element-844a722\" data-id=\"844a722\" data-element_type=\"column\">\n\t\t\t<div class=\"elementor-widget-wrap elementor-element-populated\">\n\t\t\t\t\t\t<div class=\"elementor-element elementor-element-9e79e03 elementor-widget elementor-widget-spacer\" data-id=\"9e79e03\" data-element_type=\"widget\" data-widget_type=\"spacer.default\">\n\t\t\t\t<div class=\"elementor-widget-container\">\n\t\t\t\t\t\t\t<div class=\"elementor-spacer\">\n\t\t\t<div class=\"elementor-spacer-inner\"><\/div>\n\t\t<\/div>\n\t\t\t\t\t\t<\/div>\n\t\t\t\t<\/div>\n\t\t\t\t\t<\/div>\n\t\t<\/div>\n\t\t\t\t\t<\/div>\n\t\t<\/section>\n\t\t\t\t<section class=\"elementor-section elementor-top-section elementor-element elementor-element-a526ef2 elementor-section-boxed elementor-section-height-default elementor-section-height-default\" data-id=\"a526ef2\" data-element_type=\"section\">\n\t\t\t\t\t\t<div class=\"elementor-container elementor-column-gap-default\">\n\t\t\t\t\t<div class=\"elementor-column elementor-col-100 elementor-top-column elementor-element elementor-element-6ade122\" data-id=\"6ade122\" data-element_type=\"column\">\n\t\t\t<div class=\"elementor-widget-wrap elementor-element-populated\">\n\t\t\t\t\t\t<div class=\"elementor-element elementor-element-ef7ea24 elementor-widget elementor-widget-heading\" data-id=\"ef7ea24\" data-element_type=\"widget\" data-widget_type=\"heading.default\">\n\t\t\t\t<div class=\"elementor-widget-container\">\n\t\t\t\t\t<h2 class=\"elementor-heading-title elementor-size-default\">Our <b>Company<\/b><\/h2>\t\t\t\t<\/div>\n\t\t\t\t<\/div>\n\t\t\t\t<div class=\"elementor-element elementor-element-dea6fb2 elementor-widget elementor-widget-text-editor\" data-id=\"dea6fb2\" data-element_type=\"widget\" data-widget_type=\"text-editor.default\">\n\t\t\t\t<div class=\"elementor-widget-container\">\n\t\t\t\t\t\t\t\t\t<p><strong><span class=\"garcia-blue\">GARC\u00cdA C\u00c1MARA<\/span><\/strong> produces heat exchangers <strong>since 1942<\/strong>. Our goal for 80 years now is to provide our client with the best solution possible regarding the changing and demanding needs of the market. Therefore, we have high technological machines, 5000m2 modern facilities, well communicated with the most important places of the area and supported by a flexible and well-qualified staff.<\/p><p>Our main goal is to reach the best quality, therefore we investigate, we invest and we develop new processes and products.<\/p><p><strong><span class=\"garcia-blue\">GC<\/span><\/strong> is accreditated to ISO 9001 in its quality system concerning the design, the manufacturing and marketing of heat exchangers.<\/p><p>Furthermore, all products produced by <strong>GC<\/strong> complies with the following regulation:<\/p><p>\u00b7 <strong>2014\/35\/UE: Directive on Low Voltage Equipment <\/strong><\/p><p>\u00b7 <strong>2014\/30\/UE: Directive on Electromagnetic Compatibility Directive<\/strong><\/p><p>\u00b7 <strong>2014\/68\/UE: Directive on Pressure Equipment<\/strong><\/p>\t\t\t\t\t\t\t\t<\/div>\n\t\t\t\t<\/div>\n\t\t\t\t<section class=\"elementor-section elementor-inner-section elementor-element elementor-element-f7844c2 elementor-section-boxed elementor-section-height-default elementor-section-height-default\" data-id=\"f7844c2\" data-element_type=\"section\">\n\t\t\t\t\t\t<div class=\"elementor-container elementor-column-gap-default\">\n\t\t\t\t\t<div class=\"elementor-column elementor-col-33 elementor-inner-column elementor-element elementor-element-aaf9a14\" data-id=\"aaf9a14\" data-element_type=\"column\">\n\t\t\t<div class=\"elementor-widget-wrap elementor-element-populated\">\n\t\t\t\t\t\t<div class=\"elementor-element elementor-element-c942592 elementor-widget elementor-widget-heading\" data-id=\"c942592\" data-element_type=\"widget\" data-widget_type=\"heading.default\">\n\t\t\t\t<div class=\"elementor-widget-container\">\n\t\t\t\t\t<h3 class=\"elementor-heading-title elementor-size-default\">Certificate of quality<\/h3>\t\t\t\t<\/div>\n\t\t\t\t<\/div>\n\t\t\t\t<div class=\"elementor-element elementor-element-7183276 elementor-widget elementor-widget-image\" data-id=\"7183276\" data-element_type=\"widget\" data-widget_type=\"image.default\">\n\t\t\t\t<div class=\"elementor-widget-container\">\n\t\t\t\t\t\t\t\t\t\t\t\t\t\t\t\t<a href=\"https:\/\/garciacamara.com\/wp-content\/uploads\/2023\/04\/CERTIFICADO_CALIDAD_EN.pdf\">\n\t\t\t\t\t\t\t<img decoding=\"async\" src=\"https:\/\/garciacamara.com\/wp-content\/uploads\/elementor\/thumbs\/Captura-de-pantalla-2023-04-11-a-las-11.21.15-q4um8jb6cq3hemrmi1asml2vom3ey8kt8a9kfspsii.png\" title=\"Captura de pantalla 2023-04-11 a las 11.21.15\" alt=\"Captura de pantalla 2023-04-11 a las 11.21.15\" loading=\"lazy\" \/>\t\t\t\t\t\t\t\t<\/a>\n\t\t\t\t\t\t\t\t\t\t\t\t\t\t\t<\/div>\n\t\t\t\t<\/div>\n\t\t\t\t\t<\/div>\n\t\t<\/div>\n\t\t\t\t<div class=\"elementor-column elementor-col-33 elementor-inner-column elementor-element elementor-element-63619c4\" data-id=\"63619c4\" data-element_type=\"column\">\n\t\t\t<div class=\"elementor-widget-wrap elementor-element-populated\">\n\t\t\t\t\t\t<div class=\"elementor-element elementor-element-5089d63 elementor-widget elementor-widget-heading\" data-id=\"5089d63\" data-element_type=\"widget\" data-widget_type=\"heading.default\">\n\t\t\t\t<div class=\"elementor-widget-container\">\n\t\t\t\t\t<h3 class=\"elementor-heading-title elementor-size-default\">Certificate GOST<\/h3>\t\t\t\t<\/div>\n\t\t\t\t<\/div>\n\t\t\t\t<div class=\"elementor-element elementor-element-6a38477 elementor-widget elementor-widget-image\" data-id=\"6a38477\" data-element_type=\"widget\" data-widget_type=\"image.default\">\n\t\t\t\t<div class=\"elementor-widget-container\">\n\t\t\t\t\t\t\t\t\t\t\t\t\t\t\t\t<a href=\"\/wp-content\/uploads\/2021\/11\/certificados_gost.pdf\">\n\t\t\t\t\t\t\t<img decoding=\"async\" src=\"https:\/\/garciacamara.com\/wp-content\/uploads\/elementor\/thumbs\/certificado-gost-pl0v6vms6t6kroc3ac2peku5eo3rlwpt860w0zjreu.png\" title=\"certificado-gost\" alt=\"certificado-gost\" loading=\"lazy\" \/>\t\t\t\t\t\t\t\t<\/a>\n\t\t\t\t\t\t\t\t\t\t\t\t\t\t\t<\/div>\n\t\t\t\t<\/div>\n\t\t\t\t\t<\/div>\n\t\t<\/div>\n\t\t\t\t<div class=\"elementor-column elementor-col-33 elementor-inner-column elementor-element elementor-element-0dd868a\" data-id=\"0dd868a\" data-element_type=\"column\">\n\t\t\t<div class=\"elementor-widget-wrap elementor-element-populated\">\n\t\t\t\t\t\t<div class=\"elementor-element elementor-element-b65f715 elementor-widget elementor-widget-heading\" data-id=\"b65f715\" data-element_type=\"widget\" data-widget_type=\"heading.default\">\n\t\t\t\t<div class=\"elementor-widget-container\">\n\t\t\t\t\t<h3 class=\"elementor-heading-title elementor-size-default\">Quality Policy<\/h3>\t\t\t\t<\/div>\n\t\t\t\t<\/div>\n\t\t\t\t<div class=\"elementor-element elementor-element-6a19027 elementor-widget elementor-widget-image\" data-id=\"6a19027\" data-element_type=\"widget\" data-widget_type=\"image.default\">\n\t\t\t\t<div class=\"elementor-widget-container\">\n\t\t\t\t\t\t\t\t\t\t\t\t\t\t\t\t<a href=\"\/wp-content\/uploads\/2021\/11\/I-CA-01.6_politica_calidad.pdf\">\n\t\t\t\t\t\t\t<img decoding=\"async\" src=\"https:\/\/garciacamara.com\/wp-content\/uploads\/elementor\/thumbs\/politica-calidad-pl0v6wkmdn7v3aaq4uhbz2lm01z4tltjkaodi9id96.png\" title=\"politica-calidad\" alt=\"politica-calidad\" loading=\"lazy\" \/>\t\t\t\t\t\t\t\t<\/a>\n\t\t\t\t\t\t\t\t\t\t\t\t\t\t\t<\/div>\n\t\t\t\t<\/div>\n\t\t\t\t\t<\/div>\n\t\t<\/div>\n\t\t\t\t\t<\/div>\n\t\t<\/section>\n\t\t\t\t\t<\/div>\n\t\t<\/div>\n\t\t\t\t\t<\/div>\n\t\t<\/section>\n\t\t\t\t<section class=\"elementor-section elementor-top-section elementor-element elementor-element-53cd544 elementor-section-boxed elementor-section-height-default elementor-section-height-default\" data-id=\"53cd544\" data-element_type=\"section\" data-settings=\"{&quot;background_background&quot;:&quot;classic&quot;}\">\n\t\t\t\t\t\t<div class=\"elementor-container elementor-column-gap-default\">\n\t\t\t\t\t<div class=\"elementor-column elementor-col-100 elementor-top-column elementor-element elementor-element-689bb7c\" data-id=\"689bb7c\" data-element_type=\"column\">\n\t\t\t<div class=\"elementor-widget-wrap elementor-element-populated\">\n\t\t\t\t\t\t<div class=\"elementor-element elementor-element-2ac9e0f elementor-widget elementor-widget-image\" data-id=\"2ac9e0f\" data-element_type=\"widget\" data-widget_type=\"image.default\">\n\t\t\t\t<div class=\"elementor-widget-container\">\n\t\t\t\t\t\t\t\t\t\t\t\t\t\t\t<img decoding=\"async\" width=\"360\" height=\"54\" src=\"https:\/\/garciacamara.com\/wp-content\/uploads\/2021\/11\/logos-garcia.png\" class=\"attachment-full size-full wp-image-699\" alt=\"\" srcset=\"https:\/\/garciacamara.com\/wp-content\/uploads\/2021\/11\/logos-garcia.png 360w, https:\/\/garciacamara.com\/wp-content\/uploads\/2021\/11\/logos-garcia-300x45.png 300w\" sizes=\"(max-width: 360px) 100vw, 360px\" \/>\t\t\t\t\t\t\t\t\t\t\t\t\t\t\t<\/div>\n\t\t\t\t<\/div>\n\t\t\t\t\t<\/div>\n\t\t<\/div>\n\t\t\t\t\t<\/div>\n\t\t<\/section>\n\t\t\t\t<section class=\"elementor-section elementor-top-section elementor-element elementor-element-7b93f38 elementor-section-boxed elementor-section-height-default elementor-section-height-default\" data-id=\"7b93f38\" data-element_type=\"section\" data-settings=\"{&quot;background_background&quot;:&quot;classic&quot;}\">\n\t\t\t\t\t\t\t<div class=\"elementor-background-overlay\"><\/div>\n\t\t\t\t\t\t\t<div class=\"elementor-container elementor-column-gap-default\">\n\t\t\t\t\t<div class=\"elementor-column elementor-col-100 elementor-top-column elementor-element elementor-element-a5d1d10\" data-id=\"a5d1d10\" data-element_type=\"column\">\n\t\t\t<div class=\"elementor-widget-wrap elementor-element-populated\">\n\t\t\t\t\t\t<div class=\"elementor-element elementor-element-1183ad9 elementor-widget elementor-widget-text-editor\" data-id=\"1183ad9\" data-element_type=\"widget\" data-widget_type=\"text-editor.default\">\n\t\t\t\t<div class=\"elementor-widget-container\">\n\t\t\t\t\t\t\t\t\t<p>At <strong>GC<\/strong> we have more than 80 years of experience, we have been manufacturing heat exchangers since 1942. Our goal is to provide our customers with the best possible solution to the needs of a changing and demanding market.<\/p>\t\t\t\t\t\t\t\t<\/div>\n\t\t\t\t<\/div>\n\t\t\t\t\t<\/div>\n\t\t<\/div>\n\t\t\t\t\t<\/div>\n\t\t<\/section>\n\t\t\t\t<\/div>\n\t\t","protected":false},"excerpt":{"rendered":"<p>Our Company GARC\u00cdA C\u00c1MARA produces heat exchangers since 1942. Our goal for 80 years now is to provide our client with the best solution possible regarding the changing and demanding needs of the market. Therefore, we have high technological machines, 5000m2 modern facilities, well communicated with the most important places of the area and supported [&hellip;]<\/p>\n","protected":false},"author":1,"featured_media":0,"parent":0,"menu_order":0,"comment_status":"closed","ping_status":"closed","template":"elementor_header_footer","meta":{"inline_featured_image":false,"footnotes":""},"class_list":["post-881","page","type-page","status-publish","hentry"],"yoast_head":"<!-- This site is optimized with the Yoast SEO plugin v25.8 - https:\/\/yoast.com\/wordpress\/plugins\/seo\/ -->\n<title>Company - Garc\u00eda C\u00e1mara<\/title>\n<meta name=\"robots\" content=\"index, follow, max-snippet:-1, max-image-preview:large, max-video-preview:-1\" \/>\n<link rel=\"canonical\" href=\"https:\/\/garciacamara.com\/empresa\/\" \/>\n<meta property=\"og:locale\" content=\"en_US\" \/>\n<meta property=\"og:type\" content=\"article\" \/>\n<meta property=\"og:title\" content=\"Company - Garc\u00eda C\u00e1mara\" \/>\n<meta property=\"og:description\" content=\"Our Company GARC\u00cdA C\u00c1MARA produces heat exchangers since 1942. Our goal for 80 years now is to provide our client with the best solution possible regarding the changing and demanding needs of the market. Therefore, we have high technological machines, 5000m2 modern facilities, well communicated with the most important places of the area and supported [&hellip;]\" \/>\n<meta property=\"og:url\" content=\"https:\/\/garciacamara.com\/empresa\/\" \/>\n<meta property=\"og:site_name\" content=\"Garc\u00eda C\u00e1mara\" \/>\n<meta property=\"article:modified_time\" content=\"2023-04-11T09:21:57+00:00\" \/>\n<meta property=\"og:image\" content=\"https:\/\/garciacamara.com\/wp-content\/uploads\/elementor\/thumbs\/Captura-de-pantalla-2023-04-11-a-las-11.21.15-q4um8jb6cq3hemrmi1asml2vom3ey8kt8a9kfspsis.png\" \/>\n<meta name=\"twitter:card\" content=\"summary_large_image\" \/>\n<meta name=\"twitter:label1\" content=\"Est. reading time\" \/>\n\t<meta name=\"twitter:data1\" content=\"2 minutes\" \/>\n<script type=\"application\/ld+json\" class=\"yoast-schema-graph\">{\"@context\":\"https:\/\/schema.org\",\"@graph\":[{\"@type\":\"WebPage\",\"@id\":\"https:\/\/garciacamara.com\/empresa\/\",\"url\":\"https:\/\/garciacamara.com\/empresa\/\",\"name\":\"Company - Garc\u00eda C\u00e1mara\",\"isPartOf\":{\"@id\":\"https:\/\/garciacamara.com\/#website\"},\"primaryImageOfPage\":{\"@id\":\"https:\/\/garciacamara.com\/empresa\/#primaryimage\"},\"image\":{\"@id\":\"https:\/\/garciacamara.com\/empresa\/#primaryimage\"},\"thumbnailUrl\":\"https:\/\/garciacamara.com\/wp-content\/uploads\/elementor\/thumbs\/Captura-de-pantalla-2023-04-11-a-las-11.21.15-q4um8jb6cq3hemrmi1asml2vom3ey8kt8a9kfspsis.png\",\"datePublished\":\"2021-11-05T08:46:50+00:00\",\"dateModified\":\"2023-04-11T09:21:57+00:00\",\"breadcrumb\":{\"@id\":\"https:\/\/garciacamara.com\/empresa\/#breadcrumb\"},\"inLanguage\":\"en-US\",\"potentialAction\":[{\"@type\":\"ReadAction\",\"target\":[\"https:\/\/garciacamara.com\/empresa\/\"]}]},{\"@type\":\"ImageObject\",\"inLanguage\":\"en-US\",\"@id\":\"https:\/\/garciacamara.com\/empresa\/#primaryimage\",\"url\":\"https:\/\/garciacamara.com\/wp-content\/uploads\/elementor\/thumbs\/Captura-de-pantalla-2023-04-11-a-las-11.21.15-q4um8jb6cq3hemrmi1asml2vom3ey8kt8a9kfspsis.png\",\"contentUrl\":\"https:\/\/garciacamara.com\/wp-content\/uploads\/elementor\/thumbs\/Captura-de-pantalla-2023-04-11-a-las-11.21.15-q4um8jb6cq3hemrmi1asml2vom3ey8kt8a9kfspsis.png\"},{\"@type\":\"BreadcrumbList\",\"@id\":\"https:\/\/garciacamara.com\/empresa\/#breadcrumb\",\"itemListElement\":[{\"@type\":\"ListItem\",\"position\":1,\"name\":\"Home\",\"item\":\"https:\/\/garciacamara.com\/\"},{\"@type\":\"ListItem\",\"position\":2,\"name\":\"Company\"}]},{\"@type\":\"WebSite\",\"@id\":\"https:\/\/garciacamara.com\/#website\",\"url\":\"https:\/\/garciacamara.com\/\",\"name\":\"Garc\u00eda C\u00e1mara\",\"description\":\"Fabricaci\u00f3n de intercambiadores de calor desde 1942.\",\"publisher\":{\"@id\":\"https:\/\/garciacamara.com\/#organization\"},\"potentialAction\":[{\"@type\":\"SearchAction\",\"target\":{\"@type\":\"EntryPoint\",\"urlTemplate\":\"https:\/\/garciacamara.com\/?s={search_term_string}\"},\"query-input\":{\"@type\":\"PropertyValueSpecification\",\"valueRequired\":true,\"valueName\":\"search_term_string\"}}],\"inLanguage\":\"en-US\"},{\"@type\":\"Organization\",\"@id\":\"https:\/\/garciacamara.com\/#organization\",\"name\":\"Garc\u00eda C\u00e1mara\",\"url\":\"https:\/\/garciacamara.com\/\",\"logo\":{\"@type\":\"ImageObject\",\"inLanguage\":\"en-US\",\"@id\":\"https:\/\/garciacamara.com\/#\/schema\/logo\/image\/\",\"url\":\"https:\/\/garciacamara.com\/wp-content\/uploads\/2022\/03\/logo-garcia-camara-gc-4.svg\",\"contentUrl\":\"https:\/\/garciacamara.com\/wp-content\/uploads\/2022\/03\/logo-garcia-camara-gc-4.svg\",\"width\":1,\"height\":1,\"caption\":\"Garc\u00eda C\u00e1mara\"},\"image\":{\"@id\":\"https:\/\/garciacamara.com\/#\/schema\/logo\/image\/\"}}]}<\/script>\n<!-- \/ Yoast SEO plugin. -->","yoast_head_json":{"title":"Company - Garc\u00eda C\u00e1mara","robots":{"index":"index","follow":"follow","max-snippet":"max-snippet:-1","max-image-preview":"max-image-preview:large","max-video-preview":"max-video-preview:-1"},"canonical":"https:\/\/garciacamara.com\/empresa\/","og_locale":"en_US","og_type":"article","og_title":"Company - Garc\u00eda C\u00e1mara","og_description":"Our Company GARC\u00cdA C\u00c1MARA produces heat exchangers since 1942. Our goal for 80 years now is to provide our client with the best solution possible regarding the changing and demanding needs of the market. Therefore, we have high technological machines, 5000m2 modern facilities, well communicated with the most important places of the area and supported [&hellip;]","og_url":"https:\/\/garciacamara.com\/empresa\/","og_site_name":"Garc\u00eda C\u00e1mara","article_modified_time":"2023-04-11T09:21:57+00:00","og_image":[{"url":"https:\/\/garciacamara.com\/wp-content\/uploads\/elementor\/thumbs\/Captura-de-pantalla-2023-04-11-a-las-11.21.15-q4um8jb6cq3hemrmi1asml2vom3ey8kt8a9kfspsis.png","type":"","width":"","height":""}],"twitter_card":"summary_large_image","twitter_misc":{"Est. reading time":"2 minutes"},"schema":{"@context":"https:\/\/schema.org","@graph":[{"@type":"WebPage","@id":"https:\/\/garciacamara.com\/empresa\/","url":"https:\/\/garciacamara.com\/empresa\/","name":"Company - Garc\u00eda C\u00e1mara","isPartOf":{"@id":"https:\/\/garciacamara.com\/#website"},"primaryImageOfPage":{"@id":"https:\/\/garciacamara.com\/empresa\/#primaryimage"},"image":{"@id":"https:\/\/garciacamara.com\/empresa\/#primaryimage"},"thumbnailUrl":"https:\/\/garciacamara.com\/wp-content\/uploads\/elementor\/thumbs\/Captura-de-pantalla-2023-04-11-a-las-11.21.15-q4um8jb6cq3hemrmi1asml2vom3ey8kt8a9kfspsis.png","datePublished":"2021-11-05T08:46:50+00:00","dateModified":"2023-04-11T09:21:57+00:00","breadcrumb":{"@id":"https:\/\/garciacamara.com\/empresa\/#breadcrumb"},"inLanguage":"en-US","potentialAction":[{"@type":"ReadAction","target":["https:\/\/garciacamara.com\/empresa\/"]}]},{"@type":"ImageObject","inLanguage":"en-US","@id":"https:\/\/garciacamara.com\/empresa\/#primaryimage","url":"https:\/\/garciacamara.com\/wp-content\/uploads\/elementor\/thumbs\/Captura-de-pantalla-2023-04-11-a-las-11.21.15-q4um8jb6cq3hemrmi1asml2vom3ey8kt8a9kfspsis.png","contentUrl":"https:\/\/garciacamara.com\/wp-content\/uploads\/elementor\/thumbs\/Captura-de-pantalla-2023-04-11-a-las-11.21.15-q4um8jb6cq3hemrmi1asml2vom3ey8kt8a9kfspsis.png"},{"@type":"BreadcrumbList","@id":"https:\/\/garciacamara.com\/empresa\/#breadcrumb","itemListElement":[{"@type":"ListItem","position":1,"name":"Home","item":"https:\/\/garciacamara.com\/"},{"@type":"ListItem","position":2,"name":"Company"}]},{"@type":"WebSite","@id":"https:\/\/garciacamara.com\/#website","url":"https:\/\/garciacamara.com\/","name":"Garc\u00eda C\u00e1mara","description":"Fabricaci\u00f3n de intercambiadores de calor desde 1942.","publisher":{"@id":"https:\/\/garciacamara.com\/#organization"},"potentialAction":[{"@type":"SearchAction","target":{"@type":"EntryPoint","urlTemplate":"https:\/\/garciacamara.com\/?s={search_term_string}"},"query-input":{"@type":"PropertyValueSpecification","valueRequired":true,"valueName":"search_term_string"}}],"inLanguage":"en-US"},{"@type":"Organization","@id":"https:\/\/garciacamara.com\/#organization","name":"Garc\u00eda C\u00e1mara","url":"https:\/\/garciacamara.com\/","logo":{"@type":"ImageObject","inLanguage":"en-US","@id":"https:\/\/garciacamara.com\/#\/schema\/logo\/image\/","url":"https:\/\/garciacamara.com\/wp-content\/uploads\/2022\/03\/logo-garcia-camara-gc-4.svg","contentUrl":"https:\/\/garciacamara.com\/wp-content\/uploads\/2022\/03\/logo-garcia-camara-gc-4.svg","width":1,"height":1,"caption":"Garc\u00eda C\u00e1mara"},"image":{"@id":"https:\/\/garciacamara.com\/#\/schema\/logo\/image\/"}}]}},"_links":{"self":[{"href":"https:\/\/garciacamara.com\/en\/wp-json\/wp\/v2\/pages\/881","targetHints":{"allow":["GET"]}}],"collection":[{"href":"https:\/\/garciacamara.com\/en\/wp-json\/wp\/v2\/pages"}],"about":[{"href":"https:\/\/garciacamara.com\/en\/wp-json\/wp\/v2\/types\/page"}],"author":[{"embeddable":true,"href":"https:\/\/garciacamara.com\/en\/wp-json\/wp\/v2\/users\/1"}],"replies":[{"embeddable":true,"href":"https:\/\/garciacamara.com\/en\/wp-json\/wp\/v2\/comments?post=881"}],"version-history":[{"count":25,"href":"https:\/\/garciacamara.com\/en\/wp-json\/wp\/v2\/pages\/881\/revisions"}],"predecessor-version":[{"id":2755,"href":"https:\/\/garciacamara.com\/en\/wp-json\/wp\/v2\/pages\/881\/revisions\/2755"}],"wp:attachment":[{"href":"https:\/\/garciacamara.com\/en\/wp-json\/wp\/v2\/media?parent=881"}],"curies":[{"name":"wp","href":"https:\/\/api.w.org\/{rel}","templated":true}]}}