{"id":899,"date":"2021-11-08T15:17:42","date_gmt":"2021-11-08T15:17:42","guid":{"rendered":"https:\/\/garciacamara.com\/?page_id=899"},"modified":"2022-05-13T13:03:15","modified_gmt":"2022-05-13T13:03:15","slug":"specific-products","status":"publish","type":"page","link":"https:\/\/garciacamara.com\/en\/specific-products\/","title":{"rendered":"Special products"},"content":{"rendered":"\t\t<div data-elementor-type=\"wp-page\" data-elementor-id=\"899\" class=\"elementor elementor-899 elementor-331\" data-elementor-post-type=\"page\">\n\t\t\t\t\t\t<section class=\"elementor-section elementor-top-section elementor-element elementor-element-022d149 elementor-section-full_width elementor-section-height-default elementor-section-height-default\" data-id=\"022d149\" data-element_type=\"section\" data-settings=\"{&quot;background_background&quot;:&quot;classic&quot;}\">\n\t\t\t\t\t\t<div class=\"elementor-container elementor-column-gap-default\">\n\t\t\t\t\t<div class=\"elementor-column elementor-col-100 elementor-top-column elementor-element elementor-element-844a722\" data-id=\"844a722\" data-element_type=\"column\">\n\t\t\t<div class=\"elementor-widget-wrap elementor-element-populated\">\n\t\t\t\t\t\t<div class=\"elementor-element elementor-element-9e79e03 elementor-widget elementor-widget-spacer\" data-id=\"9e79e03\" data-element_type=\"widget\" data-widget_type=\"spacer.default\">\n\t\t\t\t<div class=\"elementor-widget-container\">\n\t\t\t\t\t\t\t<div class=\"elementor-spacer\">\n\t\t\t<div class=\"elementor-spacer-inner\"><\/div>\n\t\t<\/div>\n\t\t\t\t\t\t<\/div>\n\t\t\t\t<\/div>\n\t\t\t\t\t<\/div>\n\t\t<\/div>\n\t\t\t\t\t<\/div>\n\t\t<\/section>\n\t\t\t\t<section class=\"elementor-section elementor-top-section elementor-element elementor-element-a526ef2 elementor-section-boxed elementor-section-height-default elementor-section-height-default\" data-id=\"a526ef2\" data-element_type=\"section\">\n\t\t\t\t\t\t<div class=\"elementor-container elementor-column-gap-default\">\n\t\t\t\t\t<div class=\"elementor-column elementor-col-100 elementor-top-column elementor-element elementor-element-6ade122\" data-id=\"6ade122\" data-element_type=\"column\">\n\t\t\t<div class=\"elementor-widget-wrap elementor-element-populated\">\n\t\t\t\t\t\t<div class=\"elementor-element elementor-element-ef7ea24 elementor-widget elementor-widget-heading\" data-id=\"ef7ea24\" data-element_type=\"widget\" data-widget_type=\"heading.default\">\n\t\t\t\t<div class=\"elementor-widget-container\">\n\t\t\t\t\t<h2 class=\"elementor-heading-title elementor-size-default\">Specific products<\/h2>\t\t\t\t<\/div>\n\t\t\t\t<\/div>\n\t\t\t\t<div class=\"elementor-element elementor-element-dbf3de4 elementor-widget elementor-widget-text-editor\" data-id=\"dbf3de4\" data-element_type=\"widget\" data-widget_type=\"text-editor.default\">\n\t\t\t\t<div class=\"elementor-widget-container\">\n\t\t\t\t\t\t\t\t\t<p class=\"p1\">At Garc\u00eda C\u00e1mara we are specialized in calculating, designing and manufacturing custom-made products, both for unique solutions and for series products, whatever your need, do not hesitate to contact us.<\/p>\t\t\t\t\t\t\t\t<\/div>\n\t\t\t\t<\/div>\n\t\t\t\t\t<\/div>\n\t\t<\/div>\n\t\t\t\t\t<\/div>\n\t\t<\/section>\n\t\t\t\t<section class=\"elementor-section elementor-top-section elementor-element elementor-element-62e1098 elementor-section-boxed elementor-section-height-default elementor-section-height-default\" data-id=\"62e1098\" data-element_type=\"section\">\n\t\t\t\t\t\t<div class=\"elementor-container elementor-column-gap-default\">\n\t\t\t\t\t<div class=\"elementor-column elementor-col-100 elementor-top-column elementor-element elementor-element-47b7c13\" data-id=\"47b7c13\" data-element_type=\"column\">\n\t\t\t<div class=\"elementor-widget-wrap elementor-element-populated\">\n\t\t\t\t\t\t<div class=\"elementor-element elementor-element-47de631 elementor-widget elementor-widget-text-editor\" data-id=\"47de631\" data-element_type=\"widget\" data-widget_type=\"text-editor.default\">\n\t\t\t\t<div class=\"elementor-widget-container\">\n\t\t\t\t\t\t\t\t\t<style>.wp-show-posts-columns#wpsp-343 {margin-left: -2em; }.wp-show-posts-columns#wpsp-343 .wp-show-posts-inner {margin: 0 0 2em 2em; }<\/style><section id=\"wpsp-343\" class=\" wp-show-posts-columns wp-show-posts\" style=\"\"><article class=\" wp-show-posts-single post-982 producto type-producto status-publish has-post-thumbnail hentry tipo_de_producto-specific-products wpsp-col-3\" itemtype=\"http:\/\/schema.org\/CreativeWork\" itemscope><div class=\"wp-show-posts-inner\" style=\"\">\t\t<div class=\"wp-show-posts-image  wpsp-image-center \">\n\t\t\t<a href=\"https:\/\/garciacamara.com\/en\/product\/double-battery-capacitors\/\"  title=\"Double battery condensers and gas coolers (gas cooler + desuperheater)\"><img decoding=\"async\" width=\"245\" height=\"139\" src=\"https:\/\/garciacamara.com\/wp-content\/uploads\/2021\/11\/condensadores-doble-bateria.jpg\" class=\"attachment-full size-full wp-post-image\" alt=\"\" itemprop=\"image\" \/><\/a>\t\t<\/div>\n\t\t\t\t\t\t\t\t<header class=\"wp-show-posts-entry-header\">\n\t\t\t\t\t\t\t<h2 class=\"wp-show-posts-entry-title\" itemprop=\"headline\"><a href=\"https:\/\/garciacamara.com\/en\/product\/double-battery-capacitors\/\" rel=\"bookmark\">Double battery condensers and gas coolers (gas cooler + desuperheater)<\/a><\/h2>\t\t\t\t\t\t<\/header><!-- .entry-header -->\n\t\t\t\t\t<\/div><!-- wp-show-posts-inner --><\/article><article class=\" wp-show-posts-single post-985 producto type-producto status-publish has-post-thumbnail hentry tipo_de_producto-specific-products wpsp-col-3\" itemtype=\"http:\/\/schema.org\/CreativeWork\" itemscope><div class=\"wp-show-posts-inner\" style=\"\">\t\t<div class=\"wp-show-posts-image  wpsp-image-center \">\n\t\t\t<a href=\"https:\/\/garciacamara.com\/en\/product\/evaporator-for-immersion-basin\/\"  title=\"Immersion evaporator (Brine cooling\/ice accumulation)\"><img decoding=\"async\" width=\"261\" height=\"183\" src=\"https:\/\/garciacamara.com\/wp-content\/uploads\/2021\/11\/evaporador-balsa.jpg\" class=\"attachment-full size-full wp-post-image\" alt=\"\" itemprop=\"image\" \/><\/a>\t\t<\/div>\n\t\t\t\t\t\t\t\t<header class=\"wp-show-posts-entry-header\">\n\t\t\t\t\t\t\t<h2 class=\"wp-show-posts-entry-title\" itemprop=\"headline\"><a href=\"https:\/\/garciacamara.com\/en\/product\/evaporator-for-immersion-basin\/\" rel=\"bookmark\">Immersion evaporator (Brine cooling\/ice accumulation)<\/a><\/h2>\t\t\t\t\t\t<\/header><!-- .entry-header -->\n\t\t\t\t\t<\/div><!-- wp-show-posts-inner --><\/article><article class=\" wp-show-posts-single post-986 producto type-producto status-publish has-post-thumbnail hentry tipo_de_producto-specific-products wpsp-col-3\" itemtype=\"http:\/\/schema.org\/CreativeWork\" itemscope><div class=\"wp-show-posts-inner\" style=\"\">\t\t<div class=\"wp-show-posts-image  wpsp-image-center \">\n\t\t\t<a href=\"https:\/\/garciacamara.com\/en\/product\/impeller-flow-evaporator-designed-for-vegetable\/\"  title=\"Impeller Flow Evaporator: Solutions for high humidity levels, specially designed for applications requiring high humidity levels, such as the fruit and vegetable sector\"><img fetchpriority=\"high\" decoding=\"async\" width=\"250\" height=\"202\" src=\"https:\/\/garciacamara.com\/wp-content\/uploads\/2021\/11\/evaporador-flujo.jpg\" class=\"attachment-full size-full wp-post-image\" alt=\"\" itemprop=\"image\" \/><\/a>\t\t<\/div>\n\t\t\t\t\t\t\t\t<header class=\"wp-show-posts-entry-header\">\n\t\t\t\t\t\t\t<h2 class=\"wp-show-posts-entry-title\" itemprop=\"headline\"><a href=\"https:\/\/garciacamara.com\/en\/product\/impeller-flow-evaporator-designed-for-vegetable\/\" rel=\"bookmark\">Impeller Flow Evaporator: Solutions for high humidity levels, specially designed for applications requiring high humidity levels, such as the fruit and vegetable sector<\/a><\/h2>\t\t\t\t\t\t<\/header><!-- .entry-header -->\n\t\t\t\t\t<\/div><!-- wp-show-posts-inner --><\/article><article class=\" wp-show-posts-single post-987 producto type-producto status-publish has-post-thumbnail hentry tipo_de_producto-specific-products wpsp-col-3\" itemtype=\"http:\/\/schema.org\/CreativeWork\" itemscope><div class=\"wp-show-posts-inner\" style=\"\">\t\t<div class=\"wp-show-posts-image  wpsp-image-center \">\n\t\t\t<a href=\"https:\/\/garciacamara.com\/en\/product\/evaporator-with-two-way-fan-for-tunnel-freezers\/\"  title=\"Evaporators with reverse cycle fans: Evaporator with special two-way fan for freezing tunnels and pre-cooling chambers\"><img loading=\"lazy\" decoding=\"async\" width=\"261\" height=\"162\" src=\"https:\/\/garciacamara.com\/wp-content\/uploads\/2021\/11\/evaporador-con-ventilador.jpg\" class=\"attachment-full size-full wp-post-image\" alt=\"\" itemprop=\"image\" \/><\/a>\t\t<\/div>\n\t\t\t\t\t\t\t\t<header class=\"wp-show-posts-entry-header\">\n\t\t\t\t\t\t\t<h2 class=\"wp-show-posts-entry-title\" itemprop=\"headline\"><a href=\"https:\/\/garciacamara.com\/en\/product\/evaporator-with-two-way-fan-for-tunnel-freezers\/\" rel=\"bookmark\">Evaporators with reverse cycle fans: Evaporator with special two-way fan for freezing tunnels and pre-cooling chambers<\/a><\/h2>\t\t\t\t\t\t<\/header><!-- .entry-header -->\n\t\t\t\t\t<\/div><!-- wp-show-posts-inner --><\/article><article class=\" wp-show-posts-single post-1018 producto type-producto status-publish has-post-thumbnail hentry tipo_de_producto-specific-products wpsp-col-3\" itemtype=\"http:\/\/schema.org\/CreativeWork\" itemscope><div class=\"wp-show-posts-inner\" style=\"\">\t\t<div class=\"wp-show-posts-image  wpsp-image-center \">\n\t\t\t<a href=\"https:\/\/garciacamara.com\/en\/product\/stainless-steel-bodies\/\"  title=\"Stainless steel bodies\"><img loading=\"lazy\" decoding=\"async\" width=\"307\" height=\"203\" src=\"https:\/\/garciacamara.com\/wp-content\/uploads\/2021\/11\/Carrozados-en-acero-inoxidable-2.jpg\" class=\"attachment-full size-full wp-post-image\" alt=\"\" itemprop=\"image\" srcset=\"https:\/\/garciacamara.com\/wp-content\/uploads\/2021\/11\/Carrozados-en-acero-inoxidable-2.jpg 307w, https:\/\/garciacamara.com\/wp-content\/uploads\/2021\/11\/Carrozados-en-acero-inoxidable-2-300x198.jpg 300w\" sizes=\"(max-width: 307px) 100vw, 307px\" \/><\/a>\t\t<\/div>\n\t\t\t\t\t\t\t\t<header class=\"wp-show-posts-entry-header\">\n\t\t\t\t\t\t\t<h2 class=\"wp-show-posts-entry-title\" itemprop=\"headline\"><a href=\"https:\/\/garciacamara.com\/en\/product\/stainless-steel-bodies\/\" rel=\"bookmark\">Stainless steel bodies<\/a><\/h2>\t\t\t\t\t\t<\/header><!-- .entry-header -->\n\t\t\t\t\t<\/div><!-- wp-show-posts-inner --><\/article><article class=\" wp-show-posts-single post-3591 producto type-producto status-publish has-post-thumbnail hentry tipo_de_producto-specific-products wpsp-col-3\" itemtype=\"http:\/\/schema.org\/CreativeWork\" itemscope><div class=\"wp-show-posts-inner\" style=\"\">\t\t<div class=\"wp-show-posts-image  wpsp-image-center \">\n\t\t\t<a href=\"https:\/\/garciacamara.com\/en\/product\/evaporators-air-coolers-with-interlocked-circuit-defrosting-systems\/\"  title=\"Evaporators\/Air coolers with interlocked circuit: defrosting systems\"><img loading=\"lazy\" decoding=\"async\" width=\"640\" height=\"480\" src=\"https:\/\/garciacamara.com\/wp-content\/uploads\/2026\/01\/IMG_2103-imbricado.png\" class=\"attachment-full size-full wp-post-image\" alt=\"\" itemprop=\"image\" srcset=\"https:\/\/garciacamara.com\/wp-content\/uploads\/2026\/01\/IMG_2103-imbricado.png 640w, https:\/\/garciacamara.com\/wp-content\/uploads\/2026\/01\/IMG_2103-imbricado-300x225.png 300w\" sizes=\"(max-width: 640px) 100vw, 640px\" \/><\/a>\t\t<\/div>\n\t\t\t\t\t\t\t\t<header class=\"wp-show-posts-entry-header\">\n\t\t\t\t\t\t\t<h2 class=\"wp-show-posts-entry-title\" itemprop=\"headline\"><a href=\"https:\/\/garciacamara.com\/en\/product\/evaporators-air-coolers-with-interlocked-circuit-defrosting-systems\/\" rel=\"bookmark\">Evaporators\/Air coolers with interlocked circuit: defrosting systems<\/a><\/h2>\t\t\t\t\t\t<\/header><!-- .entry-header -->\n\t\t\t\t\t<\/div><!-- wp-show-posts-inner --><\/article><article class=\" wp-show-posts-single post-3592 producto type-producto status-publish has-post-thumbnail hentry tipo_de_producto-specific-products wpsp-col-3\" itemtype=\"http:\/\/schema.org\/CreativeWork\" itemscope><div class=\"wp-show-posts-inner\" style=\"\">\t\t<div class=\"wp-show-posts-image  wpsp-image-center \">\n\t\t\t<a href=\"https:\/\/garciacamara.com\/en\/product\/double-coil-evaporators-air-coolers-drying-processes-and-dryers-in-general\/\"  title=\"Double coil evaporators\/air coolers: drying processes and dryers in general\"><img loading=\"lazy\" decoding=\"async\" width=\"2560\" height=\"1707\" src=\"https:\/\/garciacamara.com\/wp-content\/uploads\/2026\/01\/IMG_4797-especiales-secaderos-scaled.png\" class=\"attachment-full size-full wp-post-image\" alt=\"\" itemprop=\"image\" srcset=\"https:\/\/garciacamara.com\/wp-content\/uploads\/2026\/01\/IMG_4797-especiales-secaderos-scaled.png 2560w, https:\/\/garciacamara.com\/wp-content\/uploads\/2026\/01\/IMG_4797-especiales-secaderos-300x200.png 300w, https:\/\/garciacamara.com\/wp-content\/uploads\/2026\/01\/IMG_4797-especiales-secaderos-1024x683.png 1024w, https:\/\/garciacamara.com\/wp-content\/uploads\/2026\/01\/IMG_4797-especiales-secaderos-768x512.png 768w, https:\/\/garciacamara.com\/wp-content\/uploads\/2026\/01\/IMG_4797-especiales-secaderos-1536x1024.png 1536w, https:\/\/garciacamara.com\/wp-content\/uploads\/2026\/01\/IMG_4797-especiales-secaderos-2048x1365.png 2048w\" sizes=\"(max-width: 2560px) 100vw, 2560px\" \/><\/a>\t\t<\/div>\n\t\t\t\t\t\t\t\t<header class=\"wp-show-posts-entry-header\">\n\t\t\t\t\t\t\t<h2 class=\"wp-show-posts-entry-title\" itemprop=\"headline\"><a href=\"https:\/\/garciacamara.com\/en\/product\/double-coil-evaporators-air-coolers-drying-processes-and-dryers-in-general\/\" rel=\"bookmark\">Double coil evaporators\/air coolers: drying processes and dryers in general<\/a><\/h2>\t\t\t\t\t\t<\/header><!-- .entry-header -->\n\t\t\t\t\t<\/div><!-- wp-show-posts-inner --><\/article><article class=\" wp-show-posts-single post-3593 producto type-producto status-publish has-post-thumbnail hentry tipo_de_producto-specific-products wpsp-col-3\" itemtype=\"http:\/\/schema.org\/CreativeWork\" itemscope><div class=\"wp-show-posts-inner\" style=\"\">\t\t<div class=\"wp-show-posts-image  wpsp-image-center \">\n\t\t\t<a href=\"https:\/\/garciacamara.com\/en\/product\/multi-purpose-evaporators-specially-designed-for-different-fluids-refrigerants-glycols\/\"  title=\"Multi-purpose evaporators: specially designed for different fluids (refrigerants\/glycols)\"><img loading=\"lazy\" decoding=\"async\" width=\"480\" height=\"640\" src=\"https:\/\/garciacamara.com\/wp-content\/uploads\/2026\/01\/IMG_2294-polivalente.png\" class=\"attachment-full size-full wp-post-image\" alt=\"\" itemprop=\"image\" srcset=\"https:\/\/garciacamara.com\/wp-content\/uploads\/2026\/01\/IMG_2294-polivalente.png 480w, https:\/\/garciacamara.com\/wp-content\/uploads\/2026\/01\/IMG_2294-polivalente-225x300.png 225w\" sizes=\"(max-width: 480px) 100vw, 480px\" \/><\/a>\t\t<\/div>\n\t\t\t\t\t\t\t\t<header class=\"wp-show-posts-entry-header\">\n\t\t\t\t\t\t\t<h2 class=\"wp-show-posts-entry-title\" itemprop=\"headline\"><a href=\"https:\/\/garciacamara.com\/en\/product\/multi-purpose-evaporators-specially-designed-for-different-fluids-refrigerants-glycols\/\" rel=\"bookmark\">Multi-purpose evaporators: specially designed for different fluids (refrigerants\/glycols)<\/a><\/h2>\t\t\t\t\t\t<\/header><!-- .entry-header -->\n\t\t\t\t\t<\/div><!-- wp-show-posts-inner --><\/article><div class=\"wpsp-clear\"><\/div><\/section><!-- .wp-show-posts -->\t\t\t\t\t\t\t\t<\/div>\n\t\t\t\t<\/div>\n\t\t\t\t<div class=\"elementor-element elementor-element-d275d27 elementor-widget elementor-widget-html\" data-id=\"d275d27\" data-element_type=\"widget\" data-widget_type=\"html.default\">\n\t\t\t\t<div class=\"elementor-widget-container\">\n\t\t\t\t\t<style>\n    .wp-show-posts-inner a {\n        pointer-events: none !important;\n    }\n<\/style>\t\t\t\t<\/div>\n\t\t\t\t<\/div>\n\t\t\t\t\t<\/div>\n\t\t<\/div>\n\t\t\t\t\t<\/div>\n\t\t<\/section>\n\t\t\t\t<\/div>\n\t\t","protected":false},"excerpt":{"rendered":"<p>Specific products At Garc\u00eda C\u00e1mara we are specialized in calculating, designing and manufacturing custom-made products, both for unique solutions and for series products, whatever your need, do not hesitate to contact us.<\/p>\n","protected":false},"author":1,"featured_media":0,"parent":0,"menu_order":0,"comment_status":"closed","ping_status":"closed","template":"elementor_header_footer","meta":{"inline_featured_image":false,"footnotes":""},"class_list":["post-899","page","type-page","status-publish","hentry"],"yoast_head":"<!-- This site is optimized with the Yoast SEO plugin v25.8 - https:\/\/yoast.com\/wordpress\/plugins\/seo\/ -->\n<title>Special products - Garc\u00eda C\u00e1mara<\/title>\n<meta name=\"robots\" content=\"index, follow, max-snippet:-1, max-image-preview:large, max-video-preview:-1\" \/>\n<link rel=\"canonical\" href=\"https:\/\/garciacamara.com\/en\/specific-products\/\" \/>\n<meta property=\"og:locale\" content=\"en_US\" \/>\n<meta property=\"og:type\" content=\"article\" \/>\n<meta property=\"og:title\" content=\"Special products - Garc\u00eda C\u00e1mara\" \/>\n<meta property=\"og:description\" content=\"Specific products At Garc\u00eda C\u00e1mara we are specialized in calculating, designing and manufacturing custom-made products, both for unique solutions and for series products, whatever your need, do not hesitate to contact us.\" \/>\n<meta property=\"og:url\" content=\"https:\/\/garciacamara.com\/en\/specific-products\/\" \/>\n<meta property=\"og:site_name\" content=\"Garc\u00eda C\u00e1mara\" \/>\n<meta property=\"article:modified_time\" content=\"2022-05-13T13:03:15+00:00\" \/>\n<meta name=\"twitter:card\" content=\"summary_large_image\" \/>\n<meta name=\"twitter:label1\" content=\"Est. reading time\" \/>\n\t<meta name=\"twitter:data1\" content=\"2 minutes\" \/>\n<script type=\"application\/ld+json\" class=\"yoast-schema-graph\">{\"@context\":\"https:\/\/schema.org\",\"@graph\":[{\"@type\":\"WebPage\",\"@id\":\"https:\/\/garciacamara.com\/en\/specific-products\/\",\"url\":\"https:\/\/garciacamara.com\/en\/specific-products\/\",\"name\":\"Special products - Garc\u00eda C\u00e1mara\",\"isPartOf\":{\"@id\":\"https:\/\/garciacamara.com\/#website\"},\"datePublished\":\"2021-11-08T15:17:42+00:00\",\"dateModified\":\"2022-05-13T13:03:15+00:00\",\"breadcrumb\":{\"@id\":\"https:\/\/garciacamara.com\/en\/specific-products\/#breadcrumb\"},\"inLanguage\":\"en-US\",\"potentialAction\":[{\"@type\":\"ReadAction\",\"target\":[\"https:\/\/garciacamara.com\/en\/specific-products\/\"]}]},{\"@type\":\"BreadcrumbList\",\"@id\":\"https:\/\/garciacamara.com\/en\/specific-products\/#breadcrumb\",\"itemListElement\":[{\"@type\":\"ListItem\",\"position\":1,\"name\":\"Home\",\"item\":\"https:\/\/garciacamara.com\/\"},{\"@type\":\"ListItem\",\"position\":2,\"name\":\"Special products\"}]},{\"@type\":\"WebSite\",\"@id\":\"https:\/\/garciacamara.com\/#website\",\"url\":\"https:\/\/garciacamara.com\/\",\"name\":\"Garc\u00eda C\u00e1mara\",\"description\":\"Fabricaci\u00f3n de intercambiadores de calor desde 1942.\",\"publisher\":{\"@id\":\"https:\/\/garciacamara.com\/#organization\"},\"potentialAction\":[{\"@type\":\"SearchAction\",\"target\":{\"@type\":\"EntryPoint\",\"urlTemplate\":\"https:\/\/garciacamara.com\/?s={search_term_string}\"},\"query-input\":{\"@type\":\"PropertyValueSpecification\",\"valueRequired\":true,\"valueName\":\"search_term_string\"}}],\"inLanguage\":\"en-US\"},{\"@type\":\"Organization\",\"@id\":\"https:\/\/garciacamara.com\/#organization\",\"name\":\"Garc\u00eda C\u00e1mara\",\"url\":\"https:\/\/garciacamara.com\/\",\"logo\":{\"@type\":\"ImageObject\",\"inLanguage\":\"en-US\",\"@id\":\"https:\/\/garciacamara.com\/#\/schema\/logo\/image\/\",\"url\":\"https:\/\/garciacamara.com\/wp-content\/uploads\/2022\/03\/logo-garcia-camara-gc-4.svg\",\"contentUrl\":\"https:\/\/garciacamara.com\/wp-content\/uploads\/2022\/03\/logo-garcia-camara-gc-4.svg\",\"width\":1,\"height\":1,\"caption\":\"Garc\u00eda C\u00e1mara\"},\"image\":{\"@id\":\"https:\/\/garciacamara.com\/#\/schema\/logo\/image\/\"}}]}<\/script>\n<!-- \/ Yoast SEO plugin. -->","yoast_head_json":{"title":"Special products - Garc\u00eda C\u00e1mara","robots":{"index":"index","follow":"follow","max-snippet":"max-snippet:-1","max-image-preview":"max-image-preview:large","max-video-preview":"max-video-preview:-1"},"canonical":"https:\/\/garciacamara.com\/en\/specific-products\/","og_locale":"en_US","og_type":"article","og_title":"Special products - Garc\u00eda C\u00e1mara","og_description":"Specific products At Garc\u00eda C\u00e1mara we are specialized in calculating, designing and manufacturing custom-made products, both for unique solutions and for series products, whatever your need, do not hesitate to contact us.","og_url":"https:\/\/garciacamara.com\/en\/specific-products\/","og_site_name":"Garc\u00eda C\u00e1mara","article_modified_time":"2022-05-13T13:03:15+00:00","twitter_card":"summary_large_image","twitter_misc":{"Est. reading time":"2 minutes"},"schema":{"@context":"https:\/\/schema.org","@graph":[{"@type":"WebPage","@id":"https:\/\/garciacamara.com\/en\/specific-products\/","url":"https:\/\/garciacamara.com\/en\/specific-products\/","name":"Special products - Garc\u00eda C\u00e1mara","isPartOf":{"@id":"https:\/\/garciacamara.com\/#website"},"datePublished":"2021-11-08T15:17:42+00:00","dateModified":"2022-05-13T13:03:15+00:00","breadcrumb":{"@id":"https:\/\/garciacamara.com\/en\/specific-products\/#breadcrumb"},"inLanguage":"en-US","potentialAction":[{"@type":"ReadAction","target":["https:\/\/garciacamara.com\/en\/specific-products\/"]}]},{"@type":"BreadcrumbList","@id":"https:\/\/garciacamara.com\/en\/specific-products\/#breadcrumb","itemListElement":[{"@type":"ListItem","position":1,"name":"Home","item":"https:\/\/garciacamara.com\/"},{"@type":"ListItem","position":2,"name":"Special products"}]},{"@type":"WebSite","@id":"https:\/\/garciacamara.com\/#website","url":"https:\/\/garciacamara.com\/","name":"Garc\u00eda C\u00e1mara","description":"Fabricaci\u00f3n de intercambiadores de calor desde 1942.","publisher":{"@id":"https:\/\/garciacamara.com\/#organization"},"potentialAction":[{"@type":"SearchAction","target":{"@type":"EntryPoint","urlTemplate":"https:\/\/garciacamara.com\/?s={search_term_string}"},"query-input":{"@type":"PropertyValueSpecification","valueRequired":true,"valueName":"search_term_string"}}],"inLanguage":"en-US"},{"@type":"Organization","@id":"https:\/\/garciacamara.com\/#organization","name":"Garc\u00eda C\u00e1mara","url":"https:\/\/garciacamara.com\/","logo":{"@type":"ImageObject","inLanguage":"en-US","@id":"https:\/\/garciacamara.com\/#\/schema\/logo\/image\/","url":"https:\/\/garciacamara.com\/wp-content\/uploads\/2022\/03\/logo-garcia-camara-gc-4.svg","contentUrl":"https:\/\/garciacamara.com\/wp-content\/uploads\/2022\/03\/logo-garcia-camara-gc-4.svg","width":1,"height":1,"caption":"Garc\u00eda C\u00e1mara"},"image":{"@id":"https:\/\/garciacamara.com\/#\/schema\/logo\/image\/"}}]}},"_links":{"self":[{"href":"https:\/\/garciacamara.com\/en\/wp-json\/wp\/v2\/pages\/899","targetHints":{"allow":["GET"]}}],"collection":[{"href":"https:\/\/garciacamara.com\/en\/wp-json\/wp\/v2\/pages"}],"about":[{"href":"https:\/\/garciacamara.com\/en\/wp-json\/wp\/v2\/types\/page"}],"author":[{"embeddable":true,"href":"https:\/\/garciacamara.com\/en\/wp-json\/wp\/v2\/users\/1"}],"replies":[{"embeddable":true,"href":"https:\/\/garciacamara.com\/en\/wp-json\/wp\/v2\/comments?post=899"}],"version-history":[{"count":17,"href":"https:\/\/garciacamara.com\/en\/wp-json\/wp\/v2\/pages\/899\/revisions"}],"predecessor-version":[{"id":1309,"href":"https:\/\/garciacamara.com\/en\/wp-json\/wp\/v2\/pages\/899\/revisions\/1309"}],"wp:attachment":[{"href":"https:\/\/garciacamara.com\/en\/wp-json\/wp\/v2\/media?parent=899"}],"curies":[{"name":"wp","href":"https:\/\/api.w.org\/{rel}","templated":true}]}}