{"id":907,"date":"2021-11-09T08:29:20","date_gmt":"2021-11-09T08:29:20","guid":{"rendered":"https:\/\/garciacamara.com\/?page_id=907"},"modified":"2025-08-04T09:17:04","modified_gmt":"2025-08-04T09:17:04","slug":"oems","status":"publish","type":"page","link":"https:\/\/garciacamara.com\/en\/catalog\/oems\/","title":{"rendered":"OEMs"},"content":{"rendered":"\t\t<div data-elementor-type=\"wp-page\" data-elementor-id=\"907\" class=\"elementor elementor-907 elementor-409\" data-elementor-post-type=\"page\">\n\t\t\t\t\t\t<section class=\"elementor-section elementor-top-section elementor-element elementor-element-82457ba elementor-section-full_width elementor-section-height-default elementor-section-height-default\" data-id=\"82457ba\" data-element_type=\"section\" data-settings=\"{&quot;background_background&quot;:&quot;classic&quot;}\">\n\t\t\t\t\t\t<div class=\"elementor-container elementor-column-gap-default\">\n\t\t\t\t\t<div class=\"elementor-column elementor-col-100 elementor-top-column elementor-element elementor-element-9a62571\" data-id=\"9a62571\" data-element_type=\"column\">\n\t\t\t<div class=\"elementor-widget-wrap elementor-element-populated\">\n\t\t\t\t\t\t<div class=\"elementor-element elementor-element-c8c70fa elementor-widget elementor-widget-spacer\" data-id=\"c8c70fa\" data-element_type=\"widget\" data-widget_type=\"spacer.default\">\n\t\t\t\t<div class=\"elementor-widget-container\">\n\t\t\t\t\t\t\t<div class=\"elementor-spacer\">\n\t\t\t<div class=\"elementor-spacer-inner\"><\/div>\n\t\t<\/div>\n\t\t\t\t\t\t<\/div>\n\t\t\t\t<\/div>\n\t\t\t\t\t<\/div>\n\t\t<\/div>\n\t\t\t\t\t<\/div>\n\t\t<\/section>\n\t\t\t\t<section class=\"elementor-section elementor-top-section elementor-element elementor-element-d473cc8 elementor-section-boxed elementor-section-height-default elementor-section-height-default\" data-id=\"d473cc8\" data-element_type=\"section\">\n\t\t\t\t\t\t<div class=\"elementor-container elementor-column-gap-default\">\n\t\t\t\t\t<div class=\"elementor-column elementor-col-100 elementor-top-column elementor-element elementor-element-44e0099\" data-id=\"44e0099\" data-element_type=\"column\" data-settings=\"{&quot;background_background&quot;:&quot;classic&quot;}\">\n\t\t\t<div class=\"elementor-widget-wrap elementor-element-populated\">\n\t\t\t\t\t\t<div class=\"elementor-element elementor-element-9f40141 elementor-widget elementor-widget-heading\" data-id=\"9f40141\" data-element_type=\"widget\" data-widget_type=\"heading.default\">\n\t\t\t\t<div class=\"elementor-widget-container\">\n\t\t\t\t\t<h2 class=\"elementor-heading-title elementor-size-default\">Catalog<\/h2>\t\t\t\t<\/div>\n\t\t\t\t<\/div>\n\t\t\t\t\t<\/div>\n\t\t<\/div>\n\t\t\t\t\t<\/div>\n\t\t<\/section>\n\t\t\t\t<section class=\"elementor-section elementor-top-section elementor-element elementor-element-36b45da elementor-section-boxed elementor-section-height-default elementor-section-height-default\" data-id=\"36b45da\" data-element_type=\"section\">\n\t\t\t\t\t\t<div class=\"elementor-container elementor-column-gap-default\">\n\t\t\t\t\t<div class=\"elementor-column elementor-col-50 elementor-top-column elementor-element elementor-element-1734bb5\" data-id=\"1734bb5\" data-element_type=\"column\" data-settings=\"{&quot;background_background&quot;:&quot;classic&quot;}\">\n\t\t\t<div class=\"elementor-widget-wrap elementor-element-populated\">\n\t\t\t\t\t\t<div class=\"elementor-element elementor-element-1ce3e3e elementor-widget elementor-widget-text-editor\" data-id=\"1ce3e3e\" data-element_type=\"widget\" data-widget_type=\"text-editor.default\">\n\t\t\t\t<div class=\"elementor-widget-container\">\n\t\t\t\t\t\n\t\t\t\t\t\t\t\t\t<div id=\"menu-catalogo\">\n\t\t\t\t\t\t\t<a id=\"menu-opt-evaporadores\" href=\"\/en\/catalog\/evaporators\/\">Evaporators<\/a>\n\t\t\t\t\t\t\t<a id=\"menu-opt-condensadores\" href=\"\/en\/catalog\/condensers\/\">Condensers<\/a>\n\t\t\t\t\t\t\t<a id=\"menu-opt-gascoolers\" href=\"\/en\/catalog\/gascoolers\/\">Gascoolers<\/a>\n\t\t\t\t\t\t\t<a id=\"menu-opt-drycoolers\" href=\"\/en\/catalog\/drycoolers\/\">Drycoolers<\/a>\n\t\t\t\t\t\t\t<a id=\"menu-opt-oems\" href=\"\/en\/catalog\/oems\/\">OEMs<\/a>\n\t\t\t\t\t\t<\/div>\n\t\t\t\t\t\n\t\t\t<script>\n\t\t\t\tif ( window.location.href.indexOf(\"\/evaporadores\") > -1 || window.location.href.indexOf(\"\/evaporators\") > -1 ) {\n\t\t\t\t\tjQuery(\"#menu-opt-evaporadores\").addClass(\"menu-catalogo-active\");\n\t\t\t\t}\n\t\t\t\telse if ( window.location.href.indexOf(\"\/condensadores\") > -1 || window.location.href.indexOf(\"\/condensers\") > -1 ) {\n\t\t\t\t\tjQuery(\"#menu-opt-condensadores\").addClass(\"menu-catalogo-active\");\n\t\t\t\t}\n\t\t\t\telse if ( window.location.href.indexOf(\"\/gascoolers\") > -1 ) {\n\t\t\t\t\tjQuery(\"#menu-opt-gascoolers\").addClass(\"menu-catalogo-active\");\n\t\t\t\t}\n\t\t\t\telse if ( window.location.href.indexOf(\"\/drycoolers\") > -1 ) {\n\t\t\t\t\tjQuery(\"#menu-opt-drycoolers\").addClass(\"menu-catalogo-active\");\n\t\t\t\t}\n\t\t\t\telse if ( window.location.href.indexOf(\"\/oems\") > -1 ) {\n\t\t\t\t\tjQuery(\"#menu-opt-oems\").addClass(\"menu-catalogo-active\");\n\t\t\t\t}\n\t\t\t<\/script>\n\n\t\t\t<style>\n\t\t\t\t#menu-catalogo {\n\t\t\t\t\tbackground-color: #fafafa;\n\t\t\t\t\tborder-radius: 15px;\n\t\t\t\t\tpadding: 30px;\n\t\t\t\t\tpadding-left: 50px;\n\t\t\t\t}\n\t\t\t\t#menu-catalogo a {\n\t\t\t\t\tdisplay: block;\n\t\t\t\t\tcolor: black;\n\t\t\t\t\tfont-weight: 600;\n\t\t\t\t\ttext-transform: uppercase;\n\t\t\t\t\tfont-size: 15px;\n\t\t\t\t\tmargin-bottom: 10px;\n\t\t\t\t\ttransition: 0.3s;\n\t\t\t\t\tposition: relative;\n\t\t\t\t\tleft: 0px;\n\t\t\t\t}\n\t\t\t\t#menu-catalogo a:before {\n\t\t\t\t\tborder-left: 2px solid #549ACD;\n\t\t\t\t\tborder-top: 2px solid #549ACD;\n\t\t\t\t\twidth: 8px;\n\t\t\t\t\tcontent: '';\n\t\t\t\t\theight: 8px;\n\t\t\t\t\ttransform: rotate(-225deg);\n\t\t\t\t\tmargin-top: 7px;\n\t\t\t\t\tleft: -20px;\n\t\t\t\t\tposition: absolute;\n\t\t\t\t\ttransition: 0.3s;\n\t\t\t\t} \n\t\t\t\t#menu-catalogo a:hover, #menu-catalogo a.menu-catalogo-active {\n\t\t\t\t\tcolor: #549ACD;\n\t\t\t\t\ttransition: 0.3s;\n\t\t\t\t\tposition: relative;\n\t\t\t\t\tleft: 5px;\n\t\t\t\t}\n\t\t\t\t#menu-catalogo a:hover:before, #menu-catalogo a.menu-catalogo-active:before {\n\t\t\t\t\tleft: -25px;\n\t\t\t\t\ttransition: 0.3s;\n\t\t\t\t}\n\t\t\t<\/style>\n\n\t\t\t\t\t\t<\/div>\n\t\t\t\t<\/div>\n\t\t\t\t<div class=\"elementor-element elementor-element-d4de9f2 elementor-align-left elementor-widget elementor-widget-button\" data-id=\"d4de9f2\" data-element_type=\"widget\" data-widget_type=\"button.default\">\n\t\t\t\t<div class=\"elementor-widget-container\">\n\t\t\t\t\t\t\t\t\t<div class=\"elementor-button-wrapper\">\n\t\t\t\t\t<a class=\"elementor-button elementor-button-link elementor-size-sm\" href=\"\/wp-content\/uploads\/2021\/11\/garcia-camara-catalogo-producto.pdf\">\n\t\t\t\t\t\t<span class=\"elementor-button-content-wrapper\">\n\t\t\t\t\t\t<span class=\"elementor-button-icon\">\n\t\t\t\t<i aria-hidden=\"true\" class=\"fas fa-download\"><\/i>\t\t\t<\/span>\n\t\t\t\t\t\t\t\t\t<span class=\"elementor-button-text\">Descargar cat\u00e1logo<\/span>\n\t\t\t\t\t<\/span>\n\t\t\t\t\t<\/a>\n\t\t\t\t<\/div>\n\t\t\t\t\t\t\t\t<\/div>\n\t\t\t\t<\/div>\n\t\t\t\t\t<\/div>\n\t\t<\/div>\n\t\t\t\t<div class=\"elementor-column elementor-col-50 elementor-top-column elementor-element elementor-element-29624b3\" data-id=\"29624b3\" data-element_type=\"column\">\n\t\t\t<div class=\"elementor-widget-wrap elementor-element-populated\">\n\t\t\t\t\t\t<div class=\"elementor-element elementor-element-e13950b elementor-widget elementor-widget-text-editor\" data-id=\"e13950b\" data-element_type=\"widget\" data-widget_type=\"text-editor.default\">\n\t\t\t\t<div class=\"elementor-widget-container\">\n\t\t\t\t\t\t\t\t\t<style>.wp-show-posts-columns#wpsp-408 {margin-left: -2em; }.wp-show-posts-columns#wpsp-408 .wp-show-posts-inner {margin: 0 0 2em 2em; }<\/style><section id=\"wpsp-408\" class=\" wp-show-posts-columns wp-show-posts\" style=\"\"><article class=\" wp-show-posts-single post-971 producto type-producto status-publish has-post-thumbnail hentry tipo_de_producto-oems-en wpsp-col-4\" itemtype=\"http:\/\/schema.org\/CreativeWork\" itemscope><div class=\"wp-show-posts-inner\" style=\"\">\t\t<div class=\"wp-show-posts-image  wpsp-image-center \">\n\t\t\t<a href=\"https:\/\/garciacamara.com\/wp-content\/uploads\/2021\/11\/27.-OMS_FC.pdf\"  title=\"FC RANGE\"><img fetchpriority=\"high\" decoding=\"async\" width=\"2122\" height=\"1418\" src=\"https:\/\/garciacamara.com\/wp-content\/uploads\/2021\/11\/27.-OMS_FC_GC-Cata\u0301logo-Espan\u0303ol-2021-V1_Pa\u0301gina_140_Imagen_0001.jpg\" class=\"attachment-full size-full wp-post-image\" alt=\"\" itemprop=\"image\" srcset=\"https:\/\/garciacamara.com\/wp-content\/uploads\/2021\/11\/27.-OMS_FC_GC-Cata\u0301logo-Espan\u0303ol-2021-V1_Pa\u0301gina_140_Imagen_0001.jpg 2122w, https:\/\/garciacamara.com\/wp-content\/uploads\/2021\/11\/27.-OMS_FC_GC-Cata\u0301logo-Espan\u0303ol-2021-V1_Pa\u0301gina_140_Imagen_0001-300x200.jpg 300w, https:\/\/garciacamara.com\/wp-content\/uploads\/2021\/11\/27.-OMS_FC_GC-Cata\u0301logo-Espan\u0303ol-2021-V1_Pa\u0301gina_140_Imagen_0001-1024x684.jpg 1024w, https:\/\/garciacamara.com\/wp-content\/uploads\/2021\/11\/27.-OMS_FC_GC-Cata\u0301logo-Espan\u0303ol-2021-V1_Pa\u0301gina_140_Imagen_0001-768x513.jpg 768w, https:\/\/garciacamara.com\/wp-content\/uploads\/2021\/11\/27.-OMS_FC_GC-Cata\u0301logo-Espan\u0303ol-2021-V1_Pa\u0301gina_140_Imagen_0001-1536x1026.jpg 1536w, https:\/\/garciacamara.com\/wp-content\/uploads\/2021\/11\/27.-OMS_FC_GC-Cata\u0301logo-Espan\u0303ol-2021-V1_Pa\u0301gina_140_Imagen_0001-2048x1369.jpg 2048w\" sizes=\"(max-width: 2122px) 100vw, 2122px\" \/><\/a>\t\t<\/div>\n\t\t\t\t\t\t\t\t<header class=\"wp-show-posts-entry-header\">\n\t\t\t\t\t\t\t<h2 class=\"wp-show-posts-entry-title\" itemprop=\"headline\"><a href=\"https:\/\/garciacamara.com\/en\/product\/fc-range\/\" rel=\"bookmark\">FC RANGE<\/a><\/h2>\t\t\t\t\t\t<\/header><!-- .entry-header -->\n\t\t\t\t\t<span class='my-product-desc'>Single flow roof evaporators<\/span><span class='my-product-label'>Working range:<\/span>0,2 &#8211; 1,0 kW\t\t\t\t\t\t<div class=\"wp-show-posts-entry-summary\" itemprop=\"text\">\n\t\t\t\t\t\t\t\t\t\t\t\t\t<\/div><!-- .entry-summary -->\n\t\t\t\t\t<a class=\"my-product-btn\" href=\"https:\/\/garciacamara.com\/wp-content\/uploads\/2021\/11\/27.-OMS_FC.pdf\">+ More info.<\/a><\/div><!-- wp-show-posts-inner --><\/article><article class=\" wp-show-posts-single post-970 producto type-producto status-publish has-post-thumbnail hentry tipo_de_producto-oems-en wpsp-col-4\" itemtype=\"http:\/\/schema.org\/CreativeWork\" itemscope><div class=\"wp-show-posts-inner\" style=\"\">\t\t<div class=\"wp-show-posts-image  wpsp-image-center \">\n\t\t\t<a href=\"https:\/\/garciacamara.com\/wp-content\/uploads\/2021\/11\/28.-OMS_DF.pdf\"  title=\"DF RANGE\"><img decoding=\"async\" width=\"2134\" height=\"1936\" src=\"https:\/\/garciacamara.com\/wp-content\/uploads\/2021\/11\/28.-OMS_DF_GC-Cata\u0301logo-Espan\u0303ol-2021-V1_Pa\u0301gina_144_Imagen_0001.jpg\" class=\"attachment-full size-full wp-post-image\" alt=\"\" itemprop=\"image\" srcset=\"https:\/\/garciacamara.com\/wp-content\/uploads\/2021\/11\/28.-OMS_DF_GC-Cata\u0301logo-Espan\u0303ol-2021-V1_Pa\u0301gina_144_Imagen_0001.jpg 2134w, https:\/\/garciacamara.com\/wp-content\/uploads\/2021\/11\/28.-OMS_DF_GC-Cata\u0301logo-Espan\u0303ol-2021-V1_Pa\u0301gina_144_Imagen_0001-300x272.jpg 300w, https:\/\/garciacamara.com\/wp-content\/uploads\/2021\/11\/28.-OMS_DF_GC-Cata\u0301logo-Espan\u0303ol-2021-V1_Pa\u0301gina_144_Imagen_0001-1024x929.jpg 1024w, https:\/\/garciacamara.com\/wp-content\/uploads\/2021\/11\/28.-OMS_DF_GC-Cata\u0301logo-Espan\u0303ol-2021-V1_Pa\u0301gina_144_Imagen_0001-768x697.jpg 768w, https:\/\/garciacamara.com\/wp-content\/uploads\/2021\/11\/28.-OMS_DF_GC-Cata\u0301logo-Espan\u0303ol-2021-V1_Pa\u0301gina_144_Imagen_0001-1536x1393.jpg 1536w, https:\/\/garciacamara.com\/wp-content\/uploads\/2021\/11\/28.-OMS_DF_GC-Cata\u0301logo-Espan\u0303ol-2021-V1_Pa\u0301gina_144_Imagen_0001-2048x1858.jpg 2048w, https:\/\/garciacamara.com\/wp-content\/uploads\/2021\/11\/28.-OMS_DF_GC-Cata\u0301logo-Espan\u0303ol-2021-V1_Pa\u0301gina_144_Imagen_0001-396x360.jpg 396w\" sizes=\"(max-width: 2134px) 100vw, 2134px\" \/><\/a>\t\t<\/div>\n\t\t\t\t\t\t\t\t<header class=\"wp-show-posts-entry-header\">\n\t\t\t\t\t\t\t<h2 class=\"wp-show-posts-entry-title\" itemprop=\"headline\"><a href=\"https:\/\/garciacamara.com\/en\/product\/df-range\/\" rel=\"bookmark\">DF RANGE<\/a><\/h2>\t\t\t\t\t\t<\/header><!-- .entry-header -->\n\t\t\t\t\t<span class='my-product-desc'>Double flow roof evaporators<\/span><span class='my-product-label'>Working range:<\/span>0,3 &#8211; 1,2 kW\t\t\t\t\t\t<div class=\"wp-show-posts-entry-summary\" itemprop=\"text\">\n\t\t\t\t\t\t\t\t\t\t\t\t\t<\/div><!-- .entry-summary -->\n\t\t\t\t\t<a class=\"my-product-btn\" href=\"https:\/\/garciacamara.com\/wp-content\/uploads\/2021\/11\/28.-OMS_DF.pdf\">+ More info.<\/a><\/div><!-- wp-show-posts-inner --><\/article><article class=\" wp-show-posts-single post-969 producto type-producto status-publish has-post-thumbnail hentry tipo_de_producto-oems-en wpsp-col-4\" itemtype=\"http:\/\/schema.org\/CreativeWork\" itemscope><div class=\"wp-show-posts-inner\" style=\"\">\t\t<div class=\"wp-show-posts-image  wpsp-image-center \">\n\t\t\t<a href=\"https:\/\/garciacamara.com\/wp-content\/uploads\/2021\/11\/29.-OMS_BM.pdf\"  title=\"BM RANGE\"><img decoding=\"async\" width=\"1392\" height=\"1076\" src=\"https:\/\/garciacamara.com\/wp-content\/uploads\/2021\/11\/29.-OMS_BM_GC-Cata\u0301logo-Espan\u0303ol-2021-V1_Pa\u0301gina_148_Imagen_0001.jpg\" class=\"attachment-full size-full wp-post-image\" alt=\"\" itemprop=\"image\" srcset=\"https:\/\/garciacamara.com\/wp-content\/uploads\/2021\/11\/29.-OMS_BM_GC-Cata\u0301logo-Espan\u0303ol-2021-V1_Pa\u0301gina_148_Imagen_0001.jpg 1392w, https:\/\/garciacamara.com\/wp-content\/uploads\/2021\/11\/29.-OMS_BM_GC-Cata\u0301logo-Espan\u0303ol-2021-V1_Pa\u0301gina_148_Imagen_0001-300x232.jpg 300w, https:\/\/garciacamara.com\/wp-content\/uploads\/2021\/11\/29.-OMS_BM_GC-Cata\u0301logo-Espan\u0303ol-2021-V1_Pa\u0301gina_148_Imagen_0001-1024x792.jpg 1024w, https:\/\/garciacamara.com\/wp-content\/uploads\/2021\/11\/29.-OMS_BM_GC-Cata\u0301logo-Espan\u0303ol-2021-V1_Pa\u0301gina_148_Imagen_0001-768x594.jpg 768w\" sizes=\"(max-width: 1392px) 100vw, 1392px\" \/><\/a>\t\t<\/div>\n\t\t\t\t\t\t\t\t<header class=\"wp-show-posts-entry-header\">\n\t\t\t\t\t\t\t<h2 class=\"wp-show-posts-entry-title\" itemprop=\"headline\"><a href=\"https:\/\/garciacamara.com\/en\/product\/bm-range\/\" rel=\"bookmark\">BM RANGE<\/a><\/h2>\t\t\t\t\t\t<\/header><!-- .entry-header -->\n\t\t\t\t\t<span class='my-product-desc'>Under counter evaporators<\/span><span class='my-product-label'>Working range:<\/span>0,2 &#8211; 0,6 kW\t\t\t\t\t\t<div class=\"wp-show-posts-entry-summary\" itemprop=\"text\">\n\t\t\t\t\t\t\t\t\t\t\t\t\t<\/div><!-- .entry-summary -->\n\t\t\t\t\t<a class=\"my-product-btn\" href=\"https:\/\/garciacamara.com\/wp-content\/uploads\/2021\/11\/29.-OMS_BM.pdf\">+ More info.<\/a><\/div><!-- wp-show-posts-inner --><\/article><div class=\"wpsp-clear\"><\/div><\/section><!-- .wp-show-posts -->\t\t\t\t\t\t\t\t<\/div>\n\t\t\t\t<\/div>\n\t\t\t\t\t<\/div>\n\t\t<\/div>\n\t\t\t\t\t<\/div>\n\t\t<\/section>\n\t\t\t\t<\/div>\n\t\t","protected":false},"excerpt":{"rendered":"<p>Catalog Descargar cat\u00e1logo<\/p>\n","protected":false},"author":1,"featured_media":0,"parent":836,"menu_order":0,"comment_status":"closed","ping_status":"closed","template":"elementor_header_footer","meta":{"inline_featured_image":false,"footnotes":""},"class_list":["post-907","page","type-page","status-publish","hentry"],"yoast_head":"<!-- This site is optimized with the Yoast SEO plugin v25.8 - https:\/\/yoast.com\/wordpress\/plugins\/seo\/ -->\n<title>OEMs - Garc\u00eda C\u00e1mara<\/title>\n<meta name=\"robots\" content=\"index, follow, max-snippet:-1, max-image-preview:large, max-video-preview:-1\" \/>\n<link rel=\"canonical\" href=\"https:\/\/garciacamara.com\/en\/catalog\/oems\/\" \/>\n<meta property=\"og:locale\" content=\"en_US\" \/>\n<meta property=\"og:type\" content=\"article\" \/>\n<meta property=\"og:title\" content=\"OEMs - Garc\u00eda C\u00e1mara\" \/>\n<meta property=\"og:description\" content=\"Catalog Descargar cat\u00e1logo\" \/>\n<meta property=\"og:url\" content=\"https:\/\/garciacamara.com\/en\/catalog\/oems\/\" \/>\n<meta property=\"og:site_name\" content=\"Garc\u00eda C\u00e1mara\" \/>\n<meta property=\"article:modified_time\" content=\"2025-08-04T09:17:04+00:00\" \/>\n<meta name=\"twitter:card\" content=\"summary_large_image\" \/>\n<meta name=\"twitter:label1\" content=\"Est. reading time\" \/>\n\t<meta name=\"twitter:data1\" content=\"2 minutes\" \/>\n<script type=\"application\/ld+json\" class=\"yoast-schema-graph\">{\"@context\":\"https:\/\/schema.org\",\"@graph\":[{\"@type\":\"WebPage\",\"@id\":\"https:\/\/garciacamara.com\/en\/catalog\/oems\/\",\"url\":\"https:\/\/garciacamara.com\/en\/catalog\/oems\/\",\"name\":\"OEMs - Garc\u00eda C\u00e1mara\",\"isPartOf\":{\"@id\":\"https:\/\/garciacamara.com\/#website\"},\"datePublished\":\"2021-11-09T08:29:20+00:00\",\"dateModified\":\"2025-08-04T09:17:04+00:00\",\"breadcrumb\":{\"@id\":\"https:\/\/garciacamara.com\/en\/catalog\/oems\/#breadcrumb\"},\"inLanguage\":\"en-US\",\"potentialAction\":[{\"@type\":\"ReadAction\",\"target\":[\"https:\/\/garciacamara.com\/en\/catalog\/oems\/\"]}]},{\"@type\":\"BreadcrumbList\",\"@id\":\"https:\/\/garciacamara.com\/en\/catalog\/oems\/#breadcrumb\",\"itemListElement\":[{\"@type\":\"ListItem\",\"position\":1,\"name\":\"Home\",\"item\":\"https:\/\/garciacamara.com\/\"},{\"@type\":\"ListItem\",\"position\":2,\"name\":\"Catalog\",\"item\":\"https:\/\/garciacamara.com\/en\/catalog\/\"},{\"@type\":\"ListItem\",\"position\":3,\"name\":\"OEMs\"}]},{\"@type\":\"WebSite\",\"@id\":\"https:\/\/garciacamara.com\/#website\",\"url\":\"https:\/\/garciacamara.com\/\",\"name\":\"Garc\u00eda C\u00e1mara\",\"description\":\"Fabricaci\u00f3n de intercambiadores de calor desde 1942.\",\"publisher\":{\"@id\":\"https:\/\/garciacamara.com\/#organization\"},\"potentialAction\":[{\"@type\":\"SearchAction\",\"target\":{\"@type\":\"EntryPoint\",\"urlTemplate\":\"https:\/\/garciacamara.com\/?s={search_term_string}\"},\"query-input\":{\"@type\":\"PropertyValueSpecification\",\"valueRequired\":true,\"valueName\":\"search_term_string\"}}],\"inLanguage\":\"en-US\"},{\"@type\":\"Organization\",\"@id\":\"https:\/\/garciacamara.com\/#organization\",\"name\":\"Garc\u00eda C\u00e1mara\",\"url\":\"https:\/\/garciacamara.com\/\",\"logo\":{\"@type\":\"ImageObject\",\"inLanguage\":\"en-US\",\"@id\":\"https:\/\/garciacamara.com\/#\/schema\/logo\/image\/\",\"url\":\"https:\/\/garciacamara.com\/wp-content\/uploads\/2022\/03\/logo-garcia-camara-gc-4.svg\",\"contentUrl\":\"https:\/\/garciacamara.com\/wp-content\/uploads\/2022\/03\/logo-garcia-camara-gc-4.svg\",\"width\":1,\"height\":1,\"caption\":\"Garc\u00eda C\u00e1mara\"},\"image\":{\"@id\":\"https:\/\/garciacamara.com\/#\/schema\/logo\/image\/\"}}]}<\/script>\n<!-- \/ Yoast SEO plugin. -->","yoast_head_json":{"title":"OEMs - Garc\u00eda C\u00e1mara","robots":{"index":"index","follow":"follow","max-snippet":"max-snippet:-1","max-image-preview":"max-image-preview:large","max-video-preview":"max-video-preview:-1"},"canonical":"https:\/\/garciacamara.com\/en\/catalog\/oems\/","og_locale":"en_US","og_type":"article","og_title":"OEMs - Garc\u00eda C\u00e1mara","og_description":"Catalog Descargar cat\u00e1logo","og_url":"https:\/\/garciacamara.com\/en\/catalog\/oems\/","og_site_name":"Garc\u00eda C\u00e1mara","article_modified_time":"2025-08-04T09:17:04+00:00","twitter_card":"summary_large_image","twitter_misc":{"Est. reading time":"2 minutes"},"schema":{"@context":"https:\/\/schema.org","@graph":[{"@type":"WebPage","@id":"https:\/\/garciacamara.com\/en\/catalog\/oems\/","url":"https:\/\/garciacamara.com\/en\/catalog\/oems\/","name":"OEMs - Garc\u00eda C\u00e1mara","isPartOf":{"@id":"https:\/\/garciacamara.com\/#website"},"datePublished":"2021-11-09T08:29:20+00:00","dateModified":"2025-08-04T09:17:04+00:00","breadcrumb":{"@id":"https:\/\/garciacamara.com\/en\/catalog\/oems\/#breadcrumb"},"inLanguage":"en-US","potentialAction":[{"@type":"ReadAction","target":["https:\/\/garciacamara.com\/en\/catalog\/oems\/"]}]},{"@type":"BreadcrumbList","@id":"https:\/\/garciacamara.com\/en\/catalog\/oems\/#breadcrumb","itemListElement":[{"@type":"ListItem","position":1,"name":"Home","item":"https:\/\/garciacamara.com\/"},{"@type":"ListItem","position":2,"name":"Catalog","item":"https:\/\/garciacamara.com\/en\/catalog\/"},{"@type":"ListItem","position":3,"name":"OEMs"}]},{"@type":"WebSite","@id":"https:\/\/garciacamara.com\/#website","url":"https:\/\/garciacamara.com\/","name":"Garc\u00eda C\u00e1mara","description":"Fabricaci\u00f3n de intercambiadores de calor desde 1942.","publisher":{"@id":"https:\/\/garciacamara.com\/#organization"},"potentialAction":[{"@type":"SearchAction","target":{"@type":"EntryPoint","urlTemplate":"https:\/\/garciacamara.com\/?s={search_term_string}"},"query-input":{"@type":"PropertyValueSpecification","valueRequired":true,"valueName":"search_term_string"}}],"inLanguage":"en-US"},{"@type":"Organization","@id":"https:\/\/garciacamara.com\/#organization","name":"Garc\u00eda C\u00e1mara","url":"https:\/\/garciacamara.com\/","logo":{"@type":"ImageObject","inLanguage":"en-US","@id":"https:\/\/garciacamara.com\/#\/schema\/logo\/image\/","url":"https:\/\/garciacamara.com\/wp-content\/uploads\/2022\/03\/logo-garcia-camara-gc-4.svg","contentUrl":"https:\/\/garciacamara.com\/wp-content\/uploads\/2022\/03\/logo-garcia-camara-gc-4.svg","width":1,"height":1,"caption":"Garc\u00eda C\u00e1mara"},"image":{"@id":"https:\/\/garciacamara.com\/#\/schema\/logo\/image\/"}}]}},"_links":{"self":[{"href":"https:\/\/garciacamara.com\/en\/wp-json\/wp\/v2\/pages\/907","targetHints":{"allow":["GET"]}}],"collection":[{"href":"https:\/\/garciacamara.com\/en\/wp-json\/wp\/v2\/pages"}],"about":[{"href":"https:\/\/garciacamara.com\/en\/wp-json\/wp\/v2\/types\/page"}],"author":[{"embeddable":true,"href":"https:\/\/garciacamara.com\/en\/wp-json\/wp\/v2\/users\/1"}],"replies":[{"embeddable":true,"href":"https:\/\/garciacamara.com\/en\/wp-json\/wp\/v2\/comments?post=907"}],"version-history":[{"count":5,"href":"https:\/\/garciacamara.com\/en\/wp-json\/wp\/v2\/pages\/907\/revisions"}],"predecessor-version":[{"id":3449,"href":"https:\/\/garciacamara.com\/en\/wp-json\/wp\/v2\/pages\/907\/revisions\/3449"}],"up":[{"embeddable":true,"href":"https:\/\/garciacamara.com\/en\/wp-json\/wp\/v2\/pages\/836"}],"wp:attachment":[{"href":"https:\/\/garciacamara.com\/en\/wp-json\/wp\/v2\/media?parent=907"}],"curies":[{"name":"wp","href":"https:\/\/api.w.org\/{rel}","templated":true}]}}