{"id":2146,"date":"2021-11-09T09:07:23","date_gmt":"2021-11-09T09:07:23","guid":{"rendered":"https:\/\/garciacamara.com\/?page_id=2146"},"modified":"2022-10-25T07:39:18","modified_gmt":"2022-10-25T07:39:18","slug":"contact","status":"publish","type":"page","link":"https:\/\/garciacamara.com\/fr\/contact\/","title":{"rendered":"Contact"},"content":{"rendered":"\t\t<div data-elementor-type=\"wp-page\" data-elementor-id=\"2146\" class=\"elementor elementor-2146 elementor-420\" data-elementor-post-type=\"page\">\n\t\t\t\t\t\t<section class=\"elementor-section elementor-top-section elementor-element elementor-element-022d149 elementor-section-full_width elementor-section-height-default elementor-section-height-default\" data-id=\"022d149\" data-element_type=\"section\" data-settings=\"{&quot;background_background&quot;:&quot;classic&quot;}\">\n\t\t\t\t\t\t<div class=\"elementor-container elementor-column-gap-no\">\n\t\t\t\t\t<div class=\"elementor-column elementor-col-100 elementor-top-column elementor-element elementor-element-844a722\" data-id=\"844a722\" data-element_type=\"column\">\n\t\t\t<div class=\"elementor-widget-wrap elementor-element-populated\">\n\t\t\t\t\t\t<div class=\"elementor-element elementor-element-0d53b15 elementor-widget elementor-widget-google_maps\" data-id=\"0d53b15\" data-element_type=\"widget\" data-widget_type=\"google_maps.default\">\n\t\t\t\t<div class=\"elementor-widget-container\">\n\t\t\t\t\t\t\t<div class=\"elementor-custom-embed\">\n\t\t\t<iframe loading=\"lazy\"\n\t\t\t\t\tsrc=\"https:\/\/maps.google.com\/maps?q=Garc%C3%ADa%20C%C3%A1mara%20Ctra.%20de%20la%20Base%2C%205%2C%2046163%20Marines%2C%20Valencia&#038;t=m&#038;z=10&#038;output=embed&#038;iwloc=near\"\n\t\t\t\t\ttitle=\"Garc\u00eda C\u00e1mara Ctra. de la Base, 5, 46163 Marines, Valencia\"\n\t\t\t\t\taria-label=\"Garc\u00eda C\u00e1mara Ctra. de la Base, 5, 46163 Marines, Valencia\"\n\t\t\t><\/iframe>\n\t\t<\/div>\n\t\t\t\t\t\t<\/div>\n\t\t\t\t<\/div>\n\t\t\t\t\t<\/div>\n\t\t<\/div>\n\t\t\t\t\t<\/div>\n\t\t<\/section>\n\t\t\t\t<section class=\"elementor-section elementor-top-section elementor-element elementor-element-a526ef2 elementor-section-boxed elementor-section-height-default elementor-section-height-default\" data-id=\"a526ef2\" data-element_type=\"section\">\n\t\t\t\t\t\t<div class=\"elementor-container elementor-column-gap-default\">\n\t\t\t\t\t<div class=\"elementor-column elementor-col-100 elementor-top-column elementor-element elementor-element-6ade122\" data-id=\"6ade122\" data-element_type=\"column\">\n\t\t\t<div class=\"elementor-widget-wrap elementor-element-populated\">\n\t\t\t\t\t\t<div class=\"elementor-element elementor-element-ef7ea24 elementor-widget elementor-widget-heading\" data-id=\"ef7ea24\" data-element_type=\"widget\" data-widget_type=\"heading.default\">\n\t\t\t\t<div class=\"elementor-widget-container\">\n\t\t\t\t\t<h2 class=\"elementor-heading-title elementor-size-default\">Contact<\/h2>\t\t\t\t<\/div>\n\t\t\t\t<\/div>\n\t\t\t\t<section class=\"elementor-section elementor-inner-section elementor-element elementor-element-5b4d49b elementor-section-boxed elementor-section-height-default elementor-section-height-default\" data-id=\"5b4d49b\" data-element_type=\"section\">\n\t\t\t\t\t\t<div class=\"elementor-container elementor-column-gap-default\">\n\t\t\t\t\t<div class=\"elementor-column elementor-col-50 elementor-inner-column elementor-element elementor-element-1fe5789\" data-id=\"1fe5789\" data-element_type=\"column\">\n\t\t\t<div class=\"elementor-widget-wrap elementor-element-populated\">\n\t\t\t\t\t\t<div class=\"elementor-element elementor-element-c6858e1 elementor-widget elementor-widget-image\" data-id=\"c6858e1\" data-element_type=\"widget\" data-widget_type=\"image.default\">\n\t\t\t\t<div class=\"elementor-widget-container\">\n\t\t\t\t\t\t\t\t\t\t\t\t\t\t\t<img fetchpriority=\"high\" decoding=\"async\" width=\"800\" height=\"800\" src=\"https:\/\/garciacamara.com\/wp-content\/uploads\/2021\/11\/logo-garcia-camara.svg\" class=\"attachment-large size-large wp-image-1978\" alt=\"\" \/>\t\t\t\t\t\t\t\t\t\t\t\t\t\t\t<\/div>\n\t\t\t\t<\/div>\n\t\t\t\t<div class=\"elementor-element elementor-element-74da402 elementor-widget elementor-widget-html\" data-id=\"74da402\" data-element_type=\"widget\" data-widget_type=\"html.default\">\n\t\t\t\t<div class=\"elementor-widget-container\">\n\t\t\t\t\t<div style=\"font-family: Montserrat; max-width: 280px;\">Pol\u00edgono Industrial de Marines s\/n 46163 Marines, Valencia (Spain).<\/div>\n<br>\n<div>\n<p><span style=\"color: #549ACD;\">Telf.:<\/span> +34 96 272 40 01<\/p>\n<p><span style=\"color: #549ACD;\">Fax.:<\/span> +34 96 164 81 26<\/p>\n<\/div>\t\t\t\t<\/div>\n\t\t\t\t<\/div>\n\t\t\t\t\t<\/div>\n\t\t<\/div>\n\t\t\t\t<div class=\"elementor-column elementor-col-50 elementor-inner-column elementor-element elementor-element-c7cf650\" data-id=\"c7cf650\" data-element_type=\"column\">\n\t\t\t<div class=\"elementor-widget-wrap elementor-element-populated\">\n\t\t\t\t\t\t<div class=\"elementor-element elementor-element-f17e1e5 elementor-widget elementor-widget-text-editor\" data-id=\"f17e1e5\" data-element_type=\"widget\" data-widget_type=\"text-editor.default\">\n\t\t\t\t<div class=\"elementor-widget-container\">\n\t\t\t\t\t\t\t\t\t<p>VOULEZ-VOUS NOUS CONTACTER ?<\/p>\t\t\t\t\t\t\t\t<\/div>\n\t\t\t\t<\/div>\n\t\t\t\t<div class=\"elementor-element elementor-element-95c79e1 elementor-widget elementor-widget-text-editor\" data-id=\"95c79e1\" data-element_type=\"widget\" data-widget_type=\"text-editor.default\">\n\t\t\t\t<div class=\"elementor-widget-container\">\n\t\t\t\t\t\t\t\t\t<p>\u00c9crivez-nous et nous vous r\u00e9pondrons dans les plus brefs d\u00e9lais.<\/p>\t\t\t\t\t\t\t\t<\/div>\n\t\t\t\t<\/div>\n\t\t\t\t<div class=\"elementor-element elementor-element-dea6fb2 elementor-widget elementor-widget-text-editor\" data-id=\"dea6fb2\" data-element_type=\"widget\" data-widget_type=\"text-editor.default\">\n\t\t\t\t<div class=\"elementor-widget-container\">\n\t\t\t\t\t\t\t\t\t\n<div class=\"wpcf7 no-js\" id=\"wpcf7-f2370-o1\" lang=\"\" dir=\"ltr\" data-wpcf7-id=\"2370\">\n<div class=\"screen-reader-response\"><p role=\"status\" aria-live=\"polite\" aria-atomic=\"true\"><\/p> <ul><\/ul><\/div>\n<form action=\"\/fr\/wp-json\/wp\/v2\/pages\/2146#wpcf7-f2370-o1\" method=\"post\" class=\"wpcf7-form init\" aria-label=\"Formulaire de contact\" novalidate=\"novalidate\" data-status=\"init\">\n<fieldset class=\"hidden-fields-container\"><input type=\"hidden\" name=\"_wpcf7\" value=\"2370\" \/><input type=\"hidden\" name=\"_wpcf7_version\" value=\"6.1.5\" \/><input type=\"hidden\" name=\"_wpcf7_locale\" value=\"\" \/><input type=\"hidden\" name=\"_wpcf7_unit_tag\" value=\"wpcf7-f2370-o1\" \/><input type=\"hidden\" name=\"_wpcf7_container_post\" value=\"0\" \/><input type=\"hidden\" name=\"_wpcf7_posted_data_hash\" value=\"\" \/><input type=\"hidden\" name=\"_wpcf7_recaptcha_response\" value=\"\" \/>\n<\/fieldset>\n<p><label><br \/>\n<span class=\"wpcf7-form-control-wrap\" data-name=\"your-name\"><input size=\"40\" maxlength=\"400\" class=\"wpcf7-form-control wpcf7-text wpcf7-validates-as-required\" aria-required=\"true\" aria-invalid=\"false\" placeholder=\"Pr\u00e9nom\" value=\"\" type=\"text\" name=\"your-name\" \/><\/span> <\/label>\n<\/p>\n<p><label><br \/>\n<span class=\"wpcf7-form-control-wrap\" data-name=\"your-email\"><input size=\"40\" maxlength=\"400\" class=\"wpcf7-form-control wpcf7-email wpcf7-validates-as-required wpcf7-text wpcf7-validates-as-email\" aria-required=\"true\" aria-invalid=\"false\" placeholder=\"E-mail\" value=\"\" type=\"email\" name=\"your-email\" \/><\/span> <\/label>\n<\/p>\n<p><label><br \/>\n<span class=\"wpcf7-form-control-wrap\" data-name=\"your-message\"><textarea cols=\"40\" rows=\"10\" maxlength=\"2000\" class=\"wpcf7-form-control wpcf7-textarea wpcf7-validates-as-required\" aria-required=\"true\" aria-invalid=\"false\" placeholder=\"Message\" name=\"your-message\"><\/textarea><\/span> <\/label>\n<\/p>\n<p><label><br \/>\n<span class=\"wpcf7-form-control-wrap\" data-name=\"checkbox-493\"><span class=\"wpcf7-form-control wpcf7-checkbox wpcf7-validates-as-required\"><span class=\"wpcf7-list-item first last\"><label><input type=\"checkbox\" name=\"checkbox-493[]\" value=\"\" \/><span class=\"wpcf7-list-item-label\"><\/span><\/label><\/span><\/span><\/span> <span style=\"font-size: 12px; line-height: 16px;\">* En cochant cette case, vous acceptez le traitement de vos donn\u00e9es dans les termes indiqu\u00e9s, afin de satisfaire le service demand\u00e9, et confirmez avoir lu et accept\u00e9 la politique de confidentialit\u00e9 de <b>GARCIA CAMARA, S.L. (*) Acceptation obligatoire.<\/b><\/span><\/label>\n<\/p>\n<p><label><br \/>\n<span class=\"wpcf7-form-control-wrap\" data-name=\"checkbox-494\"><span class=\"wpcf7-form-control wpcf7-checkbox\"><span class=\"wpcf7-list-item first last\"><label><input type=\"checkbox\" name=\"checkbox-494[]\" value=\"\" \/><span class=\"wpcf7-list-item-label\"><\/span><\/label><\/span><\/span><\/span> <span style=\"font-size: 12px; line-height: 16px;\">En cochant cette case, vous acceptez \u00e9galement le traitement de vos donn\u00e9es pour l&rsquo;envoi de newsletters, ou d&rsquo;informations sur nos produits ou services.<\/span><\/label>\n<\/p>\n<p><input class=\"wpcf7-form-control wpcf7-submit has-spinner\" type=\"submit\" value=\"ENVOYER\" \/>\n<\/p><div class=\"wpcf7-response-output\" aria-hidden=\"true\"><\/div>\n<\/form>\n<\/div>\n\t\t\t\t\t\t\t\t<\/div>\n\t\t\t\t<\/div>\n\t\t\t\t<div class=\"elementor-element elementor-element-8623a48 elementor-widget elementor-widget-text-editor\" data-id=\"8623a48\" data-element_type=\"widget\" data-widget_type=\"text-editor.default\">\n\t\t\t\t<div class=\"elementor-widget-container\">\n\t\t\t\t\t\t\t\t\t<table cellspacing=\"0\" cellpadding=\"0\"><tbody><tr><td colspan=\"2\" valign=\"top\"><p align=\"center\"><span style=\"color: #000000; font-family: Arial; font-size: small;\"><b>Informaci\u00f3n b\u00e1sica sobre Protecci\u00f3n de Datos<\/b><\/span><\/p><\/td><\/tr><tr><td valign=\"top\"><p align=\"justify\"><span style=\"color: #000000; font-family: Arial; font-size: xx-small;\"><b>Responsable del Tratamiento<\/b><\/span><\/p><\/td><td valign=\"top\"><p align=\"justify\"><span style=\"color: #000000; font-family: Arial; font-size: xx-small;\">GARCIA CAMARA, S.L.<\/span><\/p><\/td><\/tr><tr><td valign=\"top\"><p align=\"justify\"><span style=\"color: #000000; font-family: Arial; font-size: xx-small;\"><b>Finalidades del tratamiento<\/b><\/span><\/p><\/td><td valign=\"top\"><p align=\"justify\"><span style=\"color: #000000; font-family: Arial; font-size: xx-small;\">P\u00e1gina web informativa y comercio electr\u00f3nico (tienda online).<\/span><\/p><p align=\"justify\"><span style=\"color: #000000; font-family: Arial; font-size: xx-small;\">Gesti\u00f3n de consultas a trav\u00e9s de formularios.<span class=\"Apple-converted-space\">\u00a0<\/span><\/span><\/p><p align=\"justify\"><span style=\"color: #000000; font-family: Arial; font-size: xx-small;\">Informaci\u00f3n comercial sobre nuestros productos, previo consentimiento del usuario.<\/span><\/p><\/td><\/tr><tr><td valign=\"top\"><p align=\"justify\"><span style=\"color: #000000; font-family: Arial; font-size: xx-small;\"><b>Legitimaci\u00f3n del tratamiento<\/b><\/span><\/p><\/td><td valign=\"top\"><p align=\"justify\"><span style=\"color: #000000; font-family: Arial; font-size: xx-small;\">Consentimiento expreso del interesado.<\/span><\/p><p align=\"justify\"><span style=\"color: #000000; font-family: Arial; font-size: xx-small;\">Inter\u00e9s leg\u00edtimo para el tratamiento de datos.<\/span><\/p><p align=\"justify\"><span style=\"color: #000000; font-family: Arial; font-size: xx-small;\">Cumplimiento de obligaciones legales.<\/span><\/p><\/td><\/tr><tr><td valign=\"top\"><p align=\"justify\"><span style=\"color: #000000; font-family: Arial; font-size: xx-small;\"><b>Conservaci\u00f3n de los datos<\/b><\/span><\/p><\/td><td valign=\"top\"><p align=\"justify\"><span style=\"color: #000000; font-family: Arial; font-size: xx-small;\">Los datos se conservar\u00e1n durante el tiempo necesario para cumplir con las finalidades recogidas, as\u00ed como para el cumplimiento de las obligaciones legales<\/span><\/p><\/td><\/tr><tr><td valign=\"top\"><p align=\"justify\"><span style=\"color: #000000; font-family: Arial; font-size: xx-small;\"><b>Destinatarios<\/b><\/span><\/p><\/td><td valign=\"top\"><p align=\"justify\"><span style=\"color: #000000; font-family: Arial; font-size: xx-small;\">En algunos casos, cuando sea necesario, GARCIA CAMARA, S.L., cede datos de los usuarios a terceros y cuando exista una obligaci\u00f3n legal.<span class=\"Apple-converted-space\">\u00a0<\/span><\/span><\/p><\/td><\/tr><tr><td valign=\"top\"><p align=\"justify\"><span style=\"color: #000000; font-family: Arial; font-size: xx-small;\"><b>Derechos de los interesados<\/b><\/span><\/p><\/td><td valign=\"top\"><p align=\"justify\"><span style=\"color: #000000; font-family: Arial; font-size: xx-small;\">Acceder, rectificar y suprimir los datos, as\u00ed como otros derechos, como se explica en la informaci\u00f3n adicional<\/span><\/p><\/td><\/tr><tr><td valign=\"top\"><p align=\"justify\"><span style=\"color: #000000; font-family: Arial; font-size: xx-small;\"><b>Informaci\u00f3n adicional<\/b><\/span><\/p><\/td><td valign=\"top\"><p align=\"justify\"><span style=\"color: #000000; font-family: Arial; font-size: xx-small;\">Puede consultar la informaci\u00f3n adicional y detallada sobre Protecci\u00f3n de Datos en las cl\u00e1usulas anexas que se encuentran en nuestra <a href=\"http:\/\/www.garciacamara.com\/politica-privacidad\"><span style=\"color: #0000ff;\"><u>Pol\u00edtica de Privacidad<\/u><\/span><\/a>.<\/span><\/p><\/td><\/tr><\/tbody><\/table>\t\t\t\t\t\t\t\t<\/div>\n\t\t\t\t<\/div>\n\t\t\t\t\t<\/div>\n\t\t<\/div>\n\t\t\t\t\t<\/div>\n\t\t<\/section>\n\t\t\t\t\t<\/div>\n\t\t<\/div>\n\t\t\t\t\t<\/div>\n\t\t<\/section>\n\t\t\t\t<\/div>\n\t\t","protected":false},"excerpt":{"rendered":"<p>Contact Pol\u00edgono Industrial de Marines s\/n 46163 Marines, Valencia (Spain). Telf.: +34 96 272 40 01 Fax.: +34 96 164 81 26 VOULEZ-VOUS NOUS CONTACTER ? \u00c9crivez-nous et nous vous r\u00e9pondrons dans les plus brefs d\u00e9lais. Informaci\u00f3n b\u00e1sica sobre Protecci\u00f3n de Datos Responsable del Tratamiento GARCIA CAMARA, S.L. Finalidades del tratamiento P\u00e1gina web informativa y [&hellip;]<\/p>\n","protected":false},"author":1,"featured_media":0,"parent":0,"menu_order":0,"comment_status":"closed","ping_status":"closed","template":"elementor_header_footer","meta":{"inline_featured_image":false,"footnotes":""},"class_list":["post-2146","page","type-page","status-publish","hentry"],"yoast_head":"<!-- This site is optimized with the Yoast SEO plugin v25.8 - https:\/\/yoast.com\/wordpress\/plugins\/seo\/ -->\n<title>Contact - Garc\u00eda C\u00e1mara<\/title>\n<meta name=\"robots\" content=\"index, follow, max-snippet:-1, max-image-preview:large, max-video-preview:-1\" \/>\n<link rel=\"canonical\" href=\"https:\/\/garciacamara.com\/fr\/contact\/\" \/>\n<meta property=\"og:locale\" content=\"fr_FR\" \/>\n<meta property=\"og:type\" content=\"article\" \/>\n<meta property=\"og:title\" content=\"Contact - Garc\u00eda C\u00e1mara\" \/>\n<meta property=\"og:description\" content=\"Contact Pol\u00edgono Industrial de Marines s\/n 46163 Marines, Valencia (Spain). Telf.: +34 96 272 40 01 Fax.: +34 96 164 81 26 VOULEZ-VOUS NOUS CONTACTER ? \u00c9crivez-nous et nous vous r\u00e9pondrons dans les plus brefs d\u00e9lais. Informaci\u00f3n b\u00e1sica sobre Protecci\u00f3n de Datos Responsable del Tratamiento GARCIA CAMARA, S.L. Finalidades del tratamiento P\u00e1gina web informativa y [&hellip;]\" \/>\n<meta property=\"og:url\" content=\"https:\/\/garciacamara.com\/fr\/contact\/\" \/>\n<meta property=\"og:site_name\" content=\"Garc\u00eda C\u00e1mara\" \/>\n<meta property=\"article:modified_time\" content=\"2022-10-25T07:39:18+00:00\" \/>\n<meta property=\"og:image\" content=\"https:\/\/garciacamara.com\/wp-content\/uploads\/2021\/11\/logo-garcia-camara.svg\" \/>\n<meta name=\"twitter:card\" content=\"summary_large_image\" \/>\n<meta name=\"twitter:label1\" content=\"Dur\u00e9e de lecture estim\u00e9e\" \/>\n\t<meta name=\"twitter:data1\" content=\"2 minutes\" \/>\n<script type=\"application\/ld+json\" class=\"yoast-schema-graph\">{\"@context\":\"https:\/\/schema.org\",\"@graph\":[{\"@type\":\"WebPage\",\"@id\":\"https:\/\/garciacamara.com\/fr\/contact\/\",\"url\":\"https:\/\/garciacamara.com\/fr\/contact\/\",\"name\":\"Contact - Garc\u00eda C\u00e1mara\",\"isPartOf\":{\"@id\":\"https:\/\/garciacamara.com\/#website\"},\"primaryImageOfPage\":{\"@id\":\"https:\/\/garciacamara.com\/fr\/contact\/#primaryimage\"},\"image\":{\"@id\":\"https:\/\/garciacamara.com\/fr\/contact\/#primaryimage\"},\"thumbnailUrl\":\"https:\/\/garciacamara.com\/wp-content\/uploads\/2021\/11\/logo-garcia-camara.svg\",\"datePublished\":\"2021-11-09T09:07:23+00:00\",\"dateModified\":\"2022-10-25T07:39:18+00:00\",\"breadcrumb\":{\"@id\":\"https:\/\/garciacamara.com\/fr\/contact\/#breadcrumb\"},\"inLanguage\":\"fr-FR\",\"potentialAction\":[{\"@type\":\"ReadAction\",\"target\":[\"https:\/\/garciacamara.com\/fr\/contact\/\"]}]},{\"@type\":\"ImageObject\",\"inLanguage\":\"fr-FR\",\"@id\":\"https:\/\/garciacamara.com\/fr\/contact\/#primaryimage\",\"url\":\"https:\/\/garciacamara.com\/wp-content\/uploads\/2021\/11\/logo-garcia-camara.svg\",\"contentUrl\":\"https:\/\/garciacamara.com\/wp-content\/uploads\/2021\/11\/logo-garcia-camara.svg\"},{\"@type\":\"BreadcrumbList\",\"@id\":\"https:\/\/garciacamara.com\/fr\/contact\/#breadcrumb\",\"itemListElement\":[{\"@type\":\"ListItem\",\"position\":1,\"name\":\"Home\",\"item\":\"https:\/\/garciacamara.com\/\"},{\"@type\":\"ListItem\",\"position\":2,\"name\":\"Contact\"}]},{\"@type\":\"WebSite\",\"@id\":\"https:\/\/garciacamara.com\/#website\",\"url\":\"https:\/\/garciacamara.com\/\",\"name\":\"Garc\u00eda C\u00e1mara\",\"description\":\"Fabricaci\u00f3n de intercambiadores de calor desde 1942.\",\"publisher\":{\"@id\":\"https:\/\/garciacamara.com\/#organization\"},\"potentialAction\":[{\"@type\":\"SearchAction\",\"target\":{\"@type\":\"EntryPoint\",\"urlTemplate\":\"https:\/\/garciacamara.com\/?s={search_term_string}\"},\"query-input\":{\"@type\":\"PropertyValueSpecification\",\"valueRequired\":true,\"valueName\":\"search_term_string\"}}],\"inLanguage\":\"fr-FR\"},{\"@type\":\"Organization\",\"@id\":\"https:\/\/garciacamara.com\/#organization\",\"name\":\"Garc\u00eda C\u00e1mara\",\"url\":\"https:\/\/garciacamara.com\/\",\"logo\":{\"@type\":\"ImageObject\",\"inLanguage\":\"fr-FR\",\"@id\":\"https:\/\/garciacamara.com\/#\/schema\/logo\/image\/\",\"url\":\"https:\/\/garciacamara.com\/wp-content\/uploads\/2022\/03\/logo-garcia-camara-gc-4.svg\",\"contentUrl\":\"https:\/\/garciacamara.com\/wp-content\/uploads\/2022\/03\/logo-garcia-camara-gc-4.svg\",\"width\":1,\"height\":1,\"caption\":\"Garc\u00eda C\u00e1mara\"},\"image\":{\"@id\":\"https:\/\/garciacamara.com\/#\/schema\/logo\/image\/\"}}]}<\/script>\n<!-- \/ Yoast SEO plugin. -->","yoast_head_json":{"title":"Contact - Garc\u00eda C\u00e1mara","robots":{"index":"index","follow":"follow","max-snippet":"max-snippet:-1","max-image-preview":"max-image-preview:large","max-video-preview":"max-video-preview:-1"},"canonical":"https:\/\/garciacamara.com\/fr\/contact\/","og_locale":"fr_FR","og_type":"article","og_title":"Contact - Garc\u00eda C\u00e1mara","og_description":"Contact Pol\u00edgono Industrial de Marines s\/n 46163 Marines, Valencia (Spain). Telf.: +34 96 272 40 01 Fax.: +34 96 164 81 26 VOULEZ-VOUS NOUS CONTACTER ? \u00c9crivez-nous et nous vous r\u00e9pondrons dans les plus brefs d\u00e9lais. Informaci\u00f3n b\u00e1sica sobre Protecci\u00f3n de Datos Responsable del Tratamiento GARCIA CAMARA, S.L. Finalidades del tratamiento P\u00e1gina web informativa y [&hellip;]","og_url":"https:\/\/garciacamara.com\/fr\/contact\/","og_site_name":"Garc\u00eda C\u00e1mara","article_modified_time":"2022-10-25T07:39:18+00:00","og_image":[{"url":"https:\/\/garciacamara.com\/wp-content\/uploads\/2021\/11\/logo-garcia-camara.svg","type":"","width":"","height":""}],"twitter_card":"summary_large_image","twitter_misc":{"Dur\u00e9e de lecture estim\u00e9e":"2 minutes"},"schema":{"@context":"https:\/\/schema.org","@graph":[{"@type":"WebPage","@id":"https:\/\/garciacamara.com\/fr\/contact\/","url":"https:\/\/garciacamara.com\/fr\/contact\/","name":"Contact - Garc\u00eda C\u00e1mara","isPartOf":{"@id":"https:\/\/garciacamara.com\/#website"},"primaryImageOfPage":{"@id":"https:\/\/garciacamara.com\/fr\/contact\/#primaryimage"},"image":{"@id":"https:\/\/garciacamara.com\/fr\/contact\/#primaryimage"},"thumbnailUrl":"https:\/\/garciacamara.com\/wp-content\/uploads\/2021\/11\/logo-garcia-camara.svg","datePublished":"2021-11-09T09:07:23+00:00","dateModified":"2022-10-25T07:39:18+00:00","breadcrumb":{"@id":"https:\/\/garciacamara.com\/fr\/contact\/#breadcrumb"},"inLanguage":"fr-FR","potentialAction":[{"@type":"ReadAction","target":["https:\/\/garciacamara.com\/fr\/contact\/"]}]},{"@type":"ImageObject","inLanguage":"fr-FR","@id":"https:\/\/garciacamara.com\/fr\/contact\/#primaryimage","url":"https:\/\/garciacamara.com\/wp-content\/uploads\/2021\/11\/logo-garcia-camara.svg","contentUrl":"https:\/\/garciacamara.com\/wp-content\/uploads\/2021\/11\/logo-garcia-camara.svg"},{"@type":"BreadcrumbList","@id":"https:\/\/garciacamara.com\/fr\/contact\/#breadcrumb","itemListElement":[{"@type":"ListItem","position":1,"name":"Home","item":"https:\/\/garciacamara.com\/"},{"@type":"ListItem","position":2,"name":"Contact"}]},{"@type":"WebSite","@id":"https:\/\/garciacamara.com\/#website","url":"https:\/\/garciacamara.com\/","name":"Garc\u00eda C\u00e1mara","description":"Fabricaci\u00f3n de intercambiadores de calor desde 1942.","publisher":{"@id":"https:\/\/garciacamara.com\/#organization"},"potentialAction":[{"@type":"SearchAction","target":{"@type":"EntryPoint","urlTemplate":"https:\/\/garciacamara.com\/?s={search_term_string}"},"query-input":{"@type":"PropertyValueSpecification","valueRequired":true,"valueName":"search_term_string"}}],"inLanguage":"fr-FR"},{"@type":"Organization","@id":"https:\/\/garciacamara.com\/#organization","name":"Garc\u00eda C\u00e1mara","url":"https:\/\/garciacamara.com\/","logo":{"@type":"ImageObject","inLanguage":"fr-FR","@id":"https:\/\/garciacamara.com\/#\/schema\/logo\/image\/","url":"https:\/\/garciacamara.com\/wp-content\/uploads\/2022\/03\/logo-garcia-camara-gc-4.svg","contentUrl":"https:\/\/garciacamara.com\/wp-content\/uploads\/2022\/03\/logo-garcia-camara-gc-4.svg","width":1,"height":1,"caption":"Garc\u00eda C\u00e1mara"},"image":{"@id":"https:\/\/garciacamara.com\/#\/schema\/logo\/image\/"}}]}},"_links":{"self":[{"href":"https:\/\/garciacamara.com\/fr\/wp-json\/wp\/v2\/pages\/2146","targetHints":{"allow":["GET"]}}],"collection":[{"href":"https:\/\/garciacamara.com\/fr\/wp-json\/wp\/v2\/pages"}],"about":[{"href":"https:\/\/garciacamara.com\/fr\/wp-json\/wp\/v2\/types\/page"}],"author":[{"embeddable":true,"href":"https:\/\/garciacamara.com\/fr\/wp-json\/wp\/v2\/users\/1"}],"replies":[{"embeddable":true,"href":"https:\/\/garciacamara.com\/fr\/wp-json\/wp\/v2\/comments?post=2146"}],"version-history":[{"count":10,"href":"https:\/\/garciacamara.com\/fr\/wp-json\/wp\/v2\/pages\/2146\/revisions"}],"predecessor-version":[{"id":2373,"href":"https:\/\/garciacamara.com\/fr\/wp-json\/wp\/v2\/pages\/2146\/revisions\/2373"}],"wp:attachment":[{"href":"https:\/\/garciacamara.com\/fr\/wp-json\/wp\/v2\/media?parent=2146"}],"curies":[{"name":"wp","href":"https:\/\/api.w.org\/{rel}","templated":true}]}}