{"id":2148,"date":"2021-11-05T08:46:50","date_gmt":"2021-11-05T08:46:50","guid":{"rendered":"https:\/\/garciacamara.com\/?page_id=2148"},"modified":"2023-04-11T09:23:16","modified_gmt":"2023-04-11T09:23:16","slug":"a-propos-de-nous","status":"publish","type":"page","link":"https:\/\/garciacamara.com\/fr\/a-propos-de-nous\/","title":{"rendered":"A propos de nous"},"content":{"rendered":"\t\t<div data-elementor-type=\"wp-page\" data-elementor-id=\"2148\" class=\"elementor elementor-2148 elementor-148\" data-elementor-post-type=\"page\">\n\t\t\t\t\t\t<section class=\"elementor-section elementor-top-section elementor-element elementor-element-022d149 elementor-section-full_width elementor-section-height-default elementor-section-height-default\" data-id=\"022d149\" data-element_type=\"section\" data-settings=\"{&quot;background_background&quot;:&quot;classic&quot;}\">\n\t\t\t\t\t\t<div class=\"elementor-container elementor-column-gap-default\">\n\t\t\t\t\t<div class=\"elementor-column elementor-col-100 elementor-top-column elementor-element elementor-element-844a722\" data-id=\"844a722\" data-element_type=\"column\">\n\t\t\t<div class=\"elementor-widget-wrap elementor-element-populated\">\n\t\t\t\t\t\t<div class=\"elementor-element elementor-element-9e79e03 elementor-widget elementor-widget-spacer\" data-id=\"9e79e03\" data-element_type=\"widget\" data-widget_type=\"spacer.default\">\n\t\t\t\t<div class=\"elementor-widget-container\">\n\t\t\t\t\t\t\t<div class=\"elementor-spacer\">\n\t\t\t<div class=\"elementor-spacer-inner\"><\/div>\n\t\t<\/div>\n\t\t\t\t\t\t<\/div>\n\t\t\t\t<\/div>\n\t\t\t\t\t<\/div>\n\t\t<\/div>\n\t\t\t\t\t<\/div>\n\t\t<\/section>\n\t\t\t\t<section class=\"elementor-section elementor-top-section elementor-element elementor-element-a526ef2 elementor-section-boxed elementor-section-height-default elementor-section-height-default\" data-id=\"a526ef2\" data-element_type=\"section\">\n\t\t\t\t\t\t<div class=\"elementor-container elementor-column-gap-default\">\n\t\t\t\t\t<div class=\"elementor-column elementor-col-100 elementor-top-column elementor-element elementor-element-6ade122\" data-id=\"6ade122\" data-element_type=\"column\">\n\t\t\t<div class=\"elementor-widget-wrap elementor-element-populated\">\n\t\t\t\t\t\t<div class=\"elementor-element elementor-element-ef7ea24 elementor-widget elementor-widget-heading\" data-id=\"ef7ea24\" data-element_type=\"widget\" data-widget_type=\"heading.default\">\n\t\t\t\t<div class=\"elementor-widget-container\">\n\t\t\t\t\t<h2 class=\"elementor-heading-title elementor-size-default\">notre <b>entreprise<\/b><\/h2>\t\t\t\t<\/div>\n\t\t\t\t<\/div>\n\t\t\t\t<div class=\"elementor-element elementor-element-dea6fb2 elementor-widget elementor-widget-text-editor\" data-id=\"dea6fb2\" data-element_type=\"widget\" data-widget_type=\"text-editor.default\">\n\t\t\t\t<div class=\"elementor-widget-container\">\n\t\t\t\t\t\t\t\t\t<p>Chez <strong><span class=\"garcia-blue\">GARC\u00cdA C\u00c1MARA,\u00a0<\/span><\/strong>nous fabriquons des \u00e9changeurs de chaleur <strong>depuis 1942<\/strong>. Aujourd&rsquo;hui, tout comme il y a 80 ans, notre objectif a toujours \u00e9t\u00e9 de fournir \u00e0 nos clients la meilleure solution possible pour r\u00e9pondre aux besoins d&rsquo;un march\u00e9 changeant et exigeant. Pour ce faire, nous disposons de machines de derni\u00e8re technologie, d&rsquo;installations modernes de plus de 5.000m2 bien communiqu\u00e9es avec les points les plus importants de la r\u00e9gion et surtout d&rsquo;une grande \u00e9quipe humaine, flexible et hautement qualifi\u00e9e. Tout cela pour offrir le meilleur service.<\/p><p>Notre objectif a toujours \u00e9t\u00e9 d&rsquo;atteindre la plus haute qualit\u00e9, c&rsquo;est pourquoi nous recherchons, investissons et d\u00e9veloppons de nouveaux processus et produits.<\/p><p><strong><span class=\"garcia-blue\">GARC\u00cdA C\u00c1MARA<\/span><\/strong> est certifi\u00e9e selon la norme ISO 9001 dans son syst\u00e8me de qualit\u00e9, y compris la conception, la fabrication et la commercialisation d&rsquo;\u00e9changeurs de chaleur.<\/p><p>De m\u00eame, les produits fabriqu\u00e9s par <strong><span class=\"garcia-blue\">GARC\u00cdA C\u00c1MARA<\/span><\/strong> sont conformes aux r\u00e9glementations suivantes:<\/p><p><strong>&#8211; 2014\/35\/EU : Directive sur les \u00e9quipements \u00e9lectriques basse tension.<\/strong><\/p><p><strong>&#8211; 2014\/30\/EU : Directive sur la compatibilit\u00e9 \u00e9lectromagn\u00e9tique<\/strong><\/p><p><strong>&#8211; 2014\/68\/EU : Directive sur les \u00e9quipements sous pression<\/strong><\/p>\t\t\t\t\t\t\t\t<\/div>\n\t\t\t\t<\/div>\n\t\t\t\t<section class=\"elementor-section elementor-inner-section elementor-element elementor-element-f7844c2 elementor-section-boxed elementor-section-height-default elementor-section-height-default\" data-id=\"f7844c2\" data-element_type=\"section\">\n\t\t\t\t\t\t<div class=\"elementor-container elementor-column-gap-default\">\n\t\t\t\t\t<div class=\"elementor-column elementor-col-33 elementor-inner-column elementor-element elementor-element-aaf9a14\" data-id=\"aaf9a14\" data-element_type=\"column\">\n\t\t\t<div class=\"elementor-widget-wrap elementor-element-populated\">\n\t\t\t\t\t\t<div class=\"elementor-element elementor-element-c942592 elementor-widget elementor-widget-heading\" data-id=\"c942592\" data-element_type=\"widget\" data-widget_type=\"heading.default\">\n\t\t\t\t<div class=\"elementor-widget-container\">\n\t\t\t\t\t<h3 class=\"elementor-heading-title elementor-size-default\">Certificat de qualit\u00e9<\/h3>\t\t\t\t<\/div>\n\t\t\t\t<\/div>\n\t\t\t\t<div class=\"elementor-element elementor-element-7183276 elementor-widget elementor-widget-image\" data-id=\"7183276\" data-element_type=\"widget\" data-widget_type=\"image.default\">\n\t\t\t\t<div class=\"elementor-widget-container\">\n\t\t\t\t\t\t\t\t\t\t\t\t\t\t\t\t<a href=\"https:\/\/garciacamara.com\/wp-content\/uploads\/2023\/04\/CERTIFICADO_CALIDAD_EN.pdf\">\n\t\t\t\t\t\t\t<img decoding=\"async\" src=\"https:\/\/garciacamara.com\/wp-content\/uploads\/elementor\/thumbs\/Captura-de-pantalla-2023-04-11-a-las-11.21.15-q4um8jb6cq3hemrmi1asml2vom3ey8kt8a9kfspsii.png\" title=\"Captura de pantalla 2023-04-11 a las 11.21.15\" alt=\"Captura de pantalla 2023-04-11 a las 11.21.15\" loading=\"lazy\" \/>\t\t\t\t\t\t\t\t<\/a>\n\t\t\t\t\t\t\t\t\t\t\t\t\t\t\t<\/div>\n\t\t\t\t<\/div>\n\t\t\t\t\t<\/div>\n\t\t<\/div>\n\t\t\t\t<div class=\"elementor-column elementor-col-33 elementor-inner-column elementor-element elementor-element-63619c4\" data-id=\"63619c4\" data-element_type=\"column\">\n\t\t\t<div class=\"elementor-widget-wrap elementor-element-populated\">\n\t\t\t\t\t\t<div class=\"elementor-element elementor-element-5089d63 elementor-widget elementor-widget-heading\" data-id=\"5089d63\" data-element_type=\"widget\" data-widget_type=\"heading.default\">\n\t\t\t\t<div class=\"elementor-widget-container\">\n\t\t\t\t\t<h3 class=\"elementor-heading-title elementor-size-default\">Certificat GOST<\/h3>\t\t\t\t<\/div>\n\t\t\t\t<\/div>\n\t\t\t\t<div class=\"elementor-element elementor-element-6a38477 elementor-widget elementor-widget-image\" data-id=\"6a38477\" data-element_type=\"widget\" data-widget_type=\"image.default\">\n\t\t\t\t<div class=\"elementor-widget-container\">\n\t\t\t\t\t\t\t\t\t\t\t\t\t\t\t\t<a href=\"\/wp-content\/uploads\/2021\/11\/certificados_gost.pdf\">\n\t\t\t\t\t\t\t<img decoding=\"async\" src=\"https:\/\/garciacamara.com\/wp-content\/uploads\/elementor\/thumbs\/certificado-gost-pl0v6vms6t6kroc3ac2peku5eo3rlwpt860w0zjreu.png\" title=\"certificado-gost\" alt=\"certificado-gost\" loading=\"lazy\" \/>\t\t\t\t\t\t\t\t<\/a>\n\t\t\t\t\t\t\t\t\t\t\t\t\t\t\t<\/div>\n\t\t\t\t<\/div>\n\t\t\t\t\t<\/div>\n\t\t<\/div>\n\t\t\t\t<div class=\"elementor-column elementor-col-33 elementor-inner-column elementor-element elementor-element-0dd868a\" data-id=\"0dd868a\" data-element_type=\"column\">\n\t\t\t<div class=\"elementor-widget-wrap elementor-element-populated\">\n\t\t\t\t\t\t<div class=\"elementor-element elementor-element-b65f715 elementor-widget elementor-widget-heading\" data-id=\"b65f715\" data-element_type=\"widget\" data-widget_type=\"heading.default\">\n\t\t\t\t<div class=\"elementor-widget-container\">\n\t\t\t\t\t<h3 class=\"elementor-heading-title elementor-size-default\">Politique de qualit\u00e9<\/h3>\t\t\t\t<\/div>\n\t\t\t\t<\/div>\n\t\t\t\t<div class=\"elementor-element elementor-element-6a19027 elementor-widget elementor-widget-image\" data-id=\"6a19027\" data-element_type=\"widget\" data-widget_type=\"image.default\">\n\t\t\t\t<div class=\"elementor-widget-container\">\n\t\t\t\t\t\t\t\t\t\t\t\t\t\t\t\t<a href=\"\/wp-content\/uploads\/2021\/11\/I-CA-01.6_politica_calidad.pdf\">\n\t\t\t\t\t\t\t<img decoding=\"async\" src=\"https:\/\/garciacamara.com\/wp-content\/uploads\/elementor\/thumbs\/politica-calidad-pl0v6wkmdn7v3aaq4uhbz2lm01z4tltjkaodi9id96.png\" title=\"politica-calidad\" alt=\"politica-calidad\" loading=\"lazy\" \/>\t\t\t\t\t\t\t\t<\/a>\n\t\t\t\t\t\t\t\t\t\t\t\t\t\t\t<\/div>\n\t\t\t\t<\/div>\n\t\t\t\t\t<\/div>\n\t\t<\/div>\n\t\t\t\t\t<\/div>\n\t\t<\/section>\n\t\t\t\t\t<\/div>\n\t\t<\/div>\n\t\t\t\t\t<\/div>\n\t\t<\/section>\n\t\t\t\t<section class=\"elementor-section elementor-top-section elementor-element elementor-element-53cd544 elementor-section-boxed elementor-section-height-default elementor-section-height-default\" data-id=\"53cd544\" data-element_type=\"section\" data-settings=\"{&quot;background_background&quot;:&quot;classic&quot;}\">\n\t\t\t\t\t\t<div class=\"elementor-container elementor-column-gap-default\">\n\t\t\t\t\t<div class=\"elementor-column elementor-col-100 elementor-top-column elementor-element elementor-element-689bb7c\" data-id=\"689bb7c\" data-element_type=\"column\">\n\t\t\t<div class=\"elementor-widget-wrap elementor-element-populated\">\n\t\t\t\t\t\t<div class=\"elementor-element elementor-element-2ac9e0f elementor-widget elementor-widget-image\" data-id=\"2ac9e0f\" data-element_type=\"widget\" data-widget_type=\"image.default\">\n\t\t\t\t<div class=\"elementor-widget-container\">\n\t\t\t\t\t\t\t\t\t\t\t\t\t\t\t<img decoding=\"async\" width=\"360\" height=\"54\" src=\"https:\/\/garciacamara.com\/wp-content\/uploads\/2021\/11\/logos-garcia.png\" class=\"attachment-full size-full wp-image-2027\" alt=\"\" srcset=\"https:\/\/garciacamara.com\/wp-content\/uploads\/2021\/11\/logos-garcia.png 360w, https:\/\/garciacamara.com\/wp-content\/uploads\/2021\/11\/logos-garcia-300x45.png 300w\" sizes=\"(max-width: 360px) 100vw, 360px\" \/>\t\t\t\t\t\t\t\t\t\t\t\t\t\t\t<\/div>\n\t\t\t\t<\/div>\n\t\t\t\t\t<\/div>\n\t\t<\/div>\n\t\t\t\t\t<\/div>\n\t\t<\/section>\n\t\t\t\t<section class=\"elementor-section elementor-top-section elementor-element elementor-element-7b93f38 elementor-section-boxed elementor-section-height-default elementor-section-height-default\" data-id=\"7b93f38\" data-element_type=\"section\" data-settings=\"{&quot;background_background&quot;:&quot;classic&quot;}\">\n\t\t\t\t\t\t\t<div class=\"elementor-background-overlay\"><\/div>\n\t\t\t\t\t\t\t<div class=\"elementor-container elementor-column-gap-default\">\n\t\t\t\t\t<div class=\"elementor-column elementor-col-100 elementor-top-column elementor-element elementor-element-a5d1d10\" data-id=\"a5d1d10\" data-element_type=\"column\">\n\t\t\t<div class=\"elementor-widget-wrap elementor-element-populated\">\n\t\t\t\t\t\t<div class=\"elementor-element elementor-element-1183ad9 elementor-widget elementor-widget-text-editor\" data-id=\"1183ad9\" data-element_type=\"widget\" data-widget_type=\"text-editor.default\">\n\t\t\t\t<div class=\"elementor-widget-container\">\n\t\t\t\t\t\t\t\t\t<p>Chez <strong>GARC\u00cdA C\u00c1MARA<\/strong>, nous avons plus de 80 ans d&rsquo;exp\u00e9rience, nous fabriquons des \u00e9changeurs de chaleur depuis 1942. Notre objectif est de fournir \u00e0 nos clients la meilleure solution possible pour r\u00e9pondre aux besoins d&rsquo;un march\u00e9 changeant et exigeant.<\/p>\t\t\t\t\t\t\t\t<\/div>\n\t\t\t\t<\/div>\n\t\t\t\t\t<\/div>\n\t\t<\/div>\n\t\t\t\t\t<\/div>\n\t\t<\/section>\n\t\t\t\t<\/div>\n\t\t","protected":false},"excerpt":{"rendered":"<p>notre entreprise Chez GARC\u00cdA C\u00c1MARA,\u00a0nous fabriquons des \u00e9changeurs de chaleur depuis 1942. Aujourd&rsquo;hui, tout comme il y a 80 ans, notre objectif a toujours \u00e9t\u00e9 de fournir \u00e0 nos clients la meilleure solution possible pour r\u00e9pondre aux besoins d&rsquo;un march\u00e9 changeant et exigeant. Pour ce faire, nous disposons de machines de derni\u00e8re technologie, d&rsquo;installations modernes [&hellip;]<\/p>\n","protected":false},"author":1,"featured_media":0,"parent":0,"menu_order":0,"comment_status":"closed","ping_status":"closed","template":"elementor_header_footer","meta":{"inline_featured_image":false,"footnotes":""},"class_list":["post-2148","page","type-page","status-publish","hentry"],"yoast_head":"<!-- This site is optimized with the Yoast SEO plugin v25.8 - https:\/\/yoast.com\/wordpress\/plugins\/seo\/ -->\n<title>A propos de nous - Garc\u00eda C\u00e1mara<\/title>\n<meta name=\"robots\" content=\"index, follow, max-snippet:-1, max-image-preview:large, max-video-preview:-1\" \/>\n<link rel=\"canonical\" href=\"https:\/\/garciacamara.com\/empresa\/\" \/>\n<meta property=\"og:locale\" content=\"fr_FR\" \/>\n<meta property=\"og:type\" content=\"article\" \/>\n<meta property=\"og:title\" content=\"A propos de nous - Garc\u00eda C\u00e1mara\" \/>\n<meta property=\"og:description\" content=\"notre entreprise Chez GARC\u00cdA C\u00c1MARA,\u00a0nous fabriquons des \u00e9changeurs de chaleur depuis 1942. Aujourd&rsquo;hui, tout comme il y a 80 ans, notre objectif a toujours \u00e9t\u00e9 de fournir \u00e0 nos clients la meilleure solution possible pour r\u00e9pondre aux besoins d&rsquo;un march\u00e9 changeant et exigeant. Pour ce faire, nous disposons de machines de derni\u00e8re technologie, d&rsquo;installations modernes [&hellip;]\" \/>\n<meta property=\"og:url\" content=\"https:\/\/garciacamara.com\/empresa\/\" \/>\n<meta property=\"og:site_name\" content=\"Garc\u00eda C\u00e1mara\" \/>\n<meta property=\"article:modified_time\" content=\"2023-04-11T09:23:16+00:00\" \/>\n<meta property=\"og:image\" content=\"https:\/\/garciacamara.com\/wp-content\/uploads\/elementor\/thumbs\/Captura-de-pantalla-2023-04-11-a-las-11.21.15-q4um8jb6cq3hemrmi1asml2vom3ey8kt8a9kfspsis.png\" \/>\n<meta name=\"twitter:card\" content=\"summary_large_image\" \/>\n<meta name=\"twitter:label1\" content=\"Dur\u00e9e de lecture estim\u00e9e\" \/>\n\t<meta name=\"twitter:data1\" content=\"2 minutes\" \/>\n<script type=\"application\/ld+json\" class=\"yoast-schema-graph\">{\"@context\":\"https:\/\/schema.org\",\"@graph\":[{\"@type\":\"WebPage\",\"@id\":\"https:\/\/garciacamara.com\/empresa\/\",\"url\":\"https:\/\/garciacamara.com\/empresa\/\",\"name\":\"A propos de nous - Garc\u00eda C\u00e1mara\",\"isPartOf\":{\"@id\":\"https:\/\/garciacamara.com\/#website\"},\"primaryImageOfPage\":{\"@id\":\"https:\/\/garciacamara.com\/empresa\/#primaryimage\"},\"image\":{\"@id\":\"https:\/\/garciacamara.com\/empresa\/#primaryimage\"},\"thumbnailUrl\":\"https:\/\/garciacamara.com\/wp-content\/uploads\/elementor\/thumbs\/Captura-de-pantalla-2023-04-11-a-las-11.21.15-q4um8jb6cq3hemrmi1asml2vom3ey8kt8a9kfspsis.png\",\"datePublished\":\"2021-11-05T08:46:50+00:00\",\"dateModified\":\"2023-04-11T09:23:16+00:00\",\"breadcrumb\":{\"@id\":\"https:\/\/garciacamara.com\/empresa\/#breadcrumb\"},\"inLanguage\":\"fr-FR\",\"potentialAction\":[{\"@type\":\"ReadAction\",\"target\":[\"https:\/\/garciacamara.com\/empresa\/\"]}]},{\"@type\":\"ImageObject\",\"inLanguage\":\"fr-FR\",\"@id\":\"https:\/\/garciacamara.com\/empresa\/#primaryimage\",\"url\":\"https:\/\/garciacamara.com\/wp-content\/uploads\/elementor\/thumbs\/Captura-de-pantalla-2023-04-11-a-las-11.21.15-q4um8jb6cq3hemrmi1asml2vom3ey8kt8a9kfspsis.png\",\"contentUrl\":\"https:\/\/garciacamara.com\/wp-content\/uploads\/elementor\/thumbs\/Captura-de-pantalla-2023-04-11-a-las-11.21.15-q4um8jb6cq3hemrmi1asml2vom3ey8kt8a9kfspsis.png\"},{\"@type\":\"BreadcrumbList\",\"@id\":\"https:\/\/garciacamara.com\/empresa\/#breadcrumb\",\"itemListElement\":[{\"@type\":\"ListItem\",\"position\":1,\"name\":\"Home\",\"item\":\"https:\/\/garciacamara.com\/\"},{\"@type\":\"ListItem\",\"position\":2,\"name\":\"A propos de nous\"}]},{\"@type\":\"WebSite\",\"@id\":\"https:\/\/garciacamara.com\/#website\",\"url\":\"https:\/\/garciacamara.com\/\",\"name\":\"Garc\u00eda C\u00e1mara\",\"description\":\"Fabricaci\u00f3n de intercambiadores de calor desde 1942.\",\"publisher\":{\"@id\":\"https:\/\/garciacamara.com\/#organization\"},\"potentialAction\":[{\"@type\":\"SearchAction\",\"target\":{\"@type\":\"EntryPoint\",\"urlTemplate\":\"https:\/\/garciacamara.com\/?s={search_term_string}\"},\"query-input\":{\"@type\":\"PropertyValueSpecification\",\"valueRequired\":true,\"valueName\":\"search_term_string\"}}],\"inLanguage\":\"fr-FR\"},{\"@type\":\"Organization\",\"@id\":\"https:\/\/garciacamara.com\/#organization\",\"name\":\"Garc\u00eda C\u00e1mara\",\"url\":\"https:\/\/garciacamara.com\/\",\"logo\":{\"@type\":\"ImageObject\",\"inLanguage\":\"fr-FR\",\"@id\":\"https:\/\/garciacamara.com\/#\/schema\/logo\/image\/\",\"url\":\"https:\/\/garciacamara.com\/wp-content\/uploads\/2022\/03\/logo-garcia-camara-gc-4.svg\",\"contentUrl\":\"https:\/\/garciacamara.com\/wp-content\/uploads\/2022\/03\/logo-garcia-camara-gc-4.svg\",\"width\":1,\"height\":1,\"caption\":\"Garc\u00eda C\u00e1mara\"},\"image\":{\"@id\":\"https:\/\/garciacamara.com\/#\/schema\/logo\/image\/\"}}]}<\/script>\n<!-- \/ Yoast SEO plugin. -->","yoast_head_json":{"title":"A propos de nous - Garc\u00eda C\u00e1mara","robots":{"index":"index","follow":"follow","max-snippet":"max-snippet:-1","max-image-preview":"max-image-preview:large","max-video-preview":"max-video-preview:-1"},"canonical":"https:\/\/garciacamara.com\/empresa\/","og_locale":"fr_FR","og_type":"article","og_title":"A propos de nous - Garc\u00eda C\u00e1mara","og_description":"notre entreprise Chez GARC\u00cdA C\u00c1MARA,\u00a0nous fabriquons des \u00e9changeurs de chaleur depuis 1942. Aujourd&rsquo;hui, tout comme il y a 80 ans, notre objectif a toujours \u00e9t\u00e9 de fournir \u00e0 nos clients la meilleure solution possible pour r\u00e9pondre aux besoins d&rsquo;un march\u00e9 changeant et exigeant. Pour ce faire, nous disposons de machines de derni\u00e8re technologie, d&rsquo;installations modernes [&hellip;]","og_url":"https:\/\/garciacamara.com\/empresa\/","og_site_name":"Garc\u00eda C\u00e1mara","article_modified_time":"2023-04-11T09:23:16+00:00","og_image":[{"url":"https:\/\/garciacamara.com\/wp-content\/uploads\/elementor\/thumbs\/Captura-de-pantalla-2023-04-11-a-las-11.21.15-q4um8jb6cq3hemrmi1asml2vom3ey8kt8a9kfspsis.png","type":"","width":"","height":""}],"twitter_card":"summary_large_image","twitter_misc":{"Dur\u00e9e de lecture estim\u00e9e":"2 minutes"},"schema":{"@context":"https:\/\/schema.org","@graph":[{"@type":"WebPage","@id":"https:\/\/garciacamara.com\/empresa\/","url":"https:\/\/garciacamara.com\/empresa\/","name":"A propos de nous - Garc\u00eda C\u00e1mara","isPartOf":{"@id":"https:\/\/garciacamara.com\/#website"},"primaryImageOfPage":{"@id":"https:\/\/garciacamara.com\/empresa\/#primaryimage"},"image":{"@id":"https:\/\/garciacamara.com\/empresa\/#primaryimage"},"thumbnailUrl":"https:\/\/garciacamara.com\/wp-content\/uploads\/elementor\/thumbs\/Captura-de-pantalla-2023-04-11-a-las-11.21.15-q4um8jb6cq3hemrmi1asml2vom3ey8kt8a9kfspsis.png","datePublished":"2021-11-05T08:46:50+00:00","dateModified":"2023-04-11T09:23:16+00:00","breadcrumb":{"@id":"https:\/\/garciacamara.com\/empresa\/#breadcrumb"},"inLanguage":"fr-FR","potentialAction":[{"@type":"ReadAction","target":["https:\/\/garciacamara.com\/empresa\/"]}]},{"@type":"ImageObject","inLanguage":"fr-FR","@id":"https:\/\/garciacamara.com\/empresa\/#primaryimage","url":"https:\/\/garciacamara.com\/wp-content\/uploads\/elementor\/thumbs\/Captura-de-pantalla-2023-04-11-a-las-11.21.15-q4um8jb6cq3hemrmi1asml2vom3ey8kt8a9kfspsis.png","contentUrl":"https:\/\/garciacamara.com\/wp-content\/uploads\/elementor\/thumbs\/Captura-de-pantalla-2023-04-11-a-las-11.21.15-q4um8jb6cq3hemrmi1asml2vom3ey8kt8a9kfspsis.png"},{"@type":"BreadcrumbList","@id":"https:\/\/garciacamara.com\/empresa\/#breadcrumb","itemListElement":[{"@type":"ListItem","position":1,"name":"Home","item":"https:\/\/garciacamara.com\/"},{"@type":"ListItem","position":2,"name":"A propos de nous"}]},{"@type":"WebSite","@id":"https:\/\/garciacamara.com\/#website","url":"https:\/\/garciacamara.com\/","name":"Garc\u00eda C\u00e1mara","description":"Fabricaci\u00f3n de intercambiadores de calor desde 1942.","publisher":{"@id":"https:\/\/garciacamara.com\/#organization"},"potentialAction":[{"@type":"SearchAction","target":{"@type":"EntryPoint","urlTemplate":"https:\/\/garciacamara.com\/?s={search_term_string}"},"query-input":{"@type":"PropertyValueSpecification","valueRequired":true,"valueName":"search_term_string"}}],"inLanguage":"fr-FR"},{"@type":"Organization","@id":"https:\/\/garciacamara.com\/#organization","name":"Garc\u00eda C\u00e1mara","url":"https:\/\/garciacamara.com\/","logo":{"@type":"ImageObject","inLanguage":"fr-FR","@id":"https:\/\/garciacamara.com\/#\/schema\/logo\/image\/","url":"https:\/\/garciacamara.com\/wp-content\/uploads\/2022\/03\/logo-garcia-camara-gc-4.svg","contentUrl":"https:\/\/garciacamara.com\/wp-content\/uploads\/2022\/03\/logo-garcia-camara-gc-4.svg","width":1,"height":1,"caption":"Garc\u00eda C\u00e1mara"},"image":{"@id":"https:\/\/garciacamara.com\/#\/schema\/logo\/image\/"}}]}},"_links":{"self":[{"href":"https:\/\/garciacamara.com\/fr\/wp-json\/wp\/v2\/pages\/2148","targetHints":{"allow":["GET"]}}],"collection":[{"href":"https:\/\/garciacamara.com\/fr\/wp-json\/wp\/v2\/pages"}],"about":[{"href":"https:\/\/garciacamara.com\/fr\/wp-json\/wp\/v2\/types\/page"}],"author":[{"embeddable":true,"href":"https:\/\/garciacamara.com\/fr\/wp-json\/wp\/v2\/users\/1"}],"replies":[{"embeddable":true,"href":"https:\/\/garciacamara.com\/fr\/wp-json\/wp\/v2\/comments?post=2148"}],"version-history":[{"count":20,"href":"https:\/\/garciacamara.com\/fr\/wp-json\/wp\/v2\/pages\/2148\/revisions"}],"predecessor-version":[{"id":2761,"href":"https:\/\/garciacamara.com\/fr\/wp-json\/wp\/v2\/pages\/2148\/revisions\/2761"}],"wp:attachment":[{"href":"https:\/\/garciacamara.com\/fr\/wp-json\/wp\/v2\/media?parent=2148"}],"curies":[{"name":"wp","href":"https:\/\/api.w.org\/{rel}","templated":true}]}}