{"id":2162,"date":"2021-11-09T11:37:52","date_gmt":"2021-11-09T11:37:52","guid":{"rendered":"https:\/\/garciacamara.com\/?page_id=2162"},"modified":"2022-10-24T07:28:41","modified_gmt":"2022-10-24T07:28:41","slug":"politique-de-confidentialite","status":"publish","type":"page","link":"https:\/\/garciacamara.com\/fr\/politique-de-confidentialite\/","title":{"rendered":"Politique de confidentialit\u00e9"},"content":{"rendered":"\t\t<div data-elementor-type=\"wp-page\" data-elementor-id=\"2162\" class=\"elementor elementor-2162 elementor-471\" data-elementor-post-type=\"page\">\n\t\t\t\t\t\t<section class=\"elementor-section elementor-top-section elementor-element elementor-element-022d149 elementor-section-full_width elementor-section-height-default elementor-section-height-default\" data-id=\"022d149\" data-element_type=\"section\" data-settings=\"{&quot;background_background&quot;:&quot;classic&quot;}\">\n\t\t\t\t\t\t<div class=\"elementor-container elementor-column-gap-default\">\n\t\t\t\t\t<div class=\"elementor-column elementor-col-100 elementor-top-column elementor-element elementor-element-844a722\" data-id=\"844a722\" data-element_type=\"column\">\n\t\t\t<div class=\"elementor-widget-wrap elementor-element-populated\">\n\t\t\t\t\t\t<div class=\"elementor-element elementor-element-9e79e03 elementor-widget elementor-widget-spacer\" data-id=\"9e79e03\" data-element_type=\"widget\" data-widget_type=\"spacer.default\">\n\t\t\t\t<div class=\"elementor-widget-container\">\n\t\t\t\t\t\t\t<div class=\"elementor-spacer\">\n\t\t\t<div class=\"elementor-spacer-inner\"><\/div>\n\t\t<\/div>\n\t\t\t\t\t\t<\/div>\n\t\t\t\t<\/div>\n\t\t\t\t\t<\/div>\n\t\t<\/div>\n\t\t\t\t\t<\/div>\n\t\t<\/section>\n\t\t\t\t<section class=\"elementor-section elementor-top-section elementor-element elementor-element-a526ef2 elementor-section-boxed elementor-section-height-default elementor-section-height-default\" data-id=\"a526ef2\" data-element_type=\"section\">\n\t\t\t\t\t\t<div class=\"elementor-container elementor-column-gap-default\">\n\t\t\t\t\t<div class=\"elementor-column elementor-col-100 elementor-top-column elementor-element elementor-element-6ade122\" data-id=\"6ade122\" data-element_type=\"column\">\n\t\t\t<div class=\"elementor-widget-wrap elementor-element-populated\">\n\t\t\t\t\t\t<div class=\"elementor-element elementor-element-ef7ea24 elementor-widget elementor-widget-heading\" data-id=\"ef7ea24\" data-element_type=\"widget\" data-widget_type=\"heading.default\">\n\t\t\t\t<div class=\"elementor-widget-container\">\n\t\t\t\t\t<h2 class=\"elementor-heading-title elementor-size-default\">Pol\u00edtica de cookies<\/h2>\t\t\t\t<\/div>\n\t\t\t\t<\/div>\n\t\t\t\t<div class=\"elementor-element elementor-element-1673edf elementor-widget elementor-widget-text-editor\" data-id=\"1673edf\" data-element_type=\"widget\" data-widget_type=\"text-editor.default\">\n\t\t\t\t<div class=\"elementor-widget-container\">\n\t\t\t\t\t\t\t\t\t<p>GARCIA CAMARA S.L. informa acerca del uso de las Cookies en su p\u00e1gina web:\u00a0 <em>www.garciacamara.com <\/em><\/p><ul><li>DEFINICI\u00d3N Y FUNCI\u00d3N GENERICA DE LAS COOKIES<\/li><\/ul><p>\u00a0<\/p><p><strong>\u00bfQu\u00e9 son las Cookies?<\/strong><\/p><p>Este sitio web utiliza Cookies y\/o tecnolog\u00edas similares que almacenan y recuperan informaci\u00f3n de quien navega por nuestra web. Una cookie es un peque\u00f1o archivo de texto que se almacena en el navegador utilizado y cuya finalidad principal es recordar a quien ya ha visitado la p\u00e1gina, permitir o facilitar la navegaci\u00f3n, guardar informaci\u00f3n sobre sus preferencias, analizar c\u00f3mo interact\u00faa o medir el uso que se hace de los servicios prestados desde la web y poder mejorarlos. En ocasiones tambi\u00e9n se usar\u00e1n para poder mostrarle publicidad en funci\u00f3n de sus h\u00e1bitos y perfil de navegaci\u00f3n.<\/p><p>En general las cookies pueden servir para finalidades muy diversas, como, por ejemplo, reconocer al usuario, obtener informaci\u00f3n sobre tus h\u00e1bitos de navegaci\u00f3n, o personalizar la forma en que se muestra el contenido.<\/p><p>\u00a0<\/p><p><strong>\u00bfPara qu\u00e9 NO se utilizan las Cookies en esta web?<\/strong><\/p><p>No almacenamos informaci\u00f3n sensible que permita su identificaci\u00f3n personal de manera directa, como su direcci\u00f3n, su contrase\u00f1a, los datos de su tarjeta de cr\u00e9dito o d\u00e9bito, etc., en las Cookies que utilizamos.<\/p><p>Los usos concretos que hacemos de estas tecnolog\u00edas se describen a continuaci\u00f3n.<\/p><p>\u00a0<\/p><ul><li>INFORMACI\u00d3N SOBRE EL TIPO DE COOKIES QUE SE UTILIZAN Y SU FINALIDAD<\/li><\/ul><p>\u00a0<\/p><p>De conformidad con lo establecido en la Ley de servicios de la sociedad de la informaci\u00f3n y comercio electr\u00f3nico y de conformidad con las directrices establecidas por la Agencia Espa\u00f1ola de protecci\u00f3n de datos le informamos en el siguiente apartado, de las cookies existentes en nuestra web<\/p><p>\u00a0<\/p><ul><li>IDENTIFICACION DE QUIEN UTILIZA LAS COOKIES.<\/li><\/ul><p>\u00a0<\/p><p>En funci\u00f3n de quien usar\u00e1 las cookies estas pueden ser propias o de terceros<\/p><p>\u00a0\u00a0\u00a0\u00a0 <strong>Propias: <\/strong>Son aqu\u00e9llas que se env\u00edan al equipo terminal del usuario desde un equipo o dominio gestionado por el propio editor y desde el que se presta el servicio solicitado por el usuario<\/p><p><strong>\u00a0\u00a0\u00a0\u00a0 De terceros: <\/strong>Son aqu\u00e9llas que se env\u00edan al equipo terminal del usuario desde un equipo o dominio que no es gestionado por el editor, sino por otra entidad que trata los datos obtenidos trav\u00e9s de las cookies<\/p><p>\u00a0<\/p><ul><li>\u00a0TIPOS DE COOKIES<\/li><\/ul><p>\u00a0<\/p><p>Para que pueda prestar un consentimiento plenamente informado,se describe a continuaci\u00f3n en qu\u00e9 consiste y cu\u00e1l es la finalidad de cada tipo de cookie<\/p><p><strong>\u00a0\u00a0\u00a0\u00a0 Cookies t\u00e9cnicas<\/strong> permiten a la persona usuaria la navegaci\u00f3n a trav\u00e9s de una p\u00e1gina web, plataforma o aplicaci\u00f3n y la utilizaci\u00f3n de las diferentes opciones o servicios que en ella existan, incluyendo la gesti\u00f3n y operativa de la p\u00e1gina web y habilitar sus funciones y servicios, como, por ejemplo, identificar la sesi\u00f3n, acceder a partes de acceso restringido, recordar los elementos que integran un pedido, realizar el proceso de compra de un pedido, gestionar el pago, \u2026 La p\u00e1gina web no puede funcionar adecuadamente sin estas cookies por lo que se consideran necesarias y no requieren de su consentimiento.<\/p><p>\u00a0<\/p><p><strong>\u00a0\u00a0\u00a0\u00a0 Cookies de preferencias<\/strong> o <strong>personalizaci\u00f3n<\/strong> permiten a la p\u00e1gina web recordar informaci\u00f3n que cambia la forma en que la p\u00e1gina se comporta o el aspecto que tiene de modo que el usuario acceda al servicio con determinadas caracter\u00edsticas que pueden diferenciar sus opciones de uso del sitio web a las de otros usuarios, como, por ejemplo, el idioma, el n\u00famero de resultados a mostrar cuando el usuario realiza una b\u00fasqueda o la regi\u00f3n en la que el usuario se encuentra. Si es el propio usuario quien elige esas caracter\u00edsticas, por ejemplo, marcando la bandera del idioma, se considera un servicio expresamente solicitado siempre y cuando las cookies obedezcan exclusivamente a la finalidad seleccionada de personalizaci\u00f3n. Como en el caso anterior, estas cookies no requieren de su consentimiento.<\/p><p>\u00a0<\/p><p><strong>\u00a0\u00a0\u00a0\u00a0 Cookies de an\u00e1lisis<\/strong> o <strong>medici\u00f3n<\/strong> son aquellas que permiten comprender c\u00f3mo interact\u00faan los visitantes con las p\u00e1ginas web y as\u00ed realizar el an\u00e1lisis estad\u00edstico del uso que hacen las personas usuarias de la web de los servicios prestados. La informaci\u00f3n recogida se utiliza en la medici\u00f3n de la actividad de los sitios web o aplicaci\u00f3n con el fin de introducir mejoras en los productos y servicios ofrecidos por el responsable.<\/p><p>\u00a0<\/p><p><strong>\u00a0\u00a0\u00a0\u00a0 Cookies de marketing<\/strong> o <strong>publicidad comportamental<\/strong> almacenan informaci\u00f3n del comportamiento de los usuarios obtenida a trav\u00e9s de la observaci\u00f3n continuada de sus h\u00e1bitos de navegaci\u00f3n, lo que permite desarrollar un perfil espec\u00edfico para mostrar anuncios relevantes y atractivos para el usuario individual, y por lo tanto, m\u00e1s valiosos para los terceros anunciantes.<\/p><p>\u00a0\u00a0\u00a0\u00a0<\/p><p>Usamos cookies propias y de terceros de tipo t\u00e9cnicas, personalizaci\u00f3n, an\u00e1lisis, publicidad, para las finalidades que a continuaci\u00f3n se exponen en la siguiente declaraci\u00f3n de cookies:<\/p>\t\t\t\t\t\t\t\t<\/div>\n\t\t\t\t<\/div>\n\t\t\t\t<div class=\"elementor-element elementor-element-dea6fb2 elementor-widget elementor-widget-text-editor\" data-id=\"dea6fb2\" data-element_type=\"widget\" data-widget_type=\"text-editor.default\">\n\t\t\t\t<div class=\"elementor-widget-container\">\n\t\t\t\t\t\t\t\t\t<p class=\"p1\"><b style=\"font-family: var( --e-global-typography-text-font-family ), Sans-serif; font-size: 1rem;\">LISTADO DE COOKIES INSTALADAS EN ESTE SITIO WEB:<span class=\"Apple-converted-space\">\u00a0<\/span><\/b><\/p><p class=\"p5\"><b>Cookies t\u00e9cnicas o necesarias:<\/b><\/p><table class=\"t1\" cellspacing=\"0\" cellpadding=\"0\"><tbody><tr><td class=\"td1\" valign=\"middle\"><p class=\"p11\"><b>NOMBRE<\/b><\/p><\/td><td class=\"td2\" valign=\"middle\"><p class=\"p11\"><b>TIPO<\/b><\/p><\/td><td class=\"td3\" valign=\"middle\"><p class=\"p11\"><b>DOMINIOS<\/b><\/p><\/td><td class=\"td4\" valign=\"middle\"><p class=\"p11\"><b>FINALIDAD<\/b><\/p><\/td><td class=\"td5\" valign=\"middle\"><p class=\"p11\"><b>CADUCIDAD<\/b><\/p><\/td><\/tr><tr><td class=\"td6\" valign=\"middle\"><p class=\"p6\">PHPSESSID<\/p><\/td><td class=\"td7\" valign=\"top\"><p class=\"p14\">Propia<\/p><\/td><td class=\"td8\" valign=\"middle\"><p class=\"p6\"><a href=\"http:\/\/www.garciacamara.com\">www.garciacamara.com<\/a> <span class=\"Apple-converted-space\">\u00a0<\/span><\/p><\/td><td class=\"td9\" valign=\"middle\"><p class=\"p6\">Conserva los estados de los usuarios en todas las peticiones de la p\u00e1gina.<\/p><\/td><td class=\"td10\" valign=\"middle\"><p class=\"p15\">Sesi\u00f3n<\/p><\/td><\/tr><\/tbody><\/table><p class=\"p5\"><b>Cookies an\u00e1lisis o medici\u00f3n:<\/b><\/p><table class=\"t1\" cellspacing=\"0\" cellpadding=\"0\"><tbody><tr><td class=\"td11\" valign=\"middle\"><p class=\"p8\"><b>NOMBRE<\/b><\/p><\/td><td class=\"td12\" valign=\"middle\"><p class=\"p11\"><b>TIPO<\/b><\/p><\/td><td class=\"td13\" valign=\"middle\"><p class=\"p11\"><b>DOMINIOS<\/b><\/p><\/td><td class=\"td14\" valign=\"middle\"><p class=\"p11\"><b>FINALIDAD<\/b><\/p><\/td><td class=\"td15\" valign=\"middle\"><p class=\"p11\"><b>CADUCIDAD<\/b><\/p><\/td><\/tr><tr><td class=\"td16\" valign=\"middle\"><p class=\"p6\">_ga<\/p><\/td><td class=\"td17\" valign=\"middle\"><p class=\"p6\">Terceros<\/p><\/td><td class=\"td18\" valign=\"middle\"><p class=\"p6\">.garciacamara.com<span class=\"Apple-converted-space\">\u00a0<\/span><\/p><\/td><td class=\"td19\" valign=\"middle\"><p class=\"p6\">Es una cookie anal\u00edtica que se utiliza para distinguir a los usuarios<\/p><\/td><td class=\"td20\" valign=\"middle\"><p class=\"p6\">2 a\u00f1os<\/p><\/td><\/tr><tr><td class=\"td21\" valign=\"middle\"><p class=\"p6\">_gid<\/p><\/td><td class=\"td22\" valign=\"middle\"><p class=\"p6\">Terceros<\/p><\/td><td class=\"td23\" valign=\"middle\"><p class=\"p6\">.garciacamara.com<span class=\"Apple-converted-space\">\u00a0<\/span><\/p><\/td><td class=\"td24\" valign=\"middle\"><p class=\"p5\">Registra una identificaci\u00f3n \u00fanica que se utiliza para generar datos estad\u00edsticos acerca de c\u00f3mo utiliza el visitante el sitio web<\/p><\/td><td class=\"td25\" valign=\"middle\"><p class=\"p6\">24 horas<\/p><\/td><\/tr><\/tbody><\/table><p class=\"p16\"><span class=\"s10\"><b>Cookies de Redes Sociales externas, <\/b><\/span>al utilizar los enlaces a redes sociales desde nuestra web se generan al utilizar algunas aplicaciones de terceros.<\/p><table class=\"t1\" cellspacing=\"0\" cellpadding=\"0\"><tbody><tr><td class=\"td26\" valign=\"middle\"><p class=\"p11\"><b>DOMINIOS<\/b><\/p><\/td><td class=\"td27\" valign=\"middle\"><p class=\"p11\"><b>FINALIDAD<\/b><\/p><\/td><td class=\"td5\" valign=\"middle\"><p class=\"p11\"><b>CADUCIDAD<\/b><\/p><\/td><\/tr><tr><td class=\"td28\" valign=\"middle\"><p class=\"p11\">Facebook<\/p><\/td><td class=\"td29\" valign=\"middle\"><p class=\"p16\">Cookies de seguimiento de actividad en Facebook. Permite mostrar las \u00faltimas entradas del muro de proyectos y usuarios y realizar acciones como \u00ab\u00a0like\u00a0\u00bb o \u00ab\u00a0compartir\u00a0\u00bb. M\u00e1s informaci\u00f3n en:<span class=\"s11\">\u00a0<a href=\"https:\/\/www.facebook.com\/policies\/cookies\/\"><span class=\"s12\">https:\/\/www.facebook.com\/policies\/cookies\/<\/span><\/a><\/span><span class=\"s13\"><span class=\"Apple-converted-space\">\u00a0<\/span><\/span><\/p><\/td><td class=\"td30\" valign=\"middle\"><p class=\"p11\">Persistente<\/p><\/td><\/tr><tr><td class=\"td31\" valign=\"middle\"><p class=\"p11\">Twitter<\/p><\/td><td class=\"td32\" valign=\"middle\"><p class=\"p16\">Cookies de seguimiento de actividad en Twitter. Permite mostrar los \u00faltimos Tweets de proyectos y usuarios, realizar acciones como \u00ab\u00a0seguir\u00a0\u00bb, \u00ab\u00a0like\u00a0\u00bb o \u00ab\u00a0retwitear\u00a0\u00bb. M\u00e1s informaci\u00f3n en:<span class=\"s11\">\u00a0<a href=\"https:\/\/help.twitter.com\/en\/rules-and-policies\/twitter-cookies?lang=browser\"><span class=\"s12\">https:\/\/help.twitter.com\/en\/rules-and-policies\/twitter-cookies?lang=browser<\/span><\/a><\/span><span class=\"s13\"><span class=\"Apple-converted-space\">\u00a0<\/span><\/span><\/p><\/td><td class=\"td33\" valign=\"middle\"><p class=\"p11\">Persistente<\/p><\/td><\/tr><\/tbody><\/table><p class=\"p5\">\u00a0<\/p>\t\t\t\t\t\t\t\t<\/div>\n\t\t\t\t<\/div>\n\t\t\t\t<div class=\"elementor-element elementor-element-99217d5 elementor-widget elementor-widget-text-editor\" data-id=\"99217d5\" data-element_type=\"widget\" data-widget_type=\"text-editor.default\">\n\t\t\t\t<div class=\"elementor-widget-container\">\n\t\t\t\t\t\t\t\t\t<p>Para las cookies de an\u00e1lisis y de publicidad necesitamos su consentimiento que podremos obtener si pulsa en el bot\u00f3n \u201cAcepto\u201d en el mensaje de informaci\u00f3n que se muestra al acceder a nuestra p\u00e1gina web.<\/p><p>Si desactiva las cookies, podr\u00e1 seguir accediendo a la web pero puede que la navegaci\u00f3n por esta no sea \u00f3ptima y alguno de los servicios ofrecidos no funcionen correctamente.<\/p><p>Puede permitir, bloquear o eliminar las cookies instaladas en su dispositivo a trav\u00e9s del men\u00fa de configuraci\u00f3n de su navegador de internet, pudiendo configurarlo para que bloquee las cookies o alerte al usuario cuando un servidor quiera guardarla. Los siguientes enlaces proporcionan informaci\u00f3n en relaci\u00f3n con c\u00f3mo configurar y\/o deshabilitar las cookies para cada uno de los principales navegadores del mercado a fin de que el usuario pueda decidir si acepta o no el uso de cookies.<\/p><ul><li><a href=\"https:\/\/support.microsoft.com\/es-es\/help\/17442\/windows-internet-explorer-delete-manage-cookies\">Microsoft Internet Explorer<\/a>: men\u00fa Herramientas &gt; Opciones de Internet &gt; Privacidad &gt; Configuraci\u00f3n.<\/li><li><a href=\"https:\/\/support.mozilla.org\/es\/kb\/habilitar-y-deshabilitar-cookies-sitios-web-rastrear-preferencias?redirectlocale=es&amp;redirectslug=habilitar-y-deshabilitar-cookies-que-los-sitios-we\">Firefox<\/a>: men\u00fa Herramientas &gt; Opciones &gt; Privacidad &gt; Cookies.<\/li><li><a href=\"https:\/\/support.google.com\/accounts\/answer\/61416?hl=es\">Chrome<\/a>: men\u00fa Opciones &gt; Opciones avanzadas &gt; Privacidad.<\/li><li><a href=\"https:\/\/support.apple.com\/es-es\/guide\/safari\/sfri11471\/mac\">Safari:<\/a> men\u00fa Preferencias\/Privacidad.<\/li><\/ul>\t\t\t\t\t\t\t\t<\/div>\n\t\t\t\t<\/div>\n\t\t\t\t\t<\/div>\n\t\t<\/div>\n\t\t\t\t\t<\/div>\n\t\t<\/section>\n\t\t\t\t<\/div>\n\t\t","protected":false},"excerpt":{"rendered":"<p>Pol\u00edtica de cookies GARCIA CAMARA S.L. informa acerca del uso de las Cookies en su p\u00e1gina web:\u00a0 www.garciacamara.com DEFINICI\u00d3N Y FUNCI\u00d3N GENERICA DE LAS COOKIES \u00a0 \u00bfQu\u00e9 son las Cookies? Este sitio web utiliza Cookies y\/o tecnolog\u00edas similares que almacenan y recuperan informaci\u00f3n de quien navega por nuestra web. Una cookie es un peque\u00f1o archivo [&hellip;]<\/p>\n","protected":false},"author":1,"featured_media":0,"parent":0,"menu_order":0,"comment_status":"closed","ping_status":"closed","template":"elementor_header_footer","meta":{"inline_featured_image":false,"footnotes":""},"class_list":["post-2162","page","type-page","status-publish","hentry"],"yoast_head":"<!-- This site is optimized with the Yoast SEO plugin v25.8 - https:\/\/yoast.com\/wordpress\/plugins\/seo\/ -->\n<title>Politique de confidentialit\u00e9 - Garc\u00eda C\u00e1mara<\/title>\n<meta name=\"robots\" content=\"index, follow, max-snippet:-1, max-image-preview:large, max-video-preview:-1\" \/>\n<link rel=\"canonical\" href=\"https:\/\/garciacamara.com\/fr\/politique-de-confidentialite\/\" \/>\n<meta property=\"og:locale\" content=\"fr_FR\" \/>\n<meta property=\"og:type\" content=\"article\" \/>\n<meta property=\"og:title\" content=\"Politique de confidentialit\u00e9 - Garc\u00eda C\u00e1mara\" \/>\n<meta property=\"og:description\" content=\"Pol\u00edtica de cookies GARCIA CAMARA S.L. informa acerca del uso de las Cookies en su p\u00e1gina web:\u00a0 www.garciacamara.com DEFINICI\u00d3N Y FUNCI\u00d3N GENERICA DE LAS COOKIES \u00a0 \u00bfQu\u00e9 son las Cookies? Este sitio web utiliza Cookies y\/o tecnolog\u00edas similares que almacenan y recuperan informaci\u00f3n de quien navega por nuestra web. Una cookie es un peque\u00f1o archivo [&hellip;]\" \/>\n<meta property=\"og:url\" content=\"https:\/\/garciacamara.com\/fr\/politique-de-confidentialite\/\" \/>\n<meta property=\"og:site_name\" content=\"Garc\u00eda C\u00e1mara\" \/>\n<meta property=\"article:modified_time\" content=\"2022-10-24T07:28:41+00:00\" \/>\n<meta name=\"twitter:card\" content=\"summary_large_image\" \/>\n<meta name=\"twitter:label1\" content=\"Dur\u00e9e de lecture estim\u00e9e\" \/>\n\t<meta name=\"twitter:data1\" content=\"6 minutes\" \/>\n<script type=\"application\/ld+json\" class=\"yoast-schema-graph\">{\"@context\":\"https:\/\/schema.org\",\"@graph\":[{\"@type\":\"WebPage\",\"@id\":\"https:\/\/garciacamara.com\/fr\/politique-de-confidentialite\/\",\"url\":\"https:\/\/garciacamara.com\/fr\/politique-de-confidentialite\/\",\"name\":\"Politique de confidentialit\u00e9 - Garc\u00eda C\u00e1mara\",\"isPartOf\":{\"@id\":\"https:\/\/garciacamara.com\/#website\"},\"datePublished\":\"2021-11-09T11:37:52+00:00\",\"dateModified\":\"2022-10-24T07:28:41+00:00\",\"breadcrumb\":{\"@id\":\"https:\/\/garciacamara.com\/fr\/politique-de-confidentialite\/#breadcrumb\"},\"inLanguage\":\"fr-FR\",\"potentialAction\":[{\"@type\":\"ReadAction\",\"target\":[\"https:\/\/garciacamara.com\/fr\/politique-de-confidentialite\/\"]}]},{\"@type\":\"BreadcrumbList\",\"@id\":\"https:\/\/garciacamara.com\/fr\/politique-de-confidentialite\/#breadcrumb\",\"itemListElement\":[{\"@type\":\"ListItem\",\"position\":1,\"name\":\"Home\",\"item\":\"https:\/\/garciacamara.com\/\"},{\"@type\":\"ListItem\",\"position\":2,\"name\":\"Politique de confidentialit\u00e9\"}]},{\"@type\":\"WebSite\",\"@id\":\"https:\/\/garciacamara.com\/#website\",\"url\":\"https:\/\/garciacamara.com\/\",\"name\":\"Garc\u00eda C\u00e1mara\",\"description\":\"Fabricaci\u00f3n de intercambiadores de calor desde 1942.\",\"publisher\":{\"@id\":\"https:\/\/garciacamara.com\/#organization\"},\"potentialAction\":[{\"@type\":\"SearchAction\",\"target\":{\"@type\":\"EntryPoint\",\"urlTemplate\":\"https:\/\/garciacamara.com\/?s={search_term_string}\"},\"query-input\":{\"@type\":\"PropertyValueSpecification\",\"valueRequired\":true,\"valueName\":\"search_term_string\"}}],\"inLanguage\":\"fr-FR\"},{\"@type\":\"Organization\",\"@id\":\"https:\/\/garciacamara.com\/#organization\",\"name\":\"Garc\u00eda C\u00e1mara\",\"url\":\"https:\/\/garciacamara.com\/\",\"logo\":{\"@type\":\"ImageObject\",\"inLanguage\":\"fr-FR\",\"@id\":\"https:\/\/garciacamara.com\/#\/schema\/logo\/image\/\",\"url\":\"https:\/\/garciacamara.com\/wp-content\/uploads\/2022\/03\/logo-garcia-camara-gc-4.svg\",\"contentUrl\":\"https:\/\/garciacamara.com\/wp-content\/uploads\/2022\/03\/logo-garcia-camara-gc-4.svg\",\"width\":1,\"height\":1,\"caption\":\"Garc\u00eda C\u00e1mara\"},\"image\":{\"@id\":\"https:\/\/garciacamara.com\/#\/schema\/logo\/image\/\"}}]}<\/script>\n<!-- \/ Yoast SEO plugin. -->","yoast_head_json":{"title":"Politique de confidentialit\u00e9 - Garc\u00eda C\u00e1mara","robots":{"index":"index","follow":"follow","max-snippet":"max-snippet:-1","max-image-preview":"max-image-preview:large","max-video-preview":"max-video-preview:-1"},"canonical":"https:\/\/garciacamara.com\/fr\/politique-de-confidentialite\/","og_locale":"fr_FR","og_type":"article","og_title":"Politique de confidentialit\u00e9 - Garc\u00eda C\u00e1mara","og_description":"Pol\u00edtica de cookies GARCIA CAMARA S.L. informa acerca del uso de las Cookies en su p\u00e1gina web:\u00a0 www.garciacamara.com DEFINICI\u00d3N Y FUNCI\u00d3N GENERICA DE LAS COOKIES \u00a0 \u00bfQu\u00e9 son las Cookies? Este sitio web utiliza Cookies y\/o tecnolog\u00edas similares que almacenan y recuperan informaci\u00f3n de quien navega por nuestra web. Una cookie es un peque\u00f1o archivo [&hellip;]","og_url":"https:\/\/garciacamara.com\/fr\/politique-de-confidentialite\/","og_site_name":"Garc\u00eda C\u00e1mara","article_modified_time":"2022-10-24T07:28:41+00:00","twitter_card":"summary_large_image","twitter_misc":{"Dur\u00e9e de lecture estim\u00e9e":"6 minutes"},"schema":{"@context":"https:\/\/schema.org","@graph":[{"@type":"WebPage","@id":"https:\/\/garciacamara.com\/fr\/politique-de-confidentialite\/","url":"https:\/\/garciacamara.com\/fr\/politique-de-confidentialite\/","name":"Politique de confidentialit\u00e9 - Garc\u00eda C\u00e1mara","isPartOf":{"@id":"https:\/\/garciacamara.com\/#website"},"datePublished":"2021-11-09T11:37:52+00:00","dateModified":"2022-10-24T07:28:41+00:00","breadcrumb":{"@id":"https:\/\/garciacamara.com\/fr\/politique-de-confidentialite\/#breadcrumb"},"inLanguage":"fr-FR","potentialAction":[{"@type":"ReadAction","target":["https:\/\/garciacamara.com\/fr\/politique-de-confidentialite\/"]}]},{"@type":"BreadcrumbList","@id":"https:\/\/garciacamara.com\/fr\/politique-de-confidentialite\/#breadcrumb","itemListElement":[{"@type":"ListItem","position":1,"name":"Home","item":"https:\/\/garciacamara.com\/"},{"@type":"ListItem","position":2,"name":"Politique de confidentialit\u00e9"}]},{"@type":"WebSite","@id":"https:\/\/garciacamara.com\/#website","url":"https:\/\/garciacamara.com\/","name":"Garc\u00eda C\u00e1mara","description":"Fabricaci\u00f3n de intercambiadores de calor desde 1942.","publisher":{"@id":"https:\/\/garciacamara.com\/#organization"},"potentialAction":[{"@type":"SearchAction","target":{"@type":"EntryPoint","urlTemplate":"https:\/\/garciacamara.com\/?s={search_term_string}"},"query-input":{"@type":"PropertyValueSpecification","valueRequired":true,"valueName":"search_term_string"}}],"inLanguage":"fr-FR"},{"@type":"Organization","@id":"https:\/\/garciacamara.com\/#organization","name":"Garc\u00eda C\u00e1mara","url":"https:\/\/garciacamara.com\/","logo":{"@type":"ImageObject","inLanguage":"fr-FR","@id":"https:\/\/garciacamara.com\/#\/schema\/logo\/image\/","url":"https:\/\/garciacamara.com\/wp-content\/uploads\/2022\/03\/logo-garcia-camara-gc-4.svg","contentUrl":"https:\/\/garciacamara.com\/wp-content\/uploads\/2022\/03\/logo-garcia-camara-gc-4.svg","width":1,"height":1,"caption":"Garc\u00eda C\u00e1mara"},"image":{"@id":"https:\/\/garciacamara.com\/#\/schema\/logo\/image\/"}}]}},"_links":{"self":[{"href":"https:\/\/garciacamara.com\/fr\/wp-json\/wp\/v2\/pages\/2162","targetHints":{"allow":["GET"]}}],"collection":[{"href":"https:\/\/garciacamara.com\/fr\/wp-json\/wp\/v2\/pages"}],"about":[{"href":"https:\/\/garciacamara.com\/fr\/wp-json\/wp\/v2\/types\/page"}],"author":[{"embeddable":true,"href":"https:\/\/garciacamara.com\/fr\/wp-json\/wp\/v2\/users\/1"}],"replies":[{"embeddable":true,"href":"https:\/\/garciacamara.com\/fr\/wp-json\/wp\/v2\/comments?post=2162"}],"version-history":[{"count":4,"href":"https:\/\/garciacamara.com\/fr\/wp-json\/wp\/v2\/pages\/2162\/revisions"}],"predecessor-version":[{"id":2172,"href":"https:\/\/garciacamara.com\/fr\/wp-json\/wp\/v2\/pages\/2162\/revisions\/2172"}],"wp:attachment":[{"href":"https:\/\/garciacamara.com\/fr\/wp-json\/wp\/v2\/media?parent=2162"}],"curies":[{"name":"wp","href":"https:\/\/api.w.org\/{rel}","templated":true}]}}