{"id":2180,"date":"2021-11-08T09:05:52","date_gmt":"2021-11-08T09:05:52","guid":{"rendered":"https:\/\/garciacamara.com\/?page_id=2180"},"modified":"2022-10-24T10:31:09","modified_gmt":"2022-10-24T10:31:09","slug":"durabilite","status":"publish","type":"page","link":"https:\/\/garciacamara.com\/fr\/durabilite\/","title":{"rendered":"Durabilit\u00e9"},"content":{"rendered":"\t\t<div data-elementor-type=\"wp-page\" data-elementor-id=\"2180\" class=\"elementor elementor-2180 elementor-221\" data-elementor-post-type=\"page\">\n\t\t\t\t\t\t<section class=\"elementor-section elementor-top-section elementor-element elementor-element-022d149 elementor-section-full_width elementor-section-height-default elementor-section-height-default\" data-id=\"022d149\" data-element_type=\"section\" data-settings=\"{&quot;background_background&quot;:&quot;classic&quot;}\">\n\t\t\t\t\t\t<div class=\"elementor-container elementor-column-gap-default\">\n\t\t\t\t\t<div class=\"elementor-column elementor-col-100 elementor-top-column elementor-element elementor-element-844a722\" data-id=\"844a722\" data-element_type=\"column\">\n\t\t\t<div class=\"elementor-widget-wrap elementor-element-populated\">\n\t\t\t\t\t\t<div class=\"elementor-element elementor-element-9e79e03 elementor-widget elementor-widget-spacer\" data-id=\"9e79e03\" data-element_type=\"widget\" data-widget_type=\"spacer.default\">\n\t\t\t\t<div class=\"elementor-widget-container\">\n\t\t\t\t\t\t\t<div class=\"elementor-spacer\">\n\t\t\t<div class=\"elementor-spacer-inner\"><\/div>\n\t\t<\/div>\n\t\t\t\t\t\t<\/div>\n\t\t\t\t<\/div>\n\t\t\t\t\t<\/div>\n\t\t<\/div>\n\t\t\t\t\t<\/div>\n\t\t<\/section>\n\t\t\t\t<section class=\"elementor-section elementor-top-section elementor-element elementor-element-a526ef2 elementor-section-boxed elementor-section-height-default elementor-section-height-default\" data-id=\"a526ef2\" data-element_type=\"section\">\n\t\t\t\t\t\t<div class=\"elementor-container elementor-column-gap-default\">\n\t\t\t\t\t<div class=\"elementor-column elementor-col-100 elementor-top-column elementor-element elementor-element-6ade122\" data-id=\"6ade122\" data-element_type=\"column\">\n\t\t\t<div class=\"elementor-widget-wrap elementor-element-populated\">\n\t\t\t\t\t\t<div class=\"elementor-element elementor-element-ef7ea24 elementor-widget elementor-widget-heading\" data-id=\"ef7ea24\" data-element_type=\"widget\" data-widget_type=\"heading.default\">\n\t\t\t\t<div class=\"elementor-widget-container\">\n\t\t\t\t\t<h2 class=\"elementor-heading-title elementor-size-default\">durabilit\u00e9<\/h2>\t\t\t\t<\/div>\n\t\t\t\t<\/div>\n\t\t\t\t<div class=\"elementor-element elementor-element-dea6fb2 elementor-widget elementor-widget-text-editor\" data-id=\"dea6fb2\" data-element_type=\"widget\" data-widget_type=\"text-editor.default\">\n\t\t\t\t<div class=\"elementor-widget-container\">\n\t\t\t\t\t\t\t\t\t<p><strong>Chez GC Refrigeration, nous nous engageons en faveur de l&rsquo;environnement et sommes conscients de la n\u00e9cessit\u00e9 de d\u00e9velopper des produits de plus en plus efficaces et respectueux de l&rsquo;environnement<\/strong><strong>.<\/strong><\/p><p>Le r\u00e8glement europ\u00e9en n\u00b0517\/2014 (F-Gas), met en avant la r\u00e9duction des fluides \u00e0 fort potentiel de r\u00e9chauffement global (PRG).<\/p><p>Selon ce r\u00e8glement, une r\u00e9duction progressive des fluides disponibles sur le march\u00e9 de 2015 \u00e0 2030 est \u00e9tablie, consid\u00e9rant que les quantit\u00e9s de HFC seront r\u00e9duites \u00e0 21% d&rsquo;ici 2030. Dans un avenir proche, il faudra se pr\u00e9parer \u00e0 l&rsquo;utilisation de fluides inflammables ou toxiques \u00e0 faible PRG.<\/p><p>Chez GC, nous nous engageons \u00e0 \u00e9tudier et \u00e0 concevoir de nouvelles gammes avec des r\u00e9frig\u00e9rants naturels et dont le PRG est inf\u00e9rieur \u00e0 celui des HFC actuels. Ces nouveaux r\u00e9frig\u00e9rants sont le CO2 (R744) et le NH3 (R717).<\/p><p>Les principales raisons pour lesquelles nos produits sont con\u00e7us pour fonctionner avec du CO2 sont les suivantes:<\/p>\t\t\t\t\t\t\t\t<\/div>\n\t\t\t\t<\/div>\n\t\t\t\t<div class=\"elementor-element elementor-element-086dd4c elementor-widget elementor-widget-text-editor\" data-id=\"086dd4c\" data-element_type=\"widget\" data-widget_type=\"text-editor.default\">\n\t\t\t\t<div class=\"elementor-widget-container\">\n\t\t\t\t\t\t\t\t\t<p>&#8211; C&rsquo;est un fluide naturel qui a un impact minime sur le r\u00e9chauffement de la plan\u00e8te (PRG = 1).<\/p><p>&#8211; Ce n&rsquo;est pas un fluide inflammable.<\/p><p>&#8211; Il est non-toxique.<\/p>\t\t\t\t\t\t\t\t<\/div>\n\t\t\t\t<\/div>\n\t\t\t\t<div class=\"elementor-element elementor-element-9884500 elementor-widget elementor-widget-text-editor\" data-id=\"9884500\" data-element_type=\"widget\" data-widget_type=\"text-editor.default\">\n\t\t\t\t<div class=\"elementor-widget-container\">\n\t\t\t\t\t\t\t\t\t<p>Tous nos produits sont con\u00e7us pour fonctionner avec du Co2 \u00e0 Ps45, Ps60 et Ps80. En ce qui concerne l&rsquo;ammoniac (R717), son PRP est de 0, bien qu&rsquo;il s&rsquo;agisse d&rsquo;un fluide inflammable et toxique, il pr\u00e9sente de tr\u00e8s bonnes performances et il a \u00e9t\u00e9 d\u00e9cid\u00e9 de l&rsquo;adopter ; toutefois, en tenant compte de toutes les difficult\u00e9s techniques li\u00e9es \u00e0 la conception de cet \u00e9quipement. Les gammes CUBE et DUAL ont \u00e9t\u00e9 con\u00e7ues pour fonctionner avec le R717.<\/p>\t\t\t\t\t\t\t\t<\/div>\n\t\t\t\t<\/div>\n\t\t\t\t<div class=\"elementor-element elementor-element-6cb4a76 elementor-widget elementor-widget-text-editor\" data-id=\"6cb4a76\" data-element_type=\"widget\" data-widget_type=\"text-editor.default\">\n\t\t\t\t<div class=\"elementor-widget-container\">\n\t\t\t\t\t\t\t\t\t<p>Nous mettons en \u0153uvre des moteurs conformes \u00e0 la norme ErP2015, qui sont plus efficaces, ainsi que des moteurs \u00e9lectroniques dot\u00e9s de la technologie EC, qui permettent de r\u00e9aliser d&rsquo;importantes \u00e9conomies d&rsquo;\u00e9nergie.<\/p>\t\t\t\t\t\t\t\t<\/div>\n\t\t\t\t<\/div>\n\t\t\t\t<div class=\"elementor-element elementor-element-ee64493 elementor-widget elementor-widget-text-editor\" data-id=\"ee64493\" data-element_type=\"widget\" data-widget_type=\"text-editor.default\">\n\t\t\t\t<div class=\"elementor-widget-container\">\n\t\t\t\t\t\t\t\t\t<p>Nous concevons et fabriquons conform\u00e9ment aux r\u00e9glementations ROHS. Nous veillons \u00e0 ce que tous les mat\u00e9riaux et composants que nous utilisons soient 100% recyclables, et nous r\u00e9duisons autant que possible les \u00e9l\u00e9ments jetables, tels que les emballages<\/p>\t\t\t\t\t\t\t\t<\/div>\n\t\t\t\t<\/div>\n\t\t\t\t<div class=\"elementor-element elementor-element-5a9e211 elementor-align-center elementor-widget elementor-widget-button\" data-id=\"5a9e211\" data-element_type=\"widget\" data-widget_type=\"button.default\">\n\t\t\t\t<div class=\"elementor-widget-container\">\n\t\t\t\t\t\t\t\t\t<div class=\"elementor-button-wrapper\">\n\t\t\t\t\t<a class=\"elementor-button elementor-button-link elementor-size-sm\" href=\"\/wp-content\/uploads\/2021\/11\/SOSTENIBILIDAD_Compromiso_verde.pdf\">\n\t\t\t\t\t\t<span class=\"elementor-button-content-wrapper\">\n\t\t\t\t\t\t\t\t\t<span class=\"elementor-button-text\">T\u00c9L\u00c9CHARGEZ ICI NOTRE ENGAGEMENT VERT<\/span>\n\t\t\t\t\t<\/span>\n\t\t\t\t\t<\/a>\n\t\t\t\t<\/div>\n\t\t\t\t\t\t\t\t<\/div>\n\t\t\t\t<\/div>\n\t\t\t\t\t<\/div>\n\t\t<\/div>\n\t\t\t\t\t<\/div>\n\t\t<\/section>\n\t\t\t\t<\/div>\n\t\t","protected":false},"excerpt":{"rendered":"<p>durabilit\u00e9 Chez GC Refrigeration, nous nous engageons en faveur de l&rsquo;environnement et sommes conscients de la n\u00e9cessit\u00e9 de d\u00e9velopper des produits de plus en plus efficaces et respectueux de l&rsquo;environnement. Le r\u00e8glement europ\u00e9en n\u00b0517\/2014 (F-Gas), met en avant la r\u00e9duction des fluides \u00e0 fort potentiel de r\u00e9chauffement global (PRG). Selon ce r\u00e8glement, une r\u00e9duction progressive [&hellip;]<\/p>\n","protected":false},"author":1,"featured_media":0,"parent":0,"menu_order":0,"comment_status":"closed","ping_status":"closed","template":"elementor_header_footer","meta":{"inline_featured_image":false,"footnotes":""},"class_list":["post-2180","page","type-page","status-publish","hentry"],"yoast_head":"<!-- This site is optimized with the Yoast SEO plugin v25.8 - https:\/\/yoast.com\/wordpress\/plugins\/seo\/ -->\n<title>Durabilit\u00e9 - Garc\u00eda C\u00e1mara<\/title>\n<meta name=\"robots\" content=\"index, follow, max-snippet:-1, max-image-preview:large, max-video-preview:-1\" \/>\n<link rel=\"canonical\" href=\"https:\/\/garciacamara.com\/sostenibilidad\/\" \/>\n<meta property=\"og:locale\" content=\"fr_FR\" \/>\n<meta property=\"og:type\" content=\"article\" \/>\n<meta property=\"og:title\" content=\"Durabilit\u00e9 - Garc\u00eda C\u00e1mara\" \/>\n<meta property=\"og:description\" content=\"durabilit\u00e9 Chez GC Refrigeration, nous nous engageons en faveur de l&rsquo;environnement et sommes conscients de la n\u00e9cessit\u00e9 de d\u00e9velopper des produits de plus en plus efficaces et respectueux de l&rsquo;environnement. Le r\u00e8glement europ\u00e9en n\u00b0517\/2014 (F-Gas), met en avant la r\u00e9duction des fluides \u00e0 fort potentiel de r\u00e9chauffement global (PRG). Selon ce r\u00e8glement, une r\u00e9duction progressive [&hellip;]\" \/>\n<meta property=\"og:url\" content=\"https:\/\/garciacamara.com\/sostenibilidad\/\" \/>\n<meta property=\"og:site_name\" content=\"Garc\u00eda C\u00e1mara\" \/>\n<meta property=\"article:modified_time\" content=\"2022-10-24T10:31:09+00:00\" \/>\n<meta name=\"twitter:card\" content=\"summary_large_image\" \/>\n<meta name=\"twitter:label1\" content=\"Dur\u00e9e de lecture estim\u00e9e\" \/>\n\t<meta name=\"twitter:data1\" content=\"2 minutes\" \/>\n<script type=\"application\/ld+json\" class=\"yoast-schema-graph\">{\"@context\":\"https:\/\/schema.org\",\"@graph\":[{\"@type\":\"WebPage\",\"@id\":\"https:\/\/garciacamara.com\/sostenibilidad\/\",\"url\":\"https:\/\/garciacamara.com\/sostenibilidad\/\",\"name\":\"Durabilit\u00e9 - Garc\u00eda C\u00e1mara\",\"isPartOf\":{\"@id\":\"https:\/\/garciacamara.com\/#website\"},\"datePublished\":\"2021-11-08T09:05:52+00:00\",\"dateModified\":\"2022-10-24T10:31:09+00:00\",\"breadcrumb\":{\"@id\":\"https:\/\/garciacamara.com\/sostenibilidad\/#breadcrumb\"},\"inLanguage\":\"fr-FR\",\"potentialAction\":[{\"@type\":\"ReadAction\",\"target\":[\"https:\/\/garciacamara.com\/sostenibilidad\/\"]}]},{\"@type\":\"BreadcrumbList\",\"@id\":\"https:\/\/garciacamara.com\/sostenibilidad\/#breadcrumb\",\"itemListElement\":[{\"@type\":\"ListItem\",\"position\":1,\"name\":\"Home\",\"item\":\"https:\/\/garciacamara.com\/\"},{\"@type\":\"ListItem\",\"position\":2,\"name\":\"Durabilit\u00e9\"}]},{\"@type\":\"WebSite\",\"@id\":\"https:\/\/garciacamara.com\/#website\",\"url\":\"https:\/\/garciacamara.com\/\",\"name\":\"Garc\u00eda C\u00e1mara\",\"description\":\"Fabricaci\u00f3n de intercambiadores de calor desde 1942.\",\"publisher\":{\"@id\":\"https:\/\/garciacamara.com\/#organization\"},\"potentialAction\":[{\"@type\":\"SearchAction\",\"target\":{\"@type\":\"EntryPoint\",\"urlTemplate\":\"https:\/\/garciacamara.com\/?s={search_term_string}\"},\"query-input\":{\"@type\":\"PropertyValueSpecification\",\"valueRequired\":true,\"valueName\":\"search_term_string\"}}],\"inLanguage\":\"fr-FR\"},{\"@type\":\"Organization\",\"@id\":\"https:\/\/garciacamara.com\/#organization\",\"name\":\"Garc\u00eda C\u00e1mara\",\"url\":\"https:\/\/garciacamara.com\/\",\"logo\":{\"@type\":\"ImageObject\",\"inLanguage\":\"fr-FR\",\"@id\":\"https:\/\/garciacamara.com\/#\/schema\/logo\/image\/\",\"url\":\"https:\/\/garciacamara.com\/wp-content\/uploads\/2022\/03\/logo-garcia-camara-gc-4.svg\",\"contentUrl\":\"https:\/\/garciacamara.com\/wp-content\/uploads\/2022\/03\/logo-garcia-camara-gc-4.svg\",\"width\":1,\"height\":1,\"caption\":\"Garc\u00eda C\u00e1mara\"},\"image\":{\"@id\":\"https:\/\/garciacamara.com\/#\/schema\/logo\/image\/\"}}]}<\/script>\n<!-- \/ Yoast SEO plugin. -->","yoast_head_json":{"title":"Durabilit\u00e9 - Garc\u00eda C\u00e1mara","robots":{"index":"index","follow":"follow","max-snippet":"max-snippet:-1","max-image-preview":"max-image-preview:large","max-video-preview":"max-video-preview:-1"},"canonical":"https:\/\/garciacamara.com\/sostenibilidad\/","og_locale":"fr_FR","og_type":"article","og_title":"Durabilit\u00e9 - Garc\u00eda C\u00e1mara","og_description":"durabilit\u00e9 Chez GC Refrigeration, nous nous engageons en faveur de l&rsquo;environnement et sommes conscients de la n\u00e9cessit\u00e9 de d\u00e9velopper des produits de plus en plus efficaces et respectueux de l&rsquo;environnement. Le r\u00e8glement europ\u00e9en n\u00b0517\/2014 (F-Gas), met en avant la r\u00e9duction des fluides \u00e0 fort potentiel de r\u00e9chauffement global (PRG). Selon ce r\u00e8glement, une r\u00e9duction progressive [&hellip;]","og_url":"https:\/\/garciacamara.com\/sostenibilidad\/","og_site_name":"Garc\u00eda C\u00e1mara","article_modified_time":"2022-10-24T10:31:09+00:00","twitter_card":"summary_large_image","twitter_misc":{"Dur\u00e9e de lecture estim\u00e9e":"2 minutes"},"schema":{"@context":"https:\/\/schema.org","@graph":[{"@type":"WebPage","@id":"https:\/\/garciacamara.com\/sostenibilidad\/","url":"https:\/\/garciacamara.com\/sostenibilidad\/","name":"Durabilit\u00e9 - Garc\u00eda C\u00e1mara","isPartOf":{"@id":"https:\/\/garciacamara.com\/#website"},"datePublished":"2021-11-08T09:05:52+00:00","dateModified":"2022-10-24T10:31:09+00:00","breadcrumb":{"@id":"https:\/\/garciacamara.com\/sostenibilidad\/#breadcrumb"},"inLanguage":"fr-FR","potentialAction":[{"@type":"ReadAction","target":["https:\/\/garciacamara.com\/sostenibilidad\/"]}]},{"@type":"BreadcrumbList","@id":"https:\/\/garciacamara.com\/sostenibilidad\/#breadcrumb","itemListElement":[{"@type":"ListItem","position":1,"name":"Home","item":"https:\/\/garciacamara.com\/"},{"@type":"ListItem","position":2,"name":"Durabilit\u00e9"}]},{"@type":"WebSite","@id":"https:\/\/garciacamara.com\/#website","url":"https:\/\/garciacamara.com\/","name":"Garc\u00eda C\u00e1mara","description":"Fabricaci\u00f3n de intercambiadores de calor desde 1942.","publisher":{"@id":"https:\/\/garciacamara.com\/#organization"},"potentialAction":[{"@type":"SearchAction","target":{"@type":"EntryPoint","urlTemplate":"https:\/\/garciacamara.com\/?s={search_term_string}"},"query-input":{"@type":"PropertyValueSpecification","valueRequired":true,"valueName":"search_term_string"}}],"inLanguage":"fr-FR"},{"@type":"Organization","@id":"https:\/\/garciacamara.com\/#organization","name":"Garc\u00eda C\u00e1mara","url":"https:\/\/garciacamara.com\/","logo":{"@type":"ImageObject","inLanguage":"fr-FR","@id":"https:\/\/garciacamara.com\/#\/schema\/logo\/image\/","url":"https:\/\/garciacamara.com\/wp-content\/uploads\/2022\/03\/logo-garcia-camara-gc-4.svg","contentUrl":"https:\/\/garciacamara.com\/wp-content\/uploads\/2022\/03\/logo-garcia-camara-gc-4.svg","width":1,"height":1,"caption":"Garc\u00eda C\u00e1mara"},"image":{"@id":"https:\/\/garciacamara.com\/#\/schema\/logo\/image\/"}}]}},"_links":{"self":[{"href":"https:\/\/garciacamara.com\/fr\/wp-json\/wp\/v2\/pages\/2180","targetHints":{"allow":["GET"]}}],"collection":[{"href":"https:\/\/garciacamara.com\/fr\/wp-json\/wp\/v2\/pages"}],"about":[{"href":"https:\/\/garciacamara.com\/fr\/wp-json\/wp\/v2\/types\/page"}],"author":[{"embeddable":true,"href":"https:\/\/garciacamara.com\/fr\/wp-json\/wp\/v2\/users\/1"}],"replies":[{"embeddable":true,"href":"https:\/\/garciacamara.com\/fr\/wp-json\/wp\/v2\/comments?post=2180"}],"version-history":[{"count":10,"href":"https:\/\/garciacamara.com\/fr\/wp-json\/wp\/v2\/pages\/2180\/revisions"}],"predecessor-version":[{"id":2261,"href":"https:\/\/garciacamara.com\/fr\/wp-json\/wp\/v2\/pages\/2180\/revisions\/2261"}],"wp:attachment":[{"href":"https:\/\/garciacamara.com\/fr\/wp-json\/wp\/v2\/media?parent=2180"}],"curies":[{"name":"wp","href":"https:\/\/api.w.org\/{rel}","templated":true}]}}