{"id":2207,"date":"2021-11-09T08:23:56","date_gmt":"2021-11-09T08:23:56","guid":{"rendered":"https:\/\/garciacamara.com\/?page_id=2207"},"modified":"2022-10-25T06:47:25","modified_gmt":"2022-10-25T06:47:25","slug":"refroidisseurs-de-gaz","status":"publish","type":"page","link":"https:\/\/garciacamara.com\/fr\/catalogue\/refroidisseurs-de-gaz\/","title":{"rendered":"Refroidisseurs de gaz"},"content":{"rendered":"\t\t<div data-elementor-type=\"wp-page\" data-elementor-id=\"2207\" class=\"elementor elementor-2207 elementor-401\" data-elementor-post-type=\"page\">\n\t\t\t\t\t\t<section class=\"elementor-section elementor-top-section elementor-element elementor-element-3c1d781 elementor-section-full_width elementor-section-height-default elementor-section-height-default\" data-id=\"3c1d781\" data-element_type=\"section\" data-settings=\"{&quot;background_background&quot;:&quot;classic&quot;}\">\n\t\t\t\t\t\t<div class=\"elementor-container elementor-column-gap-default\">\n\t\t\t\t\t<div class=\"elementor-column elementor-col-100 elementor-top-column elementor-element elementor-element-7b91e14\" data-id=\"7b91e14\" data-element_type=\"column\">\n\t\t\t<div class=\"elementor-widget-wrap elementor-element-populated\">\n\t\t\t\t\t\t<div class=\"elementor-element elementor-element-8f52719 elementor-widget elementor-widget-spacer\" data-id=\"8f52719\" data-element_type=\"widget\" data-widget_type=\"spacer.default\">\n\t\t\t\t<div class=\"elementor-widget-container\">\n\t\t\t\t\t\t\t<div class=\"elementor-spacer\">\n\t\t\t<div class=\"elementor-spacer-inner\"><\/div>\n\t\t<\/div>\n\t\t\t\t\t\t<\/div>\n\t\t\t\t<\/div>\n\t\t\t\t\t<\/div>\n\t\t<\/div>\n\t\t\t\t\t<\/div>\n\t\t<\/section>\n\t\t\t\t<section class=\"elementor-section elementor-top-section elementor-element elementor-element-e437347 elementor-section-boxed elementor-section-height-default elementor-section-height-default\" data-id=\"e437347\" data-element_type=\"section\">\n\t\t\t\t\t\t<div class=\"elementor-container elementor-column-gap-default\">\n\t\t\t\t\t<div class=\"elementor-column elementor-col-100 elementor-top-column elementor-element elementor-element-c7f9636\" data-id=\"c7f9636\" data-element_type=\"column\" data-settings=\"{&quot;background_background&quot;:&quot;classic&quot;}\">\n\t\t\t<div class=\"elementor-widget-wrap elementor-element-populated\">\n\t\t\t\t\t\t<div class=\"elementor-element elementor-element-59aa32f elementor-widget elementor-widget-heading\" data-id=\"59aa32f\" data-element_type=\"widget\" data-widget_type=\"heading.default\">\n\t\t\t\t<div class=\"elementor-widget-container\">\n\t\t\t\t\t<h2 class=\"elementor-heading-title elementor-size-default\">Cat\u00e1logo<\/h2>\t\t\t\t<\/div>\n\t\t\t\t<\/div>\n\t\t\t\t\t<\/div>\n\t\t<\/div>\n\t\t\t\t\t<\/div>\n\t\t<\/section>\n\t\t\t\t<section class=\"elementor-section elementor-top-section elementor-element elementor-element-36b45da elementor-section-boxed elementor-section-height-default elementor-section-height-default\" data-id=\"36b45da\" data-element_type=\"section\">\n\t\t\t\t\t\t<div class=\"elementor-container elementor-column-gap-default\">\n\t\t\t\t\t<div class=\"elementor-column elementor-col-50 elementor-top-column elementor-element elementor-element-1734bb5\" data-id=\"1734bb5\" data-element_type=\"column\" data-settings=\"{&quot;background_background&quot;:&quot;classic&quot;}\">\n\t\t\t<div class=\"elementor-widget-wrap elementor-element-populated\">\n\t\t\t\t\t\t<div class=\"elementor-element elementor-element-1ce3e3e elementor-widget elementor-widget-text-editor\" data-id=\"1ce3e3e\" data-element_type=\"widget\" data-widget_type=\"text-editor.default\">\n\t\t\t\t<div class=\"elementor-widget-container\">\n\t\t\t\t\t\n\t\t\t\t\t\t\t\t\t<div id=\"menu-catalogo\">\n\t\t\t\t\t\t\t<a id=\"menu-opt-evaporadores\" href=\"\/fr\/catalogue\/evaporateurs\/\">Evaporateurs<\/a>\n\t\t\t\t\t\t\t<a id=\"menu-opt-condensadores\" href=\"\/fr\/catalogue\/condensateurs\/\">Condensateurs<\/a>\n\t\t\t\t\t\t\t<a id=\"menu-opt-gascoolers\" href=\"\/fr\/catalogue\/refroidisseurs-de-gaz\/\">Refroidisseurs de gaz<\/a>\n\t\t\t\t\t\t\t<a id=\"menu-opt-drycoolers\" href=\"\/fr\/catalogue\/refroidisseurs-a-sec\/\">Refroidisseurs \u00e0 sec<\/a>\n\t\t\t\t\t\t\t<a id=\"menu-opt-oems\" href=\"\/fr\/catalogue\/oems\/\">OEMs<\/a>\n\t\t\t\t\t\t<\/div>\n\t\t\t\t\t\n\t\t\t<script>\n\t\t\t\tif ( window.location.href.indexOf(\"\/evaporadores\") > -1 || window.location.href.indexOf(\"\/evaporators\") > -1 ) {\n\t\t\t\t\tjQuery(\"#menu-opt-evaporadores\").addClass(\"menu-catalogo-active\");\n\t\t\t\t}\n\t\t\t\telse if ( window.location.href.indexOf(\"\/condensadores\") > -1 || window.location.href.indexOf(\"\/condensers\") > -1 ) {\n\t\t\t\t\tjQuery(\"#menu-opt-condensadores\").addClass(\"menu-catalogo-active\");\n\t\t\t\t}\n\t\t\t\telse if ( window.location.href.indexOf(\"\/gascoolers\") > -1 ) {\n\t\t\t\t\tjQuery(\"#menu-opt-gascoolers\").addClass(\"menu-catalogo-active\");\n\t\t\t\t}\n\t\t\t\telse if ( window.location.href.indexOf(\"\/drycoolers\") > -1 ) {\n\t\t\t\t\tjQuery(\"#menu-opt-drycoolers\").addClass(\"menu-catalogo-active\");\n\t\t\t\t}\n\t\t\t\telse if ( window.location.href.indexOf(\"\/oems\") > -1 ) {\n\t\t\t\t\tjQuery(\"#menu-opt-oems\").addClass(\"menu-catalogo-active\");\n\t\t\t\t}\n\t\t\t<\/script>\n\n\t\t\t<style>\n\t\t\t\t#menu-catalogo {\n\t\t\t\t\tbackground-color: #fafafa;\n\t\t\t\t\tborder-radius: 15px;\n\t\t\t\t\tpadding: 30px;\n\t\t\t\t\tpadding-left: 50px;\n\t\t\t\t}\n\t\t\t\t#menu-catalogo a {\n\t\t\t\t\tdisplay: block;\n\t\t\t\t\tcolor: black;\n\t\t\t\t\tfont-weight: 600;\n\t\t\t\t\ttext-transform: uppercase;\n\t\t\t\t\tfont-size: 15px;\n\t\t\t\t\tmargin-bottom: 10px;\n\t\t\t\t\ttransition: 0.3s;\n\t\t\t\t\tposition: relative;\n\t\t\t\t\tleft: 0px;\n\t\t\t\t}\n\t\t\t\t#menu-catalogo a:before {\n\t\t\t\t\tborder-left: 2px solid #549ACD;\n\t\t\t\t\tborder-top: 2px solid #549ACD;\n\t\t\t\t\twidth: 8px;\n\t\t\t\t\tcontent: '';\n\t\t\t\t\theight: 8px;\n\t\t\t\t\ttransform: rotate(-225deg);\n\t\t\t\t\tmargin-top: 7px;\n\t\t\t\t\tleft: -20px;\n\t\t\t\t\tposition: absolute;\n\t\t\t\t\ttransition: 0.3s;\n\t\t\t\t} \n\t\t\t\t#menu-catalogo a:hover, #menu-catalogo a.menu-catalogo-active {\n\t\t\t\t\tcolor: #549ACD;\n\t\t\t\t\ttransition: 0.3s;\n\t\t\t\t\tposition: relative;\n\t\t\t\t\tleft: 5px;\n\t\t\t\t}\n\t\t\t\t#menu-catalogo a:hover:before, #menu-catalogo a.menu-catalogo-active:before {\n\t\t\t\t\tleft: -25px;\n\t\t\t\t\ttransition: 0.3s;\n\t\t\t\t}\n\t\t\t<\/style>\n\n\t\t\t\t\t\t<\/div>\n\t\t\t\t<\/div>\n\t\t\t\t<div class=\"elementor-element elementor-element-d4de9f2 elementor-align-left elementor-widget elementor-widget-button\" data-id=\"d4de9f2\" data-element_type=\"widget\" data-widget_type=\"button.default\">\n\t\t\t\t<div class=\"elementor-widget-container\">\n\t\t\t\t\t\t\t\t\t<div class=\"elementor-button-wrapper\">\n\t\t\t\t\t<a class=\"elementor-button elementor-button-link elementor-size-sm\" href=\"\/wp-content\/uploads\/2021\/11\/garcia-camara-catalogo-producto.pdf\">\n\t\t\t\t\t\t<span class=\"elementor-button-content-wrapper\">\n\t\t\t\t\t\t<span class=\"elementor-button-icon\">\n\t\t\t\t<i aria-hidden=\"true\" class=\"fas fa-download\"><\/i>\t\t\t<\/span>\n\t\t\t\t\t\t\t\t\t<span class=\"elementor-button-text\">Descargar cat\u00e1logo<\/span>\n\t\t\t\t\t<\/span>\n\t\t\t\t\t<\/a>\n\t\t\t\t<\/div>\n\t\t\t\t\t\t\t\t<\/div>\n\t\t\t\t<\/div>\n\t\t\t\t\t<\/div>\n\t\t<\/div>\n\t\t\t\t<div class=\"elementor-column elementor-col-50 elementor-top-column elementor-element elementor-element-29624b3\" data-id=\"29624b3\" data-element_type=\"column\">\n\t\t\t<div class=\"elementor-widget-wrap elementor-element-populated\">\n\t\t\t\t\t\t<div class=\"elementor-element elementor-element-e13950b elementor-widget elementor-widget-text-editor\" data-id=\"e13950b\" data-element_type=\"widget\" data-widget_type=\"text-editor.default\">\n\t\t\t\t<div class=\"elementor-widget-container\">\n\t\t\t\t\t\t\t\t\t<style>.wp-show-posts-columns#wpsp-400 {margin-left: -2em; }.wp-show-posts-columns#wpsp-400 .wp-show-posts-inner {margin: 0 0 2em 2em; }<\/style><section id=\"wpsp-400\" class=\" wp-show-posts-columns wp-show-posts\" style=\"\"><article class=\" wp-show-posts-single post-2331 producto type-producto status-publish has-post-thumbnail hentry tipo_de_producto-refroidisseurs-de-gaz wpsp-col-4\" itemtype=\"http:\/\/schema.org\/CreativeWork\" itemscope><div class=\"wp-show-posts-inner\" style=\"\">\t\t<div class=\"wp-show-posts-image  wpsp-image-center \">\n\t\t\t<a href=\"https:\/\/garciacamara.com\/wp-content\/uploads\/2021\/11\/22.-Cooler_AXG.pdf\"  title=\"GAMME AXG\"><img fetchpriority=\"high\" decoding=\"async\" width=\"1760\" height=\"1444\" src=\"https:\/\/garciacamara.com\/wp-content\/uploads\/2021\/11\/22.-COOLER_AXG_GC-Cata\u0301logo-Espan\u0303ol-2021-V1_Pa\u0301gina_116_Imagen_0001.jpg\" class=\"attachment-full size-full wp-post-image\" alt=\"\" itemprop=\"image\" srcset=\"https:\/\/garciacamara.com\/wp-content\/uploads\/2021\/11\/22.-COOLER_AXG_GC-Cata\u0301logo-Espan\u0303ol-2021-V1_Pa\u0301gina_116_Imagen_0001.jpg 1760w, https:\/\/garciacamara.com\/wp-content\/uploads\/2021\/11\/22.-COOLER_AXG_GC-Cata\u0301logo-Espan\u0303ol-2021-V1_Pa\u0301gina_116_Imagen_0001-300x246.jpg 300w, https:\/\/garciacamara.com\/wp-content\/uploads\/2021\/11\/22.-COOLER_AXG_GC-Cata\u0301logo-Espan\u0303ol-2021-V1_Pa\u0301gina_116_Imagen_0001-1024x840.jpg 1024w, https:\/\/garciacamara.com\/wp-content\/uploads\/2021\/11\/22.-COOLER_AXG_GC-Cata\u0301logo-Espan\u0303ol-2021-V1_Pa\u0301gina_116_Imagen_0001-768x630.jpg 768w, https:\/\/garciacamara.com\/wp-content\/uploads\/2021\/11\/22.-COOLER_AXG_GC-Cata\u0301logo-Espan\u0303ol-2021-V1_Pa\u0301gina_116_Imagen_0001-1536x1260.jpg 1536w\" sizes=\"(max-width: 1760px) 100vw, 1760px\" \/><\/a>\t\t<\/div>\n\t\t\t\t\t\t\t\t<header class=\"wp-show-posts-entry-header\">\n\t\t\t\t\t\t\t<h2 class=\"wp-show-posts-entry-title\" itemprop=\"headline\"><a href=\"https:\/\/garciacamara.com\/fr\/producto\/gamme-axg\/\" rel=\"bookmark\">GAMME AXG<\/a><\/h2>\t\t\t\t\t\t<\/header><!-- .entry-header -->\n\t\t\t\t\t<span class='my-product-desc'>Refroidisseurs \u00e0 gaz<\/span><span class='my-product-label'>Plage de travail:<\/span>120 &#8211; 1.000 kW\t\t\t\t\t\t<div class=\"wp-show-posts-entry-summary\" itemprop=\"text\">\n\t\t\t\t\t\t\t\t\t\t\t\t\t<\/div><!-- .entry-summary -->\n\t\t\t\t\t<a class=\"my-product-btn\" href=\"https:\/\/garciacamara.com\/wp-content\/uploads\/2021\/11\/22.-Cooler_AXG.pdf\">+ Plus inf.<\/a><\/div><!-- wp-show-posts-inner --><\/article><article class=\" wp-show-posts-single post-2308 producto type-producto status-publish has-post-thumbnail hentry tipo_de_producto-refroidisseurs-de-gaz wpsp-col-4\" itemtype=\"http:\/\/schema.org\/CreativeWork\" itemscope><div class=\"wp-show-posts-inner\" style=\"\">\t\t<div class=\"wp-show-posts-image  wpsp-image-center \">\n\t\t\t<a href=\"https:\/\/garciacamara.com\/wp-content\/uploads\/2021\/11\/23.-Cooler_RGS.pdf\"  title=\"GAMME RGS\"><img decoding=\"async\" width=\"1854\" height=\"1397\" src=\"https:\/\/garciacamara.com\/wp-content\/uploads\/2021\/11\/23.-COOLER_RGS_GC-Cata\u0301logo-Espan\u0303ol-2021-V1_Pa\u0301gina_120_Imagen_0001.jpg\" class=\"attachment-full size-full wp-post-image\" alt=\"\" itemprop=\"image\" srcset=\"https:\/\/garciacamara.com\/wp-content\/uploads\/2021\/11\/23.-COOLER_RGS_GC-Cata\u0301logo-Espan\u0303ol-2021-V1_Pa\u0301gina_120_Imagen_0001.jpg 1854w, https:\/\/garciacamara.com\/wp-content\/uploads\/2021\/11\/23.-COOLER_RGS_GC-Cata\u0301logo-Espan\u0303ol-2021-V1_Pa\u0301gina_120_Imagen_0001-300x226.jpg 300w, https:\/\/garciacamara.com\/wp-content\/uploads\/2021\/11\/23.-COOLER_RGS_GC-Cata\u0301logo-Espan\u0303ol-2021-V1_Pa\u0301gina_120_Imagen_0001-1024x772.jpg 1024w, https:\/\/garciacamara.com\/wp-content\/uploads\/2021\/11\/23.-COOLER_RGS_GC-Cata\u0301logo-Espan\u0303ol-2021-V1_Pa\u0301gina_120_Imagen_0001-768x579.jpg 768w, https:\/\/garciacamara.com\/wp-content\/uploads\/2021\/11\/23.-COOLER_RGS_GC-Cata\u0301logo-Espan\u0303ol-2021-V1_Pa\u0301gina_120_Imagen_0001-1536x1157.jpg 1536w\" sizes=\"(max-width: 1854px) 100vw, 1854px\" \/><\/a>\t\t<\/div>\n\t\t\t\t\t\t\t\t<header class=\"wp-show-posts-entry-header\">\n\t\t\t\t\t\t\t<h2 class=\"wp-show-posts-entry-title\" itemprop=\"headline\"><a href=\"https:\/\/garciacamara.com\/fr\/producto\/gamme-rgs\/\" rel=\"bookmark\">GAMME RGS<\/a><\/h2>\t\t\t\t\t\t<\/header><!-- .entry-header -->\n\t\t\t\t\t<span class='my-product-desc'>Refroidisseur de gaz radial<\/span><span class='my-product-label'>Plage de travail:<\/span>20  &#8211;  260 kW\t\t\t\t\t\t<div class=\"wp-show-posts-entry-summary\" itemprop=\"text\">\n\t\t\t\t\t\t\t\t\t\t\t\t\t<\/div><!-- .entry-summary -->\n\t\t\t\t\t<a class=\"my-product-btn\" href=\"https:\/\/garciacamara.com\/wp-content\/uploads\/2021\/11\/23.-Cooler_RGS.pdf\">+ Plus inf.<\/a><\/div><!-- wp-show-posts-inner --><\/article><article class=\" wp-show-posts-single post-2306 producto type-producto status-publish has-post-thumbnail hentry tipo_de_producto-refroidisseurs-de-gaz wpsp-col-4\" itemtype=\"http:\/\/schema.org\/CreativeWork\" itemscope><div class=\"wp-show-posts-inner\" style=\"\">\t\t<div class=\"wp-show-posts-image  wpsp-image-center \">\n\t\t\t<a href=\"https:\/\/garciacamara.com\/wp-content\/uploads\/2021\/11\/24.-Cooler_GCA.pdf\"  title=\"GAMME GCA\"><img decoding=\"async\" width=\"1831\" height=\"1512\" src=\"https:\/\/garciacamara.com\/wp-content\/uploads\/2021\/11\/24.-COOLER_GCA_GC-Cata\u0301logo-Espan\u0303ol-2021-V1_Pa\u0301gina_124_Imagen_0001.jpg\" class=\"attachment-full size-full wp-post-image\" alt=\"\" itemprop=\"image\" srcset=\"https:\/\/garciacamara.com\/wp-content\/uploads\/2021\/11\/24.-COOLER_GCA_GC-Cata\u0301logo-Espan\u0303ol-2021-V1_Pa\u0301gina_124_Imagen_0001.jpg 1831w, https:\/\/garciacamara.com\/wp-content\/uploads\/2021\/11\/24.-COOLER_GCA_GC-Cata\u0301logo-Espan\u0303ol-2021-V1_Pa\u0301gina_124_Imagen_0001-300x248.jpg 300w, https:\/\/garciacamara.com\/wp-content\/uploads\/2021\/11\/24.-COOLER_GCA_GC-Cata\u0301logo-Espan\u0303ol-2021-V1_Pa\u0301gina_124_Imagen_0001-1024x846.jpg 1024w, https:\/\/garciacamara.com\/wp-content\/uploads\/2021\/11\/24.-COOLER_GCA_GC-Cata\u0301logo-Espan\u0303ol-2021-V1_Pa\u0301gina_124_Imagen_0001-768x634.jpg 768w, https:\/\/garciacamara.com\/wp-content\/uploads\/2021\/11\/24.-COOLER_GCA_GC-Cata\u0301logo-Espan\u0303ol-2021-V1_Pa\u0301gina_124_Imagen_0001-1536x1268.jpg 1536w\" sizes=\"(max-width: 1831px) 100vw, 1831px\" \/><\/a>\t\t<\/div>\n\t\t\t\t\t\t\t\t<header class=\"wp-show-posts-entry-header\">\n\t\t\t\t\t\t\t<h2 class=\"wp-show-posts-entry-title\" itemprop=\"headline\"><a href=\"https:\/\/garciacamara.com\/fr\/producto\/gamme-gca\/\" rel=\"bookmark\">GAMME GCA<\/a><\/h2>\t\t\t\t\t\t<\/header><!-- .entry-header -->\n\t\t\t\t\t<span class='my-product-desc'>Refroidisseur de CO2<\/span>\t\t\t\t\t\t<div class=\"wp-show-posts-entry-summary\" itemprop=\"text\">\n\t\t\t\t\t\t\t\t\t\t\t\t\t<\/div><!-- .entry-summary -->\n\t\t\t\t\t<a class=\"my-product-btn\" href=\"https:\/\/garciacamara.com\/wp-content\/uploads\/2021\/11\/24.-Cooler_GCA.pdf\">+ Plus inf.<\/a><\/div><!-- wp-show-posts-inner --><\/article><div class=\"wpsp-clear\"><\/div><\/section><!-- .wp-show-posts -->\t\t\t\t\t\t\t\t<\/div>\n\t\t\t\t<\/div>\n\t\t\t\t\t<\/div>\n\t\t<\/div>\n\t\t\t\t\t<\/div>\n\t\t<\/section>\n\t\t\t\t<\/div>\n\t\t","protected":false},"excerpt":{"rendered":"<p>Cat\u00e1logo Descargar cat\u00e1logo<\/p>\n","protected":false},"author":1,"featured_media":0,"parent":2217,"menu_order":0,"comment_status":"closed","ping_status":"closed","template":"elementor_header_footer","meta":{"inline_featured_image":false,"footnotes":""},"class_list":["post-2207","page","type-page","status-publish","hentry"],"yoast_head":"<!-- This site is optimized with the Yoast SEO plugin v25.8 - https:\/\/yoast.com\/wordpress\/plugins\/seo\/ -->\n<title>Refroidisseurs de gaz - Garc\u00eda C\u00e1mara<\/title>\n<meta name=\"robots\" content=\"index, follow, max-snippet:-1, max-image-preview:large, max-video-preview:-1\" \/>\n<link rel=\"canonical\" href=\"https:\/\/garciacamara.com\/fr\/catalogue\/refroidisseurs-de-gaz\/\" \/>\n<meta property=\"og:locale\" content=\"fr_FR\" \/>\n<meta property=\"og:type\" content=\"article\" \/>\n<meta property=\"og:title\" content=\"Refroidisseurs de gaz - Garc\u00eda C\u00e1mara\" \/>\n<meta property=\"og:description\" content=\"Cat\u00e1logo Descargar cat\u00e1logo\" \/>\n<meta property=\"og:url\" content=\"https:\/\/garciacamara.com\/fr\/catalogue\/refroidisseurs-de-gaz\/\" \/>\n<meta property=\"og:site_name\" content=\"Garc\u00eda C\u00e1mara\" \/>\n<meta property=\"article:modified_time\" content=\"2022-10-25T06:47:25+00:00\" \/>\n<meta name=\"twitter:card\" content=\"summary_large_image\" \/>\n<meta name=\"twitter:label1\" content=\"Dur\u00e9e de lecture estim\u00e9e\" \/>\n\t<meta name=\"twitter:data1\" content=\"1 minute\" \/>\n<script type=\"application\/ld+json\" class=\"yoast-schema-graph\">{\"@context\":\"https:\/\/schema.org\",\"@graph\":[{\"@type\":\"WebPage\",\"@id\":\"https:\/\/garciacamara.com\/fr\/catalogue\/refroidisseurs-de-gaz\/\",\"url\":\"https:\/\/garciacamara.com\/fr\/catalogue\/refroidisseurs-de-gaz\/\",\"name\":\"Refroidisseurs de gaz - Garc\u00eda C\u00e1mara\",\"isPartOf\":{\"@id\":\"https:\/\/garciacamara.com\/#website\"},\"datePublished\":\"2021-11-09T08:23:56+00:00\",\"dateModified\":\"2022-10-25T06:47:25+00:00\",\"breadcrumb\":{\"@id\":\"https:\/\/garciacamara.com\/fr\/catalogue\/refroidisseurs-de-gaz\/#breadcrumb\"},\"inLanguage\":\"fr-FR\",\"potentialAction\":[{\"@type\":\"ReadAction\",\"target\":[\"https:\/\/garciacamara.com\/fr\/catalogue\/refroidisseurs-de-gaz\/\"]}]},{\"@type\":\"BreadcrumbList\",\"@id\":\"https:\/\/garciacamara.com\/fr\/catalogue\/refroidisseurs-de-gaz\/#breadcrumb\",\"itemListElement\":[{\"@type\":\"ListItem\",\"position\":1,\"name\":\"Home\",\"item\":\"https:\/\/garciacamara.com\/\"},{\"@type\":\"ListItem\",\"position\":2,\"name\":\"Catalogue\",\"item\":\"https:\/\/garciacamara.com\/fr\/catalogue\/\"},{\"@type\":\"ListItem\",\"position\":3,\"name\":\"Refroidisseurs de gaz\"}]},{\"@type\":\"WebSite\",\"@id\":\"https:\/\/garciacamara.com\/#website\",\"url\":\"https:\/\/garciacamara.com\/\",\"name\":\"Garc\u00eda C\u00e1mara\",\"description\":\"Fabricaci\u00f3n de intercambiadores de calor desde 1942.\",\"publisher\":{\"@id\":\"https:\/\/garciacamara.com\/#organization\"},\"potentialAction\":[{\"@type\":\"SearchAction\",\"target\":{\"@type\":\"EntryPoint\",\"urlTemplate\":\"https:\/\/garciacamara.com\/?s={search_term_string}\"},\"query-input\":{\"@type\":\"PropertyValueSpecification\",\"valueRequired\":true,\"valueName\":\"search_term_string\"}}],\"inLanguage\":\"fr-FR\"},{\"@type\":\"Organization\",\"@id\":\"https:\/\/garciacamara.com\/#organization\",\"name\":\"Garc\u00eda C\u00e1mara\",\"url\":\"https:\/\/garciacamara.com\/\",\"logo\":{\"@type\":\"ImageObject\",\"inLanguage\":\"fr-FR\",\"@id\":\"https:\/\/garciacamara.com\/#\/schema\/logo\/image\/\",\"url\":\"https:\/\/garciacamara.com\/wp-content\/uploads\/2022\/03\/logo-garcia-camara-gc-4.svg\",\"contentUrl\":\"https:\/\/garciacamara.com\/wp-content\/uploads\/2022\/03\/logo-garcia-camara-gc-4.svg\",\"width\":1,\"height\":1,\"caption\":\"Garc\u00eda C\u00e1mara\"},\"image\":{\"@id\":\"https:\/\/garciacamara.com\/#\/schema\/logo\/image\/\"}}]}<\/script>\n<!-- \/ Yoast SEO plugin. -->","yoast_head_json":{"title":"Refroidisseurs de gaz - Garc\u00eda C\u00e1mara","robots":{"index":"index","follow":"follow","max-snippet":"max-snippet:-1","max-image-preview":"max-image-preview:large","max-video-preview":"max-video-preview:-1"},"canonical":"https:\/\/garciacamara.com\/fr\/catalogue\/refroidisseurs-de-gaz\/","og_locale":"fr_FR","og_type":"article","og_title":"Refroidisseurs de gaz - Garc\u00eda C\u00e1mara","og_description":"Cat\u00e1logo Descargar cat\u00e1logo","og_url":"https:\/\/garciacamara.com\/fr\/catalogue\/refroidisseurs-de-gaz\/","og_site_name":"Garc\u00eda C\u00e1mara","article_modified_time":"2022-10-25T06:47:25+00:00","twitter_card":"summary_large_image","twitter_misc":{"Dur\u00e9e de lecture estim\u00e9e":"1 minute"},"schema":{"@context":"https:\/\/schema.org","@graph":[{"@type":"WebPage","@id":"https:\/\/garciacamara.com\/fr\/catalogue\/refroidisseurs-de-gaz\/","url":"https:\/\/garciacamara.com\/fr\/catalogue\/refroidisseurs-de-gaz\/","name":"Refroidisseurs de gaz - Garc\u00eda C\u00e1mara","isPartOf":{"@id":"https:\/\/garciacamara.com\/#website"},"datePublished":"2021-11-09T08:23:56+00:00","dateModified":"2022-10-25T06:47:25+00:00","breadcrumb":{"@id":"https:\/\/garciacamara.com\/fr\/catalogue\/refroidisseurs-de-gaz\/#breadcrumb"},"inLanguage":"fr-FR","potentialAction":[{"@type":"ReadAction","target":["https:\/\/garciacamara.com\/fr\/catalogue\/refroidisseurs-de-gaz\/"]}]},{"@type":"BreadcrumbList","@id":"https:\/\/garciacamara.com\/fr\/catalogue\/refroidisseurs-de-gaz\/#breadcrumb","itemListElement":[{"@type":"ListItem","position":1,"name":"Home","item":"https:\/\/garciacamara.com\/"},{"@type":"ListItem","position":2,"name":"Catalogue","item":"https:\/\/garciacamara.com\/fr\/catalogue\/"},{"@type":"ListItem","position":3,"name":"Refroidisseurs de gaz"}]},{"@type":"WebSite","@id":"https:\/\/garciacamara.com\/#website","url":"https:\/\/garciacamara.com\/","name":"Garc\u00eda C\u00e1mara","description":"Fabricaci\u00f3n de intercambiadores de calor desde 1942.","publisher":{"@id":"https:\/\/garciacamara.com\/#organization"},"potentialAction":[{"@type":"SearchAction","target":{"@type":"EntryPoint","urlTemplate":"https:\/\/garciacamara.com\/?s={search_term_string}"},"query-input":{"@type":"PropertyValueSpecification","valueRequired":true,"valueName":"search_term_string"}}],"inLanguage":"fr-FR"},{"@type":"Organization","@id":"https:\/\/garciacamara.com\/#organization","name":"Garc\u00eda C\u00e1mara","url":"https:\/\/garciacamara.com\/","logo":{"@type":"ImageObject","inLanguage":"fr-FR","@id":"https:\/\/garciacamara.com\/#\/schema\/logo\/image\/","url":"https:\/\/garciacamara.com\/wp-content\/uploads\/2022\/03\/logo-garcia-camara-gc-4.svg","contentUrl":"https:\/\/garciacamara.com\/wp-content\/uploads\/2022\/03\/logo-garcia-camara-gc-4.svg","width":1,"height":1,"caption":"Garc\u00eda C\u00e1mara"},"image":{"@id":"https:\/\/garciacamara.com\/#\/schema\/logo\/image\/"}}]}},"_links":{"self":[{"href":"https:\/\/garciacamara.com\/fr\/wp-json\/wp\/v2\/pages\/2207","targetHints":{"allow":["GET"]}}],"collection":[{"href":"https:\/\/garciacamara.com\/fr\/wp-json\/wp\/v2\/pages"}],"about":[{"href":"https:\/\/garciacamara.com\/fr\/wp-json\/wp\/v2\/types\/page"}],"author":[{"embeddable":true,"href":"https:\/\/garciacamara.com\/fr\/wp-json\/wp\/v2\/users\/1"}],"replies":[{"embeddable":true,"href":"https:\/\/garciacamara.com\/fr\/wp-json\/wp\/v2\/comments?post=2207"}],"version-history":[{"count":5,"href":"https:\/\/garciacamara.com\/fr\/wp-json\/wp\/v2\/pages\/2207\/revisions"}],"predecessor-version":[{"id":2282,"href":"https:\/\/garciacamara.com\/fr\/wp-json\/wp\/v2\/pages\/2207\/revisions\/2282"}],"up":[{"embeddable":true,"href":"https:\/\/garciacamara.com\/fr\/wp-json\/wp\/v2\/pages\/2217"}],"wp:attachment":[{"href":"https:\/\/garciacamara.com\/fr\/wp-json\/wp\/v2\/media?parent=2207"}],"curies":[{"name":"wp","href":"https:\/\/api.w.org\/{rel}","templated":true}]}}